{"id":673,"date":"2019-01-29T18:28:20","date_gmt":"2019-01-29T17:28:20","guid":{"rendered":"https:\/\/itcraftapps.com\/?page_id=673"},"modified":"2024-12-20T12:03:23","modified_gmt":"2024-12-20T11:03:23","slug":"polityka-prywatnosci","status":"publish","type":"page","link":"https:\/\/itcraftapps.com\/pl\/polityka-prywatnosci\/","title":{"rendered":"Polityka Prywatno\u015bci"},"content":{"rendered":"\n<h4 class=\"wp-block-heading\"><strong>\u00a71. Informacje og\u00f3lne<\/strong><\/h4>\n\n\n\n<ol class=\"wp-block-list\">\n<li>Polityka Prywatno\u015bci okre\u015bla zasady przetwarzania i ochrony danych osobowych w zwi\u0105zku z korzystaniem przez U\u017cytkownika ze stron WWW Administratora.<\/li>\n\n\n\n<li>U\u017cytkownikiem w rozumieniu niniejszej Polityki Prywatno\u015bci jest osoba fizyczna, sk\u0142adaj\u0105ca zapytanie i\/lub zam\u00f3wienie dotycz\u0105ce us\u0142ug \u015bwiadczonych przez Administratora.<\/li>\n\n\n\n<li>Administratorem Danych Osobowych w rozumieniu przepis\u00f3w rozporz\u0105dzenia Parlamentu Europejskiego i RADY (UE) 2016\/679 z dnia 27 kwietnia 2016 r. w sprawie ochrony os\u00f3b fizycznych w zwi\u0105zku z przetwarzaniem danych osobowych i w sprawie swobodnego przep\u0142ywu takich danych oraz uchylenia dyrektywy 95\/46\/WE (\u201eRODO\u201d) L 119\/40 PL Dziennik Urz\u0119dowy Unii Europejskiej 4.5.2016. jest <strong><a href=\"https:\/\/itcraftapps.com\/pl\/o-nas\/\">itCraft<\/a> sp. z o.o<\/strong>., NIP: 5222966148, REGON: 142693160, z siedzib\u0105 w Warszawie 02-222, Aleje Jerozolimskie 181B, e-mail: <a href=\"mailto:rodo@itcraft.pl\">rodo@itcraft.pl<\/a>.<\/li>\n\n\n\n<li>Kontakt w sprawach dotycz\u0105cych przetwarzania danych przez Administratora: <a href=\"mailto:rodo@itcraft.pl\">rodo@itcraft.pl<\/a><\/li>\n\n\n\n<li>Zakres, cel i okres przetwarzania danych osobowych okre\u015blono w dalszej cz\u0119\u015bci Polityki Prywatno\u015bci.<\/li>\n<\/ol>\n\n\n\n<h4 class=\"wp-block-heading\"><strong>\u00a72. Cel przetwarzania danych przez Administratora<\/strong><\/h4>\n\n\n\n<ol class=\"wp-block-list\">\n<li> U\u017cytkownik powierza przetwarzanie danych osobowych Administratorowi w celu korzystania z serwis\u00f3w WWW Administratora oraz obs\u0142ugi jego zapytania i\/lub zam\u00f3wienia z\u0142o\u017conych przez formularz kontaktowy, w tym przes\u0142ania U\u017cytkownikowi zam\u00f3wionej spersonalizowanej informacji handlowej.<\/li>\n\n\n\n<li> Podanie przez U\u017cytkownika numeru telefonu oznacza zgod\u0119 na kontakt telefoniczny w celach wskazanych w punkcie 1 powy\u017cej.<\/li>\n\n\n\n<li> Podanie przez U\u017cytkownika adresu e-mail oznacza zgod\u0119 na kontakt mailowy w celach wskazanych w punkcie 1 powy\u017cej.<\/li>\n\n\n\n<li> Wyra\u017cenie zgody poprzez podanie danych kontaktowych jest dobrowolne, lecz w niekt\u00f3rych przypadkach mo\u017ce uniemo\u017cliwi\u0107 obs\u0142ug\u0119 zapytania \/ zam\u00f3wienia z\u0142o\u017conego przez formularz kontaktowy.<\/li>\n\n\n\n<li> W przypadku zawarcia wsp\u00f3\u0142pracy do danych mog\u0105 te\u017c mie\u0107 dost\u0119p podwykonawcy (podmioty przetwarzaj\u0105ce), takie jak na przyk\u0142ad: firmy informatyczne w zakresie obs\u0142ugi serwisowej strony oraz aplikacji. <\/li>\n<\/ol>\n\n\n\n<h4 class=\"wp-block-heading\"><strong>\u00a73. Zakres przetwarzania danych przez Administratora<\/strong><\/h4>\n\n\n\n<ol>\n \t<li>Gromadzone na podstawie niniejszej Polityki Prywatno\u015bci dane osobowe U\u017cytkownik\u00f3w obejmuj\u0105 cz\u0119\u015b\u0107 lub wszystkie z wymienionych ni\u017cej danych:\n<ol style=\"margin-left: 2rem;\">\n \t<li><span style=\"font-weight: 400;\">dane U\u017cytkownika:<\/span>\n<ul>\n \t<li>imi\u0119 i nazwisko,<\/li>\n \t<li>numer telefonu kontaktowego<\/li>\n \t<li>adres e-mail do kontaktu.<\/li>\n<\/ul>\n<\/li>\n<\/ol>\n<\/li>\n \t<li>Zakres przetwarzania danych, o kt\u00f3rych mowa powy\u017cej obejmuje tak\u017ce wykonywanie kopii zapasowych.<\/li>\n \t<li>Na stronie internetowej dzia\u0142a zautomatyzowany system, kt\u00f3ry pozwala na monitorowanie zachowania u\u017cytkownika oraz dopasowanie tre\u015bci do zainteresowa\u0144 u\u017cytkownika. System ten jest zintegrowany z naszym serwisem i ka\u017cdy z u\u017cytkownik\u00f3w mo\u017ce w ka\u017cdym czasie zg\u0142osi\u0107 sprzeciw.<\/li>\n \t<li>Administrator wykorzystuje pliki cookies w celu zapewnienia poprawnego dzia\u0142ania serwisu, a w szczeg\u00f3lno\u015bci dostosowania zawarto\u015bci stron internetowych serwisu internetowego do preferencji u\u017cytkownika oraz optymalizacji korzystania ze stron internetowych serwisu. W szczeg\u00f3lno\u015bci pliki te pozwalaj\u0105 rozpozna\u0107 podstawowe parametry urz\u0105dzenia u\u017cytkownika (takie jak: typ urz\u0105dzenia, rozdzielczo\u015b\u0107 ekranu, kraj, z kt\u00f3rego dochodzi do wej\u015bcia) i dzi\u0119ki temu odpowiednio wy\u015bwietli\u0107 stron\u0119 internetow\u0105 dostosowan\u0105 do jego potrzeb.<\/li>\n \t<li>Administrator us\u0142ugi wykorzystuje tak\u017ce cookies w celu zbierania og\u00f3lnych i anonimowych danych statystycznych za po\u015brednictwem narz\u0119dzi analitycznych Google Analytics (administrator cookies: Google Inc z siedzib\u0105 w USA).<\/li>\n \t<li>U\u017cytkownik mo\u017ce samodzielnie i w ka\u017cdym czasie zmieni\u0107 ustawienia dotycz\u0105ce plik\u00f3w cookies, okre\u015blaj\u0105c warunki ich przechowywania i uzyskiwania dost\u0119pu przez pliki cookies do urz\u0105dzenia u\u017cytkownika. Zmiany ustawie\u0144 u\u017cytkownik mo\u017ce dokona\u0107 za pomoc\u0105 ustawie\u0144 przegl\u0105darki internetowej. Ustawienia te mog\u0105 zosta\u0107 zmienione w szczeg\u00f3lno\u015bci w taki spos\u00f3b, aby blokowa\u0107 automatyczn\u0105 obs\u0142ug\u0119 plik\u00f3w cookies w ustawieniach przegl\u0105darki internetowej b\u0105d\u017a informowa\u0107 o ka\u017cdorazowym zamieszczeniu cookies na urz\u0105dzeniu u\u017cytkownika. Szczeg\u00f3\u0142owe informacje o mo\u017cliwo\u015bci i sposobach obs\u0142ugi plik\u00f3w cookies dost\u0119pne s\u0105 w ustawieniach oprogramowania (przegl\u0105darki internetowej).<\/li>\n \t<li>U\u017cytkownik mo\u017ce w ka\u017cdej chwili usun\u0105\u0107 pliki cookies, korzystaj\u0105c z dost\u0119pnych funkcji w przegl\u0105darce internetowej, kt\u00f3rej u\u017cywa.<\/li>\n \t<li>Ograniczenie stosowania plik\u00f3w cookies mo\u017ce wp\u0142yn\u0105\u0107 na niekt\u00f3re funkcjonalno\u015bci dost\u0119pne na stronie internetowej serwisu.<\/li>\n \t<li>Administrator dokona zg\u0142oszenia zbioru danych osobowych U\u017cytkownik\u00f3w do rejestracji w zakresie i na warunkach wymaganym przez RODO lub inne obowi\u0105zuj\u0105ce przepisy.<\/li>\n<\/ol>\n&nbsp;\n\n\n\n<h4 class=\"wp-block-heading\">\u00a74. Prawa U\u017cytkownika, kt\u00f3rego dane s\u0105 przetwarzane<\/h4>\n\n\n\n<ol class=\"wp-block-list\">\n<li>U\u017cytkownikowi przys\u0142uguje prawo do:\n<ol class=\"wp-block-list\">\n<li>dost\u0119pu do swoich danych osobowych,<\/li>\n\n\n\n<li>sprostowania danych osobowych,<\/li>\n\n\n\n<li>usuni\u0119cia danych osobowych,<\/li>\n\n\n\n<li>ograniczenia przetwarzania danych osobowych,<\/li>\n\n\n\n<li>przenoszenia danych osobowych,<\/li>\n\n\n\n<li>wniesienia sprzeciwu do przetwarzania danych osobowych.<\/li>\n<\/ol>\n<\/li>\n\n\n\n<li>Aby skorzysta\u0107 ze swoich uprawnie\u0144, U\u017cytkownik powinien wys\u0142a\u0107 e-mail na adres: <a href=\"mailto:rodo@itcraft.pl\">rodo@itcraft.pl<\/a><\/li>\n\n\n\n<li>Administrator wykonuje \u017c\u0105danie U\u017cytkownika niezw\u0142ocznie, z zastrze\u017ceniem, \u017ce usuni\u0119cie, ograniczenie, przeniesienie oraz zg\u0142oszenie sprzeciwu wzgl\u0119dem przetwarzania danych mo\u017ce mie\u0107 wp\u0142yw na mo\u017cliwo\u015b\u0107 lub zakres prawid\u0142owej obs\u0142ugi z\u0142o\u017conego zapytania \/ zam\u00f3wienia, w tym dostarczenia mu spersonalizowanej informacji handlowej.<\/li>\n<\/ol>\n\n\n\n<h4 class=\"wp-block-heading\">\u00a75. Okres przetwarzania danych osobowych przez Administratora<\/h4>\n\n\n\n<p>Administrator przechowuje dane osobowe U\u017cytkownik\u00f3w przez okres nie d\u0142u\u017cszy, ni\u017c jest to niezb\u0119dne do obs\u0142ugi z\u0142o\u017conego zapytania \/ zam\u00f3wienia, w tym przygotowania spersonalizowanej oferty handlowej oraz umo\u017cliwiaj\u0105cy Administratorowi wykonanie ci\u0105\u017c\u0105cych na nim obowi\u0105zk\u00f3w. Po tym czasie dane przechowywane s\u0105 wy\u0142\u0105cznie na potrzeby zabezpieczenia dochodzenia roszcze\u0144. Przypominamy, \u017ce w ka\u017cdym czasie U\u017cytkownicy mog\u0105 z\u0142o\u017cy\u0107 wniosek o usuni\u0119cie danych.<br \/><\/p>\n\n\n\n<h4 class=\"wp-block-heading\">\u00a76. Obowi\u0105zki Administratora<\/h4>\n\n\n\nAdministrator Danych Osobowych zobowi\u0105zuj\u0105 si\u0119 podj\u0105\u0107 \u015brodki zabezpieczaj\u0105ce przetwarzanie danych osobowych w zakresie okre\u015blonym w Ustawie, a w szczeg\u00f3lno\u015bci zobowi\u0105zuje si\u0119 do:\n<ol>\n \t<li>zabezpieczenia danych przed ich udost\u0119pnieniem osobom nieupowa\u017cnionym, zabraniem przez osob\u0119 nieuprawnion\u0105, zmianami, uszkodzeniem lub zniszczeniem,<\/li>\n \t<li>dopuszczenia do przetwarzania danych osobowych wy\u0142\u0105cznie os\u00f3b posiadaj\u0105cych wydane przez niego upowa\u017cnienie,<\/li>\n \t<li>zapewnienia kontroli nad prawid\u0142owo\u015bci\u0105 przetwarzania danych osobowych,<\/li>\n \t<li>prowadzenia ewidencji os\u00f3b upowa\u017cnionych do przetwarzania danych osobowych, dochowania szczeg\u00f3lnej staranno\u015bci, aby osoby upowa\u017cnione do przetwarzania tych danych zachowa\u0142y je w tajemnicy, r\u00f3wnie\u017c po zako\u0144czeniu realizacji Administratora, mi\u0119dzy innymi poprzez poinformowanie ich o prawnych konsekwencjach naruszenia poufno\u015bci danych oraz odebranie o\u015bwiadcze\u0144 o obowi\u0105zku zachowania w tajemnicy tych danych,<\/li>\n \t<li>prowadzenia wymaganej przepisami prawa dokumentacji opisuj\u0105cej spos\u00f3b przetwarzania powierzonych danych osobowych oraz \u015brodki techniczne i organizacyjne zapewniaj\u0105ce ochron\u0119 przetwarzania tych danych,<\/li>\n \t<li>zapewnienia, aby urz\u0105dzenia i systemy informatyczne i telekomunikacyjne, s\u0142u\u017c\u0105ce do przetwarzania danych osobowych, by\u0142y zgodne z wymogami Rozporz\u0105dzenia Ministerstwa Spraw Wewn\u0119trznych i Administracji z dnia 29 kwietnia 2004 r. w sprawie dokumentacji przetwarzanych danych osobowych oraz warunk\u00f3w technicznych i organizacyjnych, jakim powinny odpowiada\u0107 urz\u0105dzenia i systemy.<\/li>\n<\/ol>\n&nbsp;\n","protected":false},"excerpt":{"rendered":"<p>\u00a71. Informacje og\u00f3lne \u00a72. Cel przetwarzania danych przez Administratora \u00a73. Zakres przetwarzania danych przez Administratora Gromadzone na podstawie niniejszej Polityki Prywatno\u015bci dane osobowe U\u017cytkownik\u00f3w obejmuj\u0105 cz\u0119\u015b\u0107 lub wszystkie z wymienionych ni\u017cej danych: dane U\u017cytkownika: imi\u0119 i nazwisko, numer telefonu kontaktowego adres e-mail do kontaktu. Zakres przetwarzania danych, o kt\u00f3rych mowa powy\u017cej obejmuje tak\u017ce wykonywanie kopii&hellip;<\/p>\n","protected":false},"author":1,"featured_media":0,"parent":0,"menu_order":54,"comment_status":"closed","ping_status":"closed","template":"","meta":{"_acf_changed":false,"inline_featured_image":false,"footnotes":""},"class_list":["post-673","page","type-page","status-publish"],"acf":[],"yoast_head":"<!-- This site is optimized with the Yoast SEO plugin v25.5 - https:\/\/yoast.com\/wordpress\/plugins\/seo\/ -->\n<title>Polityka Prywatno\u015bci - itCraft<\/title>\n<meta name=\"description\" content=\"itCraft polityka prywatno\u015bci\" \/>\n<meta name=\"robots\" content=\"index, follow, max-snippet:-1, max-image-preview:large, max-video-preview:-1\" \/>\n<link rel=\"canonical\" href=\"https:\/\/itcraftapps.com\/pl\/polityka-prywatnosci\/\" \/>\n<meta property=\"og:locale\" content=\"pl_PL\" \/>\n<meta property=\"og:type\" content=\"article\" \/>\n<meta property=\"og:title\" content=\"Polityka Prywatno\u015bci - itCraft\" \/>\n<meta property=\"og:description\" content=\"itCraft polityka prywatno\u015bci\" \/>\n<meta property=\"og:url\" content=\"https:\/\/itcraftapps.com\/pl\/polityka-prywatnosci\/\" \/>\n<meta property=\"og:site_name\" content=\"Aplikacje mobilne i webowe dla firm | itCraft\" \/>\n<meta property=\"article:modified_time\" content=\"2024-12-20T11:03:23+00:00\" \/>\n<meta property=\"og:image\" content=\"https:\/\/itcraftapps.com\/pl\/wp-content\/uploads\/sites\/5\/2023\/01\/Main_social_1200x630px.png\" \/>\n\t<meta property=\"og:image:width\" content=\"1200\" \/>\n\t<meta property=\"og:image:height\" content=\"630\" \/>\n\t<meta property=\"og:image:type\" content=\"image\/png\" \/>\n<meta name=\"twitter:card\" content=\"summary_large_image\" \/>\n<!-- \/ Yoast SEO plugin. -->","yoast_head_json":{"title":"Polityka Prywatno\u015bci - itCraft","description":"itCraft polityka prywatno\u015bci","robots":{"index":"index","follow":"follow","max-snippet":"max-snippet:-1","max-image-preview":"max-image-preview:large","max-video-preview":"max-video-preview:-1"},"canonical":"https:\/\/itcraftapps.com\/pl\/polityka-prywatnosci\/","og_locale":"pl_PL","og_type":"article","og_title":"Polityka Prywatno\u015bci - itCraft","og_description":"itCraft polityka prywatno\u015bci","og_url":"https:\/\/itcraftapps.com\/pl\/polityka-prywatnosci\/","og_site_name":"Aplikacje mobilne i webowe dla firm | itCraft","article_modified_time":"2024-12-20T11:03:23+00:00","og_image":[{"width":1200,"height":630,"url":"https:\/\/itcraftapps.com\/pl\/wp-content\/uploads\/sites\/5\/2023\/01\/Main_social_1200x630px.png","type":"image\/png"}],"twitter_card":"summary_large_image","schema":{"@context":"https:\/\/schema.org","@graph":[{"@type":"WebPage","@id":"https:\/\/itcraftapps.com\/pl\/polityka-prywatnosci\/","url":"https:\/\/itcraftapps.com\/pl\/polityka-prywatnosci\/","name":"Polityka Prywatno\u015bci - itCraft","isPartOf":{"@id":"https:\/\/itcraftapps.com\/pl\/#website"},"datePublished":"2019-01-29T17:28:20+00:00","dateModified":"2024-12-20T11:03:23+00:00","description":"itCraft polityka prywatno\u015bci","breadcrumb":{"@id":"https:\/\/itcraftapps.com\/pl\/polityka-prywatnosci\/#breadcrumb"},"inLanguage":"pl-PL","potentialAction":[{"@type":"ReadAction","target":["https:\/\/itcraftapps.com\/pl\/polityka-prywatnosci\/"]}]},{"@type":"BreadcrumbList","@id":"https:\/\/itcraftapps.com\/pl\/polityka-prywatnosci\/#breadcrumb","itemListElement":[{"@type":"ListItem","position":1,"name":"Home","item":"https:\/\/itcraftapps.com\/pl\/"},{"@type":"ListItem","position":2,"name":"Polityka Prywatno\u015bci"}]},{"@type":"WebSite","@id":"https:\/\/itcraftapps.com\/pl\/#website","url":"https:\/\/itcraftapps.com\/pl\/","name":"Aplikacje mobilne i webowe dla firm | itCraft","description":"","potentialAction":[{"@type":"SearchAction","target":{"@type":"EntryPoint","urlTemplate":"https:\/\/itcraftapps.com\/pl\/?s={search_term_string}"},"query-input":{"@type":"PropertyValueSpecification","valueRequired":true,"valueName":"search_term_string"}}],"inLanguage":"pl-PL"}]}},"_links":{"self":[{"href":"https:\/\/itcraftapps.com\/pl\/wp-json\/wp\/v2\/pages\/673","targetHints":{"allow":["GET"]}}],"collection":[{"href":"https:\/\/itcraftapps.com\/pl\/wp-json\/wp\/v2\/pages"}],"about":[{"href":"https:\/\/itcraftapps.com\/pl\/wp-json\/wp\/v2\/types\/page"}],"author":[{"embeddable":true,"href":"https:\/\/itcraftapps.com\/pl\/wp-json\/wp\/v2\/users\/1"}],"replies":[{"embeddable":true,"href":"https:\/\/itcraftapps.com\/pl\/wp-json\/wp\/v2\/comments?post=673"}],"version-history":[{"count":0,"href":"https:\/\/itcraftapps.com\/pl\/wp-json\/wp\/v2\/pages\/673\/revisions"}],"wp:attachment":[{"href":"https:\/\/itcraftapps.com\/pl\/wp-json\/wp\/v2\/media?parent=673"}],"curies":[{"name":"wp","href":"https:\/\/api.w.org\/{rel}","templated":true}]}}