{"id":34068,"date":"2025-12-15T14:42:53","date_gmt":"2025-12-15T13:42:53","guid":{"rendered":"https:\/\/itcraftapps.com\/pl\/?page_id=34068"},"modified":"2025-12-23T09:06:00","modified_gmt":"2025-12-23T08:06:00","slug":"projekty-ue","status":"publish","type":"page","link":"https:\/\/itcraftapps.com\/pl\/projekty-ue\/","title":{"rendered":"Projekty UE"},"content":{"rendered":"\n<div class=\"healthcare_footer\">\n    <div class=\"container pt--80 pb--80 pt-lg--140 pb-lg--140\">\n        <img data-lazyloaded=\"1\"\n            src=\"https:\/\/itcraftapps.com\/pl\/wp-content\/uploads\/sites\/5\/2025\/12\/eu-healthcare-pl.png\"\n            width=\"2080\"\n            height=\"345\"\n            data-src=\"https:\/\/itcraftapps.com\/pl\/wp-content\/uploads\/sites\/5\/2025\/12\/eu-healthcare-pl.png\"\n            class=\"img-fluid w-100 mx-auto d-block mb--40 mb-lg--70 entered litespeed-loaded\"\n            alt=\"\"\n            style=\"max-width: 1040px\"\n            decoding=\"async\"\n            data-srcset=\"https:\/\/itcraftapps.com\/pl\/wp-content\/uploads\/sites\/5\/2025\/12\/eu-healthcare-pl.png 2080w, https:\/\/itcraftapps.com\/pl\/wp-content\/uploads\/sites\/5\/2025\/12\/eu-healthcare-pl-300x50.png 300w, https:\/\/itcraftapps.com\/pl\/wp-content\/uploads\/sites\/5\/2025\/12\/eu-healthcare-pl-1024x170.png 1024w, https:\/\/itcraftapps.com\/pl\/wp-content\/uploads\/sites\/5\/2025\/12\/eu-healthcare-pl-768x127.png 768w, https:\/\/itcraftapps.com\/pl\/wp-content\/uploads\/sites\/5\/2025\/12\/eu-healthcare-pl-1536x255.png 1536w, https:\/\/itcraftapps.com\/pl\/wp-content\/uploads\/sites\/5\/2025\/12\/eu-healthcare-pl-2048x340.png 2048w, https:\/\/itcraftapps.com\/pl\/wp-content\/uploads\/sites\/5\/2025\/12\/eu-healthcare-pl-1440x239.png 1440w, https:\/\/itcraftapps.com\/pl\/wp-content\/uploads\/sites\/5\/2025\/12\/eu-healthcare-pl-792x131.png 792w, https:\/\/itcraftapps.com\/pl\/wp-content\/uploads\/sites\/5\/2025\/12\/eu-healthcare-pl-492x82.png 492w\"\n            data-sizes=\"(max-width: 2080px) 100vw, 2080px\"\n            data-ll-status=\"loaded\"\n            sizes=\"(max-width: 2080px) 100vw, 2080px\"\n            srcset=\"\n                https:\/\/itcraftapps.com\/pl\/wp-content\/uploads\/sites\/5\/2025\/12\/eu-healthcare-pl.png          2080w,\n                https:\/\/itcraftapps.com\/pl\/wp-content\/uploads\/sites\/5\/2025\/12\/eu-healthcare-pl-300x50.png    300w,\n                https:\/\/itcraftapps.com\/pl\/wp-content\/uploads\/sites\/5\/2025\/12\/eu-healthcare-pl-1024x170.png 1024w,\n                https:\/\/itcraftapps.com\/pl\/wp-content\/uploads\/sites\/5\/2025\/12\/eu-healthcare-pl-768x127.png   768w,\n                https:\/\/itcraftapps.com\/pl\/wp-content\/uploads\/sites\/5\/2025\/12\/eu-healthcare-pl-1536x255.png 1536w,\n                https:\/\/itcraftapps.com\/pl\/wp-content\/uploads\/sites\/5\/2025\/12\/eu-healthcare-pl-2048x340.png 2048w,\n                https:\/\/itcraftapps.com\/pl\/wp-content\/uploads\/sites\/5\/2025\/12\/eu-healthcare-pl-1440x239.png 1440w,\n                https:\/\/itcraftapps.com\/pl\/wp-content\/uploads\/sites\/5\/2025\/12\/eu-healthcare-pl-792x131.png   792w,\n                https:\/\/itcraftapps.com\/pl\/wp-content\/uploads\/sites\/5\/2025\/12\/eu-healthcare-pl-492x82.png    492w\n            \"\n        \/><noscript><img width=\"2080\"\n                height=\"345\"\n                src=\"https:\/\/itcraftapps.com\/pl\/wp-content\/uploads\/sites\/5\/2025\/12\/eu-healthcare-pl.png\"\n                class=\"img-fluid w-100 mx-auto d-block mb--40 mb-lg--70\"\n                alt=\"\"\n                style=\"max-width: 1040px\"\n                decoding=\"async\"\n                srcset=\"\n                    https:\/\/itcraftapps.com\/pl\/wp-content\/uploads\/sites\/5\/2025\/12\/eu-healthcare-pl.png          2080w,\n                    https:\/\/itcraftapps.com\/pl\/wp-content\/uploads\/sites\/5\/2025\/12\/eu-healthcare-pl-300x50.png    300w,\n                    https:\/\/itcraftapps.com\/pl\/wp-content\/uploads\/sites\/5\/2025\/12\/eu-healthcare-pl-1024x170.png 1024w,\n                    https:\/\/itcraftapps.com\/pl\/wp-content\/uploads\/sites\/5\/2025\/12\/eu-healthcare-pl-768x127.png   768w,\n                    https:\/\/itcraftapps.com\/pl\/wp-content\/uploads\/sites\/5\/2025\/12\/eu-healthcare-pl-1536x255.png 1536w,\n                    https:\/\/itcraftapps.com\/pl\/wp-content\/uploads\/sites\/5\/2025\/12\/eu-healthcare-pl-2048x340.png 2048w,\n                    https:\/\/itcraftapps.com\/pl\/wp-content\/uploads\/sites\/5\/2025\/12\/eu-healthcare-pl-1440x239.png 1440w,\n                    https:\/\/itcraftapps.com\/pl\/wp-content\/uploads\/sites\/5\/2025\/12\/eu-healthcare-pl-792x131.png   792w,\n                    https:\/\/itcraftapps.com\/pl\/wp-content\/uploads\/sites\/5\/2025\/12\/eu-healthcare-pl-492x82.png    492w\n                \"\n                sizes=\"(max-width: 2080px) 100vw, 2080px\"\n        \/><\/noscript>\n        <h1 class=\"h2 fs-lg-56 mb-0\">\n            Tytu\u0142 projektu: Ekspansja zagraniczna polskiego software house\u2019u ze specjalizacj\u0105 w sektorze\n            <a href=\"https:\/\/itcraftapps.com\/pl\/rozwiazania-dla-branzy-medycznej\/\">healthcare<\/a> przez udzia\u0142 w targach\n            i dzia\u0142ania promocyjne online\n        <\/h1>\n    <\/div>\n    <div class=\"pt--80 pb--80 pt-lg--140 pb-lg--140 bg-light-9\">\n        <div class=\"container d-flex flex-column gap-72\">\n            <div class=\"last-child-mb-0 d-flex flex-column gap-16 gap-lg-40\">\n                <p class=\"h5 fs-lg-26 mb-0\">Beneficjent<\/p>\n                <p>\n                    <a href=\"https:\/\/itcraftapps.com\/pl\/o-nas\/\">itCraft<\/a> sp. z o.o.\n                <\/p>\n            <\/div>\n            <div class=\"last-child-mb-0 d-flex flex-column gap-16 gap-lg-40\">\n                <p class=\"h5 fs-lg-26 mb-0\">Cel projektu<\/p>\n                <p>\n                    G\u0142\u00f3wnym celem projektu jest zwi\u0119kszenie potencja\u0142u eksportowego firmy oraz promocja jej marki produktowej na rynkach mi\u0119dzynarodowych. Projekt zak\u0142ada umocnienie pozycji itCraft jako wyspecjalizowanego dostawcy oprogramowania (<a href=\"https:\/\/itcraftapps.com\/pl\/blog\/co-to-jest-software-house\/\">software house<\/a>) dla sektora ochrony zdrowia (healthcare\/medtech) na rynkach Unii Europejskiej, Ameryki P\u00f3\u0142nocnej oraz Bliskiego Wschodu.\n                <\/p>\n            <\/div>\n            <div class=\"last-child-mb-0 d-flex flex-column gap-16 gap-lg-40\">\n                <p class=\"h5 fs-lg-26 mb-0\">Zadania i dzia\u0142ania<\/p>\n                <div>\n                    <p>W ramach projektu realizowane b\u0119d\u0105 dzia\u0142ania ukierunkowane na budowanie relacji biznesowych i widoczno\u015bci marki za granic\u0105, w tym:<\/p>\n                    <ul>\n                        <li>Aktywny udzia\u0142 w charakterze wystawcy w kluczowych mi\u0119dzynarodowych wydarzeniach targowych bran\u017cy medycznej i technologicznej, takich jak: MEDICA (Niemcy), HEALTH TECH FORWARD (Hiszpania) oraz WHX (Zjednoczone Emiraty Arabskie).<\/li>\n                        <li>Realizacja wielokana\u0142owych kampanii promocyjnych online, wspieraj\u0105cych obecno\u015b\u0107 na targach i docieraj\u0105cych do potencjalnych partner\u00f3w zagranicznych.<\/li>\n                    <\/ul>\n                <\/div>\n            <\/div>\n            <div class=\"last-child-mb-0 d-flex flex-column gap-16 gap-lg-40\">\n                <p class=\"h5 fs-lg-26 mb-0\">Grupy docelowe<\/p>\n                <div>\n                    <p>Projekt skierowany jest bezpo\u015brednio do sp\u00f3\u0142ki itCraft sp. z o.o., kt\u00f3ra dzi\u0119ki wsparciu zrealizuje ekspansj\u0119 na rynki zagraniczne. Odbiorcami dzia\u0142a\u0144 promocyjnych realizowanych w projekcie (grup\u0105 docelow\u0105 oferty) s\u0105 zagraniczni partnerzy biznesowi z sektora ochrony zdrowia (Healthcare\/MedTech), w szczeg\u00f3lno\u015bci:<\/p>\n                    <ul>\n                        <li>podmioty medyczne (szpitale, kliniki, centra diagnostyczne),<\/li>\n                        <li>firmy technologiczne (MedTech\/HealthTech) oraz integratorzy system\u00f3w IT,<\/li>\n                        <li>dystrybutorzy technologii medycznych<\/li>\n                    <\/ul>\n                    <p>Dzia\u0142ania skierowane s\u0105 do odbiorc\u00f3w z rynk\u00f3w: Unii Europejskiej (m.in. Niemcy, Hiszpania), Bliskiego Wschodu (ZEA) oraz Ameryki P\u00f3\u0142nocnej (USA, Kanada).<\/p>\n                <\/div>\n            <\/div>\n            <div class=\"last-child-mb-0 d-flex flex-column gap-16 gap-lg-40\">\n                <p class=\"h5 fs-lg-26 mb-0\">Efekty i rezultaty<\/p>\n                <p>Realizacja projektu przyczyni si\u0119 do nawi\u0105zania nowych kontakt\u00f3w handlowych, pozyskania zagranicznych partner\u00f3w biznesowych oraz wzrostu przychod\u00f3w z dzia\u0142alno\u015bci eksportowej. Efektem dzia\u0142a\u0144 b\u0119dzie r\u00f3wnie\u017c wzrost rozpoznawalno\u015bci polskiej marki itCraft jako dostawcy innowacyjnych i bezpiecznych rozwi\u0105za\u0144 IT dla medycyny na arenie globalnej.<\/p>\n            <\/div>\n            <div class=\"last-child-mb-0 d-flex flex-column gap-16 gap-lg-40\">\n                <p class=\"h5 fs-lg-26 mb-0\">Warto\u015b\u0107 projektu<\/p>\n                <div>\n                    <p>Ca\u0142kowity koszt (334 202,00 PLN).<\/p>\n                    <p>Wysoko\u015b\u0107 wk\u0142adu Funduszy Europejskich (185 559,40 PLN).<\/p>\n                <\/div>\n            <\/div>\n            <div class=\"last-child-mb-0 d-flex flex-column gap-16\">\n                <p>#FunduszeUE #FunduszeEuropejskie<\/p>\n            <\/div>\n        <\/div>\n    <\/div>\n<\/div>\n\n","protected":false},"excerpt":{"rendered":"<p>Tytu\u0142 projektu: Ekspansja zagraniczna polskiego software house\u2019u ze specjalizacj\u0105 w sektorze healthcare przez udzia\u0142 w targach i dzia\u0142ania promocyjne online Beneficjent itCraft sp. z o.o. Cel projektu G\u0142\u00f3wnym celem projektu jest zwi\u0119kszenie potencja\u0142u eksportowego firmy oraz promocja jej marki produktowej na rynkach mi\u0119dzynarodowych. Projekt zak\u0142ada umocnienie pozycji itCraft jako wyspecjalizowanego dostawcy oprogramowania (software house) dla&hellip;<\/p>\n","protected":false},"author":14,"featured_media":0,"parent":0,"menu_order":0,"comment_status":"closed","ping_status":"closed","template":"templates\/template-fullwidth.php","meta":{"_acf_changed":false,"inline_featured_image":false,"footnotes":""},"class_list":["post-34068","page","type-page","status-publish"],"acf":[],"yoast_head":"<!-- This site is optimized with the Yoast SEO plugin v25.5 - https:\/\/yoast.com\/wordpress\/plugins\/seo\/ -->\n<title>Projekty UE - Aplikacje mobilne i webowe dla firm | itCraft<\/title>\n<meta name=\"robots\" content=\"index, follow, max-snippet:-1, max-image-preview:large, max-video-preview:-1\" \/>\n<link rel=\"canonical\" href=\"https:\/\/itcraftapps.com\/pl\/projekty-ue\/\" \/>\n<meta property=\"og:locale\" content=\"pl_PL\" \/>\n<meta property=\"og:type\" content=\"article\" \/>\n<meta property=\"og:title\" content=\"Projekty UE - Aplikacje mobilne i webowe dla firm | itCraft\" \/>\n<meta property=\"og:description\" content=\"Tytu\u0142 projektu: Ekspansja zagraniczna polskiego software house\u2019u ze specjalizacj\u0105 w sektorze healthcare przez udzia\u0142 w targach i dzia\u0142ania promocyjne online Beneficjent itCraft sp. z o.o. Cel projektu G\u0142\u00f3wnym celem projektu jest zwi\u0119kszenie potencja\u0142u eksportowego firmy oraz promocja jej marki produktowej na rynkach mi\u0119dzynarodowych. Projekt zak\u0142ada umocnienie pozycji itCraft jako wyspecjalizowanego dostawcy oprogramowania (software house) dla&hellip;\" \/>\n<meta property=\"og:url\" content=\"https:\/\/itcraftapps.com\/pl\/projekty-ue\/\" \/>\n<meta property=\"og:site_name\" content=\"Aplikacje mobilne i webowe dla firm | itCraft\" \/>\n<meta property=\"article:modified_time\" content=\"2025-12-23T08:06:00+00:00\" \/>\n<meta property=\"og:image\" content=\"https:\/\/itcraftapps.com\/pl\/wp-content\/uploads\/sites\/5\/2023\/01\/Main_social_1200x630px.png\" \/>\n\t<meta property=\"og:image:width\" content=\"1200\" \/>\n\t<meta property=\"og:image:height\" content=\"630\" \/>\n\t<meta property=\"og:image:type\" content=\"image\/png\" \/>\n<meta name=\"twitter:card\" content=\"summary_large_image\" \/>\n<!-- \/ Yoast SEO plugin. -->","yoast_head_json":{"title":"Projekty UE - Aplikacje mobilne i webowe dla firm | itCraft","robots":{"index":"index","follow":"follow","max-snippet":"max-snippet:-1","max-image-preview":"max-image-preview:large","max-video-preview":"max-video-preview:-1"},"canonical":"https:\/\/itcraftapps.com\/pl\/projekty-ue\/","og_locale":"pl_PL","og_type":"article","og_title":"Projekty UE - Aplikacje mobilne i webowe dla firm | itCraft","og_description":"Tytu\u0142 projektu: Ekspansja zagraniczna polskiego software house\u2019u ze specjalizacj\u0105 w sektorze healthcare przez udzia\u0142 w targach i dzia\u0142ania promocyjne online Beneficjent itCraft sp. z o.o. Cel projektu G\u0142\u00f3wnym celem projektu jest zwi\u0119kszenie potencja\u0142u eksportowego firmy oraz promocja jej marki produktowej na rynkach mi\u0119dzynarodowych. Projekt zak\u0142ada umocnienie pozycji itCraft jako wyspecjalizowanego dostawcy oprogramowania (software house) dla&hellip;","og_url":"https:\/\/itcraftapps.com\/pl\/projekty-ue\/","og_site_name":"Aplikacje mobilne i webowe dla firm | itCraft","article_modified_time":"2025-12-23T08:06:00+00:00","og_image":[{"width":1200,"height":630,"url":"https:\/\/itcraftapps.com\/pl\/wp-content\/uploads\/sites\/5\/2023\/01\/Main_social_1200x630px.png","type":"image\/png"}],"twitter_card":"summary_large_image","schema":{"@context":"https:\/\/schema.org","@graph":[{"@type":"WebPage","@id":"https:\/\/itcraftapps.com\/pl\/projekty-ue\/","url":"https:\/\/itcraftapps.com\/pl\/projekty-ue\/","name":"Projekty UE - Aplikacje mobilne i webowe dla firm | itCraft","isPartOf":{"@id":"https:\/\/itcraftapps.com\/pl\/#website"},"datePublished":"2025-12-15T13:42:53+00:00","dateModified":"2025-12-23T08:06:00+00:00","breadcrumb":{"@id":"https:\/\/itcraftapps.com\/pl\/projekty-ue\/#breadcrumb"},"inLanguage":"pl-PL","potentialAction":[{"@type":"ReadAction","target":["https:\/\/itcraftapps.com\/pl\/projekty-ue\/"]}]},{"@type":"BreadcrumbList","@id":"https:\/\/itcraftapps.com\/pl\/projekty-ue\/#breadcrumb","itemListElement":[{"@type":"ListItem","position":1,"name":"Home","item":"https:\/\/itcraftapps.com\/pl\/"},{"@type":"ListItem","position":2,"name":"Projekty UE"}]},{"@type":"WebSite","@id":"https:\/\/itcraftapps.com\/pl\/#website","url":"https:\/\/itcraftapps.com\/pl\/","name":"Aplikacje mobilne i webowe dla firm | itCraft","description":"","potentialAction":[{"@type":"SearchAction","target":{"@type":"EntryPoint","urlTemplate":"https:\/\/itcraftapps.com\/pl\/?s={search_term_string}"},"query-input":{"@type":"PropertyValueSpecification","valueRequired":true,"valueName":"search_term_string"}}],"inLanguage":"pl-PL"}]}},"_links":{"self":[{"href":"https:\/\/itcraftapps.com\/pl\/wp-json\/wp\/v2\/pages\/34068","targetHints":{"allow":["GET"]}}],"collection":[{"href":"https:\/\/itcraftapps.com\/pl\/wp-json\/wp\/v2\/pages"}],"about":[{"href":"https:\/\/itcraftapps.com\/pl\/wp-json\/wp\/v2\/types\/page"}],"author":[{"embeddable":true,"href":"https:\/\/itcraftapps.com\/pl\/wp-json\/wp\/v2\/users\/14"}],"replies":[{"embeddable":true,"href":"https:\/\/itcraftapps.com\/pl\/wp-json\/wp\/v2\/comments?post=34068"}],"version-history":[{"count":5,"href":"https:\/\/itcraftapps.com\/pl\/wp-json\/wp\/v2\/pages\/34068\/revisions"}],"predecessor-version":[{"id":34080,"href":"https:\/\/itcraftapps.com\/pl\/wp-json\/wp\/v2\/pages\/34068\/revisions\/34080"}],"wp:attachment":[{"href":"https:\/\/itcraftapps.com\/pl\/wp-json\/wp\/v2\/media?parent=34068"}],"curies":[{"name":"wp","href":"https:\/\/api.w.org\/{rel}","templated":true}]}}