{"id":322,"date":"2019-01-22T08:44:41","date_gmt":"2019-01-22T07:44:41","guid":{"rendered":"https:\/\/itcraftapps.com\/?page_id=322"},"modified":"2024-03-13T10:43:48","modified_gmt":"2024-03-13T09:43:48","slug":"praca","status":"publish","type":"page","link":"https:\/\/itcraftapps.com\/pl\/praca\/","title":{"rendered":"Kariera"},"content":{"rendered":"\n<section class=\"block-base-header-3 d-flex pt--100 pb--40 pb-lg--56 minh-340px minh-lg-400px\">\n\t<div class=\"container align-self-end\">\n\t\t<h1 class=\"text-dark-2 fs-36 fs-lg-56 fw-500 lh-13 lh-lg-14 mb--0 d-flex flex-wrap\"><span class=\"w-lg-100\">Do\u0142\u0105cz do<\/span>\r\n<span class=\"col px-0 ml--15 ml-lg--22 mr--15 mr-lg--22 h-px bg-dark-4 flex-shrink-0 align-self-center d-lg-none\"><\/span>\r\n<span class=\"col px-0 mr--15 mr-lg--22 h-px bg-dark-4 flex-shrink-0 align-self-center d-none d-lg-block\"><\/span>\r\n<span>naszego<\/span>\r\n<span class=\"w-100 w-lg-auto ml-lg--space\">rosn\u0105cego zespo\u0142u<\/span><\/h1>\t<\/div>\n<\/section>\n\n\n\n<section class=\"block-career-home-offers bg-light-9 pt--40 pt-lg--80 pb--80 pb-lg--140\" data-scroll-theme>\n\t<div class=\"container\">\n\n\t\t<h3 class=\"text-dark-2 fs-28 fs-lg-40 fw-500 lh-15 mb--40\">Otwarte stanowiska<\/h3>\t<\/div>\n<\/section>\n\n<style>\n\t.block-career-home-offers__list {\n\t\ttransition: all .3s ease-out;\n\t}\n\n\t.block-career-home-offers__list.loading {\n\t\topacity: 0;\n\t\ttransform: translateY(30px);\n\t}\n\n\t.block-career-home-offers__offer {\n\t\tborder-top: 1px solid #CDD0D5;\n\t}\n\n\t@media (min-width: 992px){\n\n\t\t.block-career-home-offers__offer,\n\t\t.block-career-home-offers__offer > *:first-child,\n\t\t.block-career-home-offers__offer > *:last-child {\n\t\t\ttransition: all .3s ease-out;\n\t\t}\n\n\t\t.block-career-home-offers__offer:hover {\n\t\t\topacity: .75;\n\t\t}\n\n\t\t.block-career-home-offers__offer:hover > *:first-child {\n\t\t\tpadding-left: 20px !important;\n\t\t}\n\n\t\t.block-career-home-offers__offer:hover > *:last-child {\n\t\t\tpadding-left: 60px !important;\n\t\t}\n\t}\n<\/style>\n\n\n\n<section class=\"block-base-text pt--40 pt-lg--70\">\n\t<div class=\"container\">\n\t\t<div class=\"row justify-content-lg-center\">\n\t\t\t<div class=\"col-12 col-lg-12\">\n\t\t\t\t<div class=\"mt--24 mt-lg--20 last-child-mb-0\"><p style=\"text-align: center\">Nasz\u0105 Polityk\u0119 Prywatno\u015bci znajdziesz <a href=\"https:\/\/itcraftapps.com\/wp-content\/uploads\/2022\/09\/itCraft-Privacy-Policy-.pdf\">tutaj<\/a><\/p>\n<\/div>\t\t\t<\/div>\n\t\t<\/div>\n\t<\/div>\n<\/section>\n","protected":false},"excerpt":{"rendered":"","protected":false},"author":16,"featured_media":0,"parent":0,"menu_order":6,"comment_status":"closed","ping_status":"closed","template":"templates\/template-fullwidth.php","meta":{"_acf_changed":false,"inline_featured_image":false,"footnotes":""},"class_list":["post-322","page","type-page","status-publish"],"acf":[],"yoast_head":"<!-- This site is optimized with the Yoast SEO plugin v25.5 - https:\/\/yoast.com\/wordpress\/plugins\/seo\/ -->\n<title>Kariera - itCraft<\/title>\n<meta name=\"description\" content=\"Szukasz nowych wyzwa\u0144? Do\u0142\u0105cz do naszego dynamicznego zespo\u0142u! Sprawd\u017a otwarte stanowiska i rozwi\u0144 swoj\u0105 karier\u0119.\" \/>\n<meta name=\"robots\" content=\"index, follow, max-snippet:-1, max-image-preview:large, max-video-preview:-1\" \/>\n<link rel=\"canonical\" href=\"https:\/\/itcraftapps.com\/pl\/praca\/\" \/>\n<meta property=\"og:locale\" content=\"pl_PL\" \/>\n<meta property=\"og:type\" content=\"article\" \/>\n<meta property=\"og:title\" content=\"Kariera - itCraft\" \/>\n<meta property=\"og:description\" content=\"Szukasz nowych wyzwa\u0144? Do\u0142\u0105cz do naszego dynamicznego zespo\u0142u! Sprawd\u017a otwarte stanowiska i rozwi\u0144 swoj\u0105 karier\u0119.\" \/>\n<meta property=\"og:url\" content=\"https:\/\/itcraftapps.com\/pl\/praca\/\" \/>\n<meta property=\"og:site_name\" content=\"Aplikacje mobilne i webowe dla firm | itCraft\" \/>\n<meta property=\"article:modified_time\" content=\"2024-03-13T09:43:48+00:00\" \/>\n<meta property=\"og:image\" content=\"https:\/\/itcraftapps.com\/pl\/wp-content\/uploads\/sites\/5\/2023\/01\/Main_social_1200x630px.png\" \/>\n\t<meta property=\"og:image:width\" content=\"1200\" \/>\n\t<meta property=\"og:image:height\" content=\"630\" \/>\n\t<meta property=\"og:image:type\" content=\"image\/png\" \/>\n<meta name=\"twitter:card\" content=\"summary_large_image\" \/>\n<!-- \/ Yoast SEO plugin. -->","yoast_head_json":{"title":"Kariera - itCraft","description":"Szukasz nowych wyzwa\u0144? Do\u0142\u0105cz do naszego dynamicznego zespo\u0142u! Sprawd\u017a otwarte stanowiska i rozwi\u0144 swoj\u0105 karier\u0119.","robots":{"index":"index","follow":"follow","max-snippet":"max-snippet:-1","max-image-preview":"max-image-preview:large","max-video-preview":"max-video-preview:-1"},"canonical":"https:\/\/itcraftapps.com\/pl\/praca\/","og_locale":"pl_PL","og_type":"article","og_title":"Kariera - itCraft","og_description":"Szukasz nowych wyzwa\u0144? Do\u0142\u0105cz do naszego dynamicznego zespo\u0142u! Sprawd\u017a otwarte stanowiska i rozwi\u0144 swoj\u0105 karier\u0119.","og_url":"https:\/\/itcraftapps.com\/pl\/praca\/","og_site_name":"Aplikacje mobilne i webowe dla firm | itCraft","article_modified_time":"2024-03-13T09:43:48+00:00","og_image":[{"width":1200,"height":630,"url":"https:\/\/itcraftapps.com\/pl\/wp-content\/uploads\/sites\/5\/2023\/01\/Main_social_1200x630px.png","type":"image\/png"}],"twitter_card":"summary_large_image","schema":{"@context":"https:\/\/schema.org","@graph":[{"@type":"WebPage","@id":"https:\/\/itcraftapps.com\/pl\/praca\/","url":"https:\/\/itcraftapps.com\/pl\/praca\/","name":"Kariera - itCraft","isPartOf":{"@id":"https:\/\/itcraftapps.com\/pl\/#website"},"datePublished":"2019-01-22T07:44:41+00:00","dateModified":"2024-03-13T09:43:48+00:00","description":"Szukasz nowych wyzwa\u0144? Do\u0142\u0105cz do naszego dynamicznego zespo\u0142u! Sprawd\u017a otwarte stanowiska i rozwi\u0144 swoj\u0105 karier\u0119.","breadcrumb":{"@id":"https:\/\/itcraftapps.com\/pl\/praca\/#breadcrumb"},"inLanguage":"pl-PL","potentialAction":[{"@type":"ReadAction","target":["https:\/\/itcraftapps.com\/pl\/praca\/"]}]},{"@type":"BreadcrumbList","@id":"https:\/\/itcraftapps.com\/pl\/praca\/#breadcrumb","itemListElement":[{"@type":"ListItem","position":1,"name":"Home","item":"https:\/\/itcraftapps.com\/pl\/"},{"@type":"ListItem","position":2,"name":"Kariera"}]},{"@type":"WebSite","@id":"https:\/\/itcraftapps.com\/pl\/#website","url":"https:\/\/itcraftapps.com\/pl\/","name":"Aplikacje mobilne i webowe dla firm | itCraft","description":"","potentialAction":[{"@type":"SearchAction","target":{"@type":"EntryPoint","urlTemplate":"https:\/\/itcraftapps.com\/pl\/?s={search_term_string}"},"query-input":{"@type":"PropertyValueSpecification","valueRequired":true,"valueName":"search_term_string"}}],"inLanguage":"pl-PL"}]}},"_links":{"self":[{"href":"https:\/\/itcraftapps.com\/pl\/wp-json\/wp\/v2\/pages\/322","targetHints":{"allow":["GET"]}}],"collection":[{"href":"https:\/\/itcraftapps.com\/pl\/wp-json\/wp\/v2\/pages"}],"about":[{"href":"https:\/\/itcraftapps.com\/pl\/wp-json\/wp\/v2\/types\/page"}],"author":[{"embeddable":true,"href":"https:\/\/itcraftapps.com\/pl\/wp-json\/wp\/v2\/users\/16"}],"replies":[{"embeddable":true,"href":"https:\/\/itcraftapps.com\/pl\/wp-json\/wp\/v2\/comments?post=322"}],"version-history":[{"count":0,"href":"https:\/\/itcraftapps.com\/pl\/wp-json\/wp\/v2\/pages\/322\/revisions"}],"wp:attachment":[{"href":"https:\/\/itcraftapps.com\/pl\/wp-json\/wp\/v2\/media?parent=322"}],"curies":[{"name":"wp","href":"https:\/\/api.w.org\/{rel}","templated":true}]}}