{"id":25412,"date":"2022-09-19T11:07:40","date_gmt":"2022-09-19T09:07:40","guid":{"rendered":"https:\/\/wp-test.itcraft.pl\/?page_id=25412"},"modified":"2024-03-18T10:27:22","modified_gmt":"2024-03-18T09:27:22","slug":"support","status":"publish","type":"page","link":"https:\/\/itcraftapps.com\/pl\/uslugi\/support\/","title":{"rendered":"Support"},"content":{"rendered":"\n<section class=\"block-services-5-hero position-relative overflow-hidden bg-dark-4\" data-scroll-theme>\n\t<img decoding=\"async\" width=\"878\" height=\"1200\" src=\"https:\/\/itcraftapps.com\/pl\/wp-content\/uploads\/sites\/5\/2022\/09\/Support-bg.svg\" class=\"d-none d-lg-block img-fluid position-absolute bottom-0 right-0\" alt=\"\" \/>\t<div class=\"container d-flex flex-column min-vh-100 text-white pb--40 pb-lg--120 justify-content-center\">\n\t\t<div class=\"mt-auto mb--80\"><\/div><figure class=\"col-7 col-md-12 px-0 mb--40 mb-lg--56\"><img decoding=\"async\" width=\"247\" height=\"247\" src=\"https:\/\/itcraftapps.com\/pl\/wp-content\/uploads\/sites\/5\/2022\/09\/Support-anim.svg\" class=\"d-block img-fluid\" alt=\"\" \/><\/figure><h1 class=\"fs-36 fs-lg-56 fs-xl-74 fw-500 lh-13 mb--0\">Support<\/h1><div class=\"text-dark-5 fs-24 fs-lg-40 lh-15 fw-500 mt--16 mt-lg--24\">Masz wsparcie naszych <br \/>\r\nekspert\u00f3w, przez ca\u0142y czas<\/div><div class=\"mb--80\"><\/div><nav class=\"nav-pills-2 nav-pills-2--style-outline-gray nav-pills-2--mobile-sm mt--auto\"><ul class=\"d-flex flex-row gap-8\"><li><a href=\"#service-level-agreement\">Service Level Agreement<\/a><\/li><li><a href=\"#przej\u0119cie-projektu\">Przej\u0119cie Projektu<\/a><\/li><li><a href=\"#devops\">DevOps<\/a><\/li><\/ul><\/nav>\t<\/div>\n<\/section>\n\n\n\n<section id=\"service-level-agreement\" class=\"block-services-5-image-text pt--40 pt-lg--140\">\n\t<div class=\"container\">\n\t\t<div class=\"row align-items-center \">\n\t\t\t<div class=\"col-12 col-lg-5 mb--40 mb-lg-0 \"><figure class=\"mb-0\"><img decoding=\"async\" width=\"670\" height=\"670\" src=\"https:\/\/itcraftapps.com\/pl\/wp-content\/uploads\/sites\/5\/2022\/09\/service-single-img-7.png\" class=\"d-block d-lg-none img-fluid\" alt=\"\" srcset=\"https:\/\/itcraftapps.com\/pl\/wp-content\/uploads\/sites\/5\/2022\/09\/service-single-img-7.png 670w, https:\/\/itcraftapps.com\/pl\/wp-content\/uploads\/sites\/5\/2022\/09\/service-single-img-7-300x300.png 300w, https:\/\/itcraftapps.com\/pl\/wp-content\/uploads\/sites\/5\/2022\/09\/service-single-img-7-150x150.png 150w, https:\/\/itcraftapps.com\/pl\/wp-content\/uploads\/sites\/5\/2022\/09\/service-single-img-7-492x492.png 492w\" sizes=\"(max-width: 670px) 100vw, 670px\" \/><img decoding=\"async\" width=\"1144\" height=\"1476\" src=\"https:\/\/itcraftapps.com\/pl\/wp-content\/uploads\/sites\/5\/2022\/09\/Mask-group-8.png\" class=\"img-fluid d-none d-lg-block\" alt=\"\" srcset=\"https:\/\/itcraftapps.com\/pl\/wp-content\/uploads\/sites\/5\/2022\/09\/Mask-group-8.png 1144w, https:\/\/itcraftapps.com\/pl\/wp-content\/uploads\/sites\/5\/2022\/09\/Mask-group-8-233x300.png 233w, https:\/\/itcraftapps.com\/pl\/wp-content\/uploads\/sites\/5\/2022\/09\/Mask-group-8-794x1024.png 794w, https:\/\/itcraftapps.com\/pl\/wp-content\/uploads\/sites\/5\/2022\/09\/Mask-group-8-768x991.png 768w, https:\/\/itcraftapps.com\/pl\/wp-content\/uploads\/sites\/5\/2022\/09\/Mask-group-8-792x1022.png 792w, https:\/\/itcraftapps.com\/pl\/wp-content\/uploads\/sites\/5\/2022\/09\/Mask-group-8-492x635.png 492w\" sizes=\"(max-width: 1144px) 100vw, 1144px\" \/><\/figure><\/div>\t\t\t<div class=\"col-12 col-lg-6 col-xl-4 offset-lg-1 offset-xl-2\">\n\t\t\t\t<h2 class=\"text-dark-2 fs-36 fs-xl-48 lh-14 fw-500 mr-xl--n24\">Service Level Agreement<\/h2><div class=\"mt--24 fs-17 lh-155 text-dark-3 last-child-mb-0\"><p><span style=\"font-weight: 400\">Wiemy, jak wa\u017cne jest planowanie i wyznaczanie realnych cel\u00f3w. Dlatego bardzo powa\u017cnie traktujemy umowy SLA. Opiszemy, jakie s\u0105 rezultaty, kto jest Twoim g\u0142\u00f3wnym kontaktem po naszej stronie, a tak\u017ce jakie s\u0105 wska\u017aniki udanej wsp\u00f3\u0142pracy. W skr\u00f3cie \u2013 SLA to gwarancja, \u017ce b\u0119dziesz mia\u0142 to, czego potrzebujesz.<\/span><\/p>\n<\/div><a href=\"https:\/\/itcraftapps.com\/pl\/uslugi\/umowa-o-gwarantowanym-poziomie-uslug\/\" class=\"btn btn-lg btn-black mt--40\"><span>Zobacz wi\u0119cej<\/span><\/a>\t\t\t<\/div>\n\t\t<\/div>\n\t<\/div>\n<\/section>\n\n\n\n<section id=\"przej\u0119cie-projektu\" class=\"block-services-5-image-text pt--100 pt-lg--80\">\n\t<div class=\"container\">\n\t\t<div class=\"row align-items-center flex-lg-row-reverse\">\n\t\t\t<div class=\"col-12 col-lg-5 mb--40 mb-lg-0 offset-lg-1 offset-xl-2\"><figure class=\"mb-0\"><img decoding=\"async\" width=\"670\" height=\"670\" src=\"https:\/\/itcraftapps.com\/pl\/wp-content\/uploads\/sites\/5\/2022\/09\/service-single-img-1.png\" class=\"d-block d-lg-none img-fluid\" alt=\"\" srcset=\"https:\/\/itcraftapps.com\/pl\/wp-content\/uploads\/sites\/5\/2022\/09\/service-single-img-1.png 670w, https:\/\/itcraftapps.com\/pl\/wp-content\/uploads\/sites\/5\/2022\/09\/service-single-img-1-300x300.png 300w, https:\/\/itcraftapps.com\/pl\/wp-content\/uploads\/sites\/5\/2022\/09\/service-single-img-1-150x150.png 150w, https:\/\/itcraftapps.com\/pl\/wp-content\/uploads\/sites\/5\/2022\/09\/service-single-img-1-492x492.png 492w\" sizes=\"(max-width: 670px) 100vw, 670px\" \/><img decoding=\"async\" width=\"1144\" height=\"1476\" src=\"https:\/\/itcraftapps.com\/pl\/wp-content\/uploads\/sites\/5\/2022\/09\/Mask-group-1-1.png\" class=\"img-fluid d-none d-lg-block\" alt=\"\" srcset=\"https:\/\/itcraftapps.com\/pl\/wp-content\/uploads\/sites\/5\/2022\/09\/Mask-group-1-1.png 1144w, https:\/\/itcraftapps.com\/pl\/wp-content\/uploads\/sites\/5\/2022\/09\/Mask-group-1-1-233x300.png 233w, https:\/\/itcraftapps.com\/pl\/wp-content\/uploads\/sites\/5\/2022\/09\/Mask-group-1-1-794x1024.png 794w, https:\/\/itcraftapps.com\/pl\/wp-content\/uploads\/sites\/5\/2022\/09\/Mask-group-1-1-768x991.png 768w, https:\/\/itcraftapps.com\/pl\/wp-content\/uploads\/sites\/5\/2022\/09\/Mask-group-1-1-792x1022.png 792w, https:\/\/itcraftapps.com\/pl\/wp-content\/uploads\/sites\/5\/2022\/09\/Mask-group-1-1-492x635.png 492w\" sizes=\"(max-width: 1144px) 100vw, 1144px\" \/><\/figure><\/div>\t\t\t<div class=\"col-12 col-lg-6 col-xl-4 \">\n\t\t\t\t<h2 class=\"text-dark-2 fs-36 fs-xl-48 lh-14 fw-500 mr-xl--n24\">Przej\u0119cie Projektu<\/h2><div class=\"mt--24 fs-17 lh-155 text-dark-3 last-child-mb-0\"><p><span style=\"font-weight: 400\">Zrozumienie wizji i misji jest podstaw\u0105 zrozumienia, o co chodzi w Twojej firmie i projekcie. Kluczem jest p\u0142ynne przej\u015bcie i poprowadzenie go w kierunku sukcesu. C\u00f3\u017c, mamy tu prawdziwych graczy \u2013 nasi Project Managerowie to naprawd\u0119 do\u015bwiadczeni ludzie. Dlatego w ka\u017cdej chwili mo\u017cemy przej\u0105\u0107 ster i poprowadzi\u0107 Tw\u00f3j projekt.<\/span><\/p>\n<\/div><a href=\"https:\/\/itcraftapps.com\/pl\/uslugi\/przejecie-projektu\/\" class=\"btn btn-lg btn-black mt--40\"><span>Zobacz wi\u0119cej<\/span><\/a>\t\t\t<\/div>\n\t\t<\/div>\n\t<\/div>\n<\/section>\n\n\n\n<section id=\"devops\" class=\"block-services-5-image-text pt--100 pt-lg--80 pb--80 pb-lg--140\">\n\t<div class=\"container\">\n\t\t<div class=\"row align-items-center \">\n\t\t\t<div class=\"col-12 col-lg-5 mb--40 mb-lg-0 \"><figure class=\"mb-0\"><img decoding=\"async\" width=\"670\" height=\"670\" src=\"https:\/\/itcraftapps.com\/pl\/wp-content\/uploads\/sites\/5\/2022\/09\/service-single-img-2.png\" class=\"d-block d-lg-none img-fluid\" alt=\"\" srcset=\"https:\/\/itcraftapps.com\/pl\/wp-content\/uploads\/sites\/5\/2022\/09\/service-single-img-2.png 670w, https:\/\/itcraftapps.com\/pl\/wp-content\/uploads\/sites\/5\/2022\/09\/service-single-img-2-300x300.png 300w, https:\/\/itcraftapps.com\/pl\/wp-content\/uploads\/sites\/5\/2022\/09\/service-single-img-2-150x150.png 150w, https:\/\/itcraftapps.com\/pl\/wp-content\/uploads\/sites\/5\/2022\/09\/service-single-img-2-492x492.png 492w\" sizes=\"(max-width: 670px) 100vw, 670px\" \/><img decoding=\"async\" width=\"1144\" height=\"1476\" src=\"https:\/\/itcraftapps.com\/pl\/wp-content\/uploads\/sites\/5\/2022\/09\/Mask-group-10.png\" class=\"img-fluid d-none d-lg-block\" alt=\"\" srcset=\"https:\/\/itcraftapps.com\/pl\/wp-content\/uploads\/sites\/5\/2022\/09\/Mask-group-10.png 1144w, https:\/\/itcraftapps.com\/pl\/wp-content\/uploads\/sites\/5\/2022\/09\/Mask-group-10-233x300.png 233w, https:\/\/itcraftapps.com\/pl\/wp-content\/uploads\/sites\/5\/2022\/09\/Mask-group-10-794x1024.png 794w, https:\/\/itcraftapps.com\/pl\/wp-content\/uploads\/sites\/5\/2022\/09\/Mask-group-10-768x991.png 768w, https:\/\/itcraftapps.com\/pl\/wp-content\/uploads\/sites\/5\/2022\/09\/Mask-group-10-792x1022.png 792w, https:\/\/itcraftapps.com\/pl\/wp-content\/uploads\/sites\/5\/2022\/09\/Mask-group-10-492x635.png 492w\" sizes=\"(max-width: 1144px) 100vw, 1144px\" \/><\/figure><\/div>\t\t\t<div class=\"col-12 col-lg-6 col-xl-4 offset-lg-1 offset-xl-2\">\n\t\t\t\t<h2 class=\"text-dark-2 fs-36 fs-xl-48 lh-14 fw-500 mr-xl--n24\">DevOps<\/h2><div class=\"mt--24 fs-17 lh-155 text-dark-3 last-child-mb-0\"><p><span style=\"font-weight: 400\">Jak szybko mo\u017cna dostarczy\u0107 w pe\u0142ni dzia\u0142aj\u0105cy i dobrze przetestowany produkt? Najwy\u017cszej klasy narz\u0119dzia, super komunikacja, dopracowane procesy \u2013 tego potrzebujesz. Ale hej, nie musisz rozwija\u0107 ich od zera. Oszcz\u0119dzaj czas \u2013 my wiemy, jak to robi\u0107. Od kodowania po utrzymanie i wsparcie \u2014 mamy wszystko dla Ciebie.<\/span><\/p>\n<\/div><a href=\"https:\/\/itcraftapps.com\/pl\/uslugi\/devops\/\" class=\"btn btn-lg btn-black mt--40\"><span>Zobacz wi\u0119cej<\/span><\/a>\t\t\t<\/div>\n\t\t<\/div>\n\t<\/div>\n<\/section>\n\n\n\n<section class=\"block-base-cta-1 bg-dark-4 pt--93 pt-lg--180 pb--100 pb-lg--180\" data-scroll-theme>\n\t<div class=\"container d-lg-flex align-items-end\">\n\t\t<h3 class=\"text-white fs-32 fs-lg-56 fw-500 lh-14 mb--0 d-flex flex-wrap flex-grow-1 pr-lg--48\"><span class=\"w-lg-100\">Masz projekt?<\/span>\r\n<span class=\"w-100\"><\/span>\r\n<span class=\"col px-0 mr--15 mr-lg--22 h-px bg-white flex-shrink-0 align-self-center\"><\/span>\r\n<span>Porozmawiajmy<\/span><\/h3><a href=\"https:\/\/itcraftapps.com\/pl\/kontakt\/\" class=\"btn btn-white btn-lg rounded-pill d-table mt--80 mt-lg--0 mx-auto mx-lg-0\"><span>Skontaktuj si\u0119<\/span><\/a>\t<\/div>\n<\/section>\n","protected":false},"excerpt":{"rendered":"","protected":false},"author":16,"featured_media":0,"parent":13,"menu_order":0,"comment_status":"closed","ping_status":"closed","template":"templates\/template-fullwidth.php","meta":{"_acf_changed":false,"inline_featured_image":false,"footnotes":""},"class_list":["post-25412","page","type-page","status-publish"],"acf":[],"yoast_head":"<!-- This site is optimized with the Yoast SEO plugin v25.5 - https:\/\/yoast.com\/wordpress\/plugins\/seo\/ -->\n<title>Support - Aplikacje mobilne i webowe dla firm | itCraft<\/title>\n<meta name=\"description\" content=\"Otrzymaj wsparcie ekspert\u00f3w, gwarancj\u0119 SLA, p\u0142ynne przej\u0119cie projektu i szybkie wdro\u017cenie z DevOps.\" \/>\n<meta name=\"robots\" content=\"index, follow, max-snippet:-1, max-image-preview:large, max-video-preview:-1\" \/>\n<link rel=\"canonical\" href=\"https:\/\/itcraftapps.com\/pl\/uslugi\/support\/\" \/>\n<meta property=\"og:locale\" content=\"pl_PL\" \/>\n<meta property=\"og:type\" content=\"article\" \/>\n<meta property=\"og:title\" content=\"Support - Aplikacje mobilne i webowe dla firm | itCraft\" \/>\n<meta property=\"og:description\" content=\"Otrzymaj wsparcie ekspert\u00f3w, gwarancj\u0119 SLA, p\u0142ynne przej\u0119cie projektu i szybkie wdro\u017cenie z DevOps.\" \/>\n<meta property=\"og:url\" content=\"https:\/\/itcraftapps.com\/pl\/uslugi\/support\/\" \/>\n<meta property=\"og:site_name\" content=\"Aplikacje mobilne i webowe dla firm | itCraft\" \/>\n<meta property=\"article:modified_time\" content=\"2024-03-18T09:27:22+00:00\" \/>\n<meta property=\"og:image\" content=\"https:\/\/itcraftapps.com\/pl\/wp-content\/uploads\/sites\/5\/2023\/01\/Main_social_1200x630px.png\" \/>\n\t<meta property=\"og:image:width\" content=\"1200\" \/>\n\t<meta property=\"og:image:height\" content=\"630\" \/>\n\t<meta property=\"og:image:type\" content=\"image\/png\" \/>\n<meta name=\"twitter:card\" content=\"summary_large_image\" \/>\n<!-- \/ Yoast SEO plugin. -->","yoast_head_json":{"title":"Support - Aplikacje mobilne i webowe dla firm | itCraft","description":"Otrzymaj wsparcie ekspert\u00f3w, gwarancj\u0119 SLA, p\u0142ynne przej\u0119cie projektu i szybkie wdro\u017cenie z DevOps.","robots":{"index":"index","follow":"follow","max-snippet":"max-snippet:-1","max-image-preview":"max-image-preview:large","max-video-preview":"max-video-preview:-1"},"canonical":"https:\/\/itcraftapps.com\/pl\/uslugi\/support\/","og_locale":"pl_PL","og_type":"article","og_title":"Support - Aplikacje mobilne i webowe dla firm | itCraft","og_description":"Otrzymaj wsparcie ekspert\u00f3w, gwarancj\u0119 SLA, p\u0142ynne przej\u0119cie projektu i szybkie wdro\u017cenie z DevOps.","og_url":"https:\/\/itcraftapps.com\/pl\/uslugi\/support\/","og_site_name":"Aplikacje mobilne i webowe dla firm | itCraft","article_modified_time":"2024-03-18T09:27:22+00:00","og_image":[{"width":1200,"height":630,"url":"https:\/\/itcraftapps.com\/pl\/wp-content\/uploads\/sites\/5\/2023\/01\/Main_social_1200x630px.png","type":"image\/png"}],"twitter_card":"summary_large_image","schema":{"@context":"https:\/\/schema.org","@graph":[{"@type":"WebPage","@id":"https:\/\/itcraftapps.com\/pl\/uslugi\/support\/","url":"https:\/\/itcraftapps.com\/pl\/uslugi\/support\/","name":"Support - Aplikacje mobilne i webowe dla firm | itCraft","isPartOf":{"@id":"https:\/\/itcraftapps.com\/pl\/#website"},"datePublished":"2022-09-19T09:07:40+00:00","dateModified":"2024-03-18T09:27:22+00:00","description":"Otrzymaj wsparcie ekspert\u00f3w, gwarancj\u0119 SLA, p\u0142ynne przej\u0119cie projektu i szybkie wdro\u017cenie z DevOps.","breadcrumb":{"@id":"https:\/\/itcraftapps.com\/pl\/uslugi\/support\/#breadcrumb"},"inLanguage":"pl-PL","potentialAction":[{"@type":"ReadAction","target":["https:\/\/itcraftapps.com\/pl\/uslugi\/support\/"]}]},{"@type":"BreadcrumbList","@id":"https:\/\/itcraftapps.com\/pl\/uslugi\/support\/#breadcrumb","itemListElement":[{"@type":"ListItem","position":1,"name":"Home","item":"https:\/\/itcraftapps.com\/pl\/"},{"@type":"ListItem","position":2,"name":"Us\u0142ugi","item":"https:\/\/itcraftapps.com\/pl\/uslugi\/"},{"@type":"ListItem","position":3,"name":"Support"}]},{"@type":"WebSite","@id":"https:\/\/itcraftapps.com\/pl\/#website","url":"https:\/\/itcraftapps.com\/pl\/","name":"Aplikacje mobilne i webowe dla firm | itCraft","description":"","potentialAction":[{"@type":"SearchAction","target":{"@type":"EntryPoint","urlTemplate":"https:\/\/itcraftapps.com\/pl\/?s={search_term_string}"},"query-input":{"@type":"PropertyValueSpecification","valueRequired":true,"valueName":"search_term_string"}}],"inLanguage":"pl-PL"}]}},"_links":{"self":[{"href":"https:\/\/itcraftapps.com\/pl\/wp-json\/wp\/v2\/pages\/25412","targetHints":{"allow":["GET"]}}],"collection":[{"href":"https:\/\/itcraftapps.com\/pl\/wp-json\/wp\/v2\/pages"}],"about":[{"href":"https:\/\/itcraftapps.com\/pl\/wp-json\/wp\/v2\/types\/page"}],"author":[{"embeddable":true,"href":"https:\/\/itcraftapps.com\/pl\/wp-json\/wp\/v2\/users\/16"}],"replies":[{"embeddable":true,"href":"https:\/\/itcraftapps.com\/pl\/wp-json\/wp\/v2\/comments?post=25412"}],"version-history":[{"count":0,"href":"https:\/\/itcraftapps.com\/pl\/wp-json\/wp\/v2\/pages\/25412\/revisions"}],"up":[{"embeddable":true,"href":"https:\/\/itcraftapps.com\/pl\/wp-json\/wp\/v2\/pages\/13"}],"wp:attachment":[{"href":"https:\/\/itcraftapps.com\/pl\/wp-json\/wp\/v2\/media?parent=25412"}],"curies":[{"name":"wp","href":"https:\/\/api.w.org\/{rel}","templated":true}]}}