{"id":25408,"date":"2022-09-19T11:06:20","date_gmt":"2022-09-19T09:06:20","guid":{"rendered":"https:\/\/wp-test.itcraft.pl\/?page_id=25408"},"modified":"2023-06-23T03:19:30","modified_gmt":"2023-06-23T01:19:30","slug":"product-design","status":"publish","type":"page","link":"https:\/\/itcraftapps.com\/pl\/uslugi\/product-design\/","title":{"rendered":"Product Design"},"content":{"rendered":"\n<section class=\"block-services-5-hero position-relative overflow-hidden bg-dark-4\" data-scroll-theme>\n\t<img decoding=\"async\" width=\"834\" height=\"1200\" src=\"https:\/\/itcraftapps.com\/pl\/wp-content\/uploads\/sites\/5\/2022\/09\/product-design-bg.svg\" class=\"d-none d-lg-block img-fluid position-absolute bottom-0 right-0\" alt=\"\" \/>\t<div class=\"container d-flex flex-column min-vh-100 text-white pb--40 pb-lg--120 justify-content-center\">\n\t\t<div class=\"mt-auto mb--80\"><\/div><figure class=\"col-7 col-md-12 px-0 mb--40 mb-lg--56\"><img decoding=\"async\" width=\"249\" height=\"248\" src=\"https:\/\/itcraftapps.com\/pl\/wp-content\/uploads\/sites\/5\/2022\/09\/product-design-anim.svg\" class=\"d-block img-fluid\" alt=\"\" \/><\/figure><h1 class=\"fs-36 fs-lg-56 fs-xl-74 fw-500 lh-13 mb--0\">Product Design<\/h1><div class=\"text-dark-5 fs-24 fs-lg-40 lh-15 fw-500 mt--16 mt-lg--24\">Wykorzystaj Design Thinking <br \/>\r\naby osi\u0105gn\u0105\u0107 cele biznesowe<\/div><div class=\"mb--80\"><\/div><nav class=\"nav-pills-2 nav-pills-2--style-outline-gray nav-pills-2--mobile-sm mt--auto\"><ul class=\"d-flex flex-row gap-8\"><li><a href=\"#ux-research\">UX Research<\/a><\/li><li><a href=\"#ux-design\">UX Design<\/a><\/li><li><a href=\"#ui-design\">UI Design<\/a><\/li><li><a href=\"#branding\">Branding<\/a><\/li><li><a href=\"#usability-testing\">Usability Testing<\/a><\/li><li><a href=\"#design-sprint\">Design Sprint<\/a><\/li><\/ul><\/nav>\t<\/div>\n<\/section>\n\n\n\n<section id=\"ux-research\" class=\"block-services-5-image-text pt--40 pt-lg--140\">\n\t<div class=\"container\">\n\t\t<div class=\"row align-items-center \">\n\t\t\t<div class=\"col-12 col-lg-5 mb--40 mb-lg-0 \"><figure class=\"mb-0\"><img decoding=\"async\" width=\"670\" height=\"670\" src=\"https:\/\/itcraftapps.com\/pl\/wp-content\/uploads\/sites\/5\/2022\/09\/service-single-img-6.png\" class=\"d-block d-lg-none img-fluid\" alt=\"\" srcset=\"https:\/\/itcraftapps.com\/pl\/wp-content\/uploads\/sites\/5\/2022\/09\/service-single-img-6.png 670w, https:\/\/itcraftapps.com\/pl\/wp-content\/uploads\/sites\/5\/2022\/09\/service-single-img-6-300x300.png 300w, https:\/\/itcraftapps.com\/pl\/wp-content\/uploads\/sites\/5\/2022\/09\/service-single-img-6-150x150.png 150w, https:\/\/itcraftapps.com\/pl\/wp-content\/uploads\/sites\/5\/2022\/09\/service-single-img-6-492x492.png 492w\" sizes=\"(max-width: 670px) 100vw, 670px\" \/><img decoding=\"async\" width=\"1144\" height=\"1476\" src=\"https:\/\/itcraftapps.com\/pl\/wp-content\/uploads\/sites\/5\/2022\/09\/Mask-group-4.png\" class=\"img-fluid d-none d-lg-block\" alt=\"\" srcset=\"https:\/\/itcraftapps.com\/pl\/wp-content\/uploads\/sites\/5\/2022\/09\/Mask-group-4.png 1144w, https:\/\/itcraftapps.com\/pl\/wp-content\/uploads\/sites\/5\/2022\/09\/Mask-group-4-233x300.png 233w, https:\/\/itcraftapps.com\/pl\/wp-content\/uploads\/sites\/5\/2022\/09\/Mask-group-4-794x1024.png 794w, https:\/\/itcraftapps.com\/pl\/wp-content\/uploads\/sites\/5\/2022\/09\/Mask-group-4-768x991.png 768w, https:\/\/itcraftapps.com\/pl\/wp-content\/uploads\/sites\/5\/2022\/09\/Mask-group-4-792x1022.png 792w, https:\/\/itcraftapps.com\/pl\/wp-content\/uploads\/sites\/5\/2022\/09\/Mask-group-4-492x635.png 492w\" sizes=\"(max-width: 1144px) 100vw, 1144px\" \/><\/figure><\/div>\t\t\t<div class=\"col-12 col-lg-6 col-xl-4 offset-lg-1 offset-xl-2\">\n\t\t\t\t<h2 class=\"text-dark-2 fs-36 fs-xl-48 lh-14 fw-500 mr-xl--n24\">UX Research<\/h2><div class=\"mt--24 fs-17 lh-155 text-dark-3 last-child-mb-0\"><p>Ca\u0142o\u015bciowe zrozumienie odbiorc\u00f3w i potrzeb u\u017cytkownik\u00f3w ma kluczowe znaczenie dla Twojego nowego produktu. Identyfikacja zachowa\u0144, dostrzeganie wzorc\u00f3w i wykorzystywanie ich pomo\u017ce Ci wyr\u00f3\u017cni\u0107 si\u0119 z t\u0142umu. Stosujemy metody ilo\u015bciowe i jako\u015bciowe, aby zebra\u0107 bezcenne dane o docelowych odbiorcach Twojego produktu. To dzia\u0142a, zaufaj nam.<\/p>\n<\/div><a href=\"https:\/\/itcraftapps.com\/pl\/uslugi\/ux-research\/\" class=\"btn btn-lg btn-black mt--40\"><span>Zobacz wi\u0119cej<\/span><\/a>\t\t\t<\/div>\n\t\t<\/div>\n\t<\/div>\n<\/section>\n\n\n\n<section id=\"ux-design\" class=\"block-services-5-image-text pt--100 pt-lg--80\">\n\t<div class=\"container\">\n\t\t<div class=\"row align-items-center flex-lg-row-reverse\">\n\t\t\t<div class=\"col-12 col-lg-5 mb--40 mb-lg-0 offset-lg-1 offset-xl-2\"><figure class=\"mb-0\"><img decoding=\"async\" width=\"670\" height=\"670\" src=\"https:\/\/itcraftapps.com\/pl\/wp-content\/uploads\/sites\/5\/2022\/09\/Frame-34722-4.png\" class=\"d-block d-lg-none img-fluid\" alt=\"\" srcset=\"https:\/\/itcraftapps.com\/pl\/wp-content\/uploads\/sites\/5\/2022\/09\/Frame-34722-4.png 670w, https:\/\/itcraftapps.com\/pl\/wp-content\/uploads\/sites\/5\/2022\/09\/Frame-34722-4-300x300.png 300w, https:\/\/itcraftapps.com\/pl\/wp-content\/uploads\/sites\/5\/2022\/09\/Frame-34722-4-150x150.png 150w, https:\/\/itcraftapps.com\/pl\/wp-content\/uploads\/sites\/5\/2022\/09\/Frame-34722-4-492x492.png 492w\" sizes=\"(max-width: 670px) 100vw, 670px\" \/><img decoding=\"async\" width=\"1144\" height=\"1476\" src=\"https:\/\/itcraftapps.com\/pl\/wp-content\/uploads\/sites\/5\/2022\/09\/Mask-group-3-1.png\" class=\"img-fluid d-none d-lg-block\" alt=\"\" srcset=\"https:\/\/itcraftapps.com\/pl\/wp-content\/uploads\/sites\/5\/2022\/09\/Mask-group-3-1.png 1144w, https:\/\/itcraftapps.com\/pl\/wp-content\/uploads\/sites\/5\/2022\/09\/Mask-group-3-1-233x300.png 233w, https:\/\/itcraftapps.com\/pl\/wp-content\/uploads\/sites\/5\/2022\/09\/Mask-group-3-1-794x1024.png 794w, https:\/\/itcraftapps.com\/pl\/wp-content\/uploads\/sites\/5\/2022\/09\/Mask-group-3-1-768x991.png 768w, https:\/\/itcraftapps.com\/pl\/wp-content\/uploads\/sites\/5\/2022\/09\/Mask-group-3-1-792x1022.png 792w, https:\/\/itcraftapps.com\/pl\/wp-content\/uploads\/sites\/5\/2022\/09\/Mask-group-3-1-492x635.png 492w\" sizes=\"(max-width: 1144px) 100vw, 1144px\" \/><\/figure><\/div>\t\t\t<div class=\"col-12 col-lg-6 col-xl-4 \">\n\t\t\t\t<h2 class=\"text-dark-2 fs-36 fs-xl-48 lh-14 fw-500 mr-xl--n24\">UX Design<\/h2><div class=\"mt--24 fs-17 lh-155 text-dark-3 last-child-mb-0\"><p>Sprawienie, by produkt by\u0142 u\u017cyteczny, jest wa\u017cne, ale zapewnienie u\u017cytkownikom wci\u0105gaj\u0105cej i spersonalizowanej us\u0142ugi ma kluczowe znaczenie. Nie pozw\u00f3l, aby Twoi klienci zatracili si\u0119 w Twoim produkcie. Potrzebuj\u0105 atrakcyjnego wizualnie iw pe\u0142ni funkcjonalnego projektu. Sp\u00f3jrz, pomy\u015bl tylko \u2013 dlaczego u\u017cywasz swoich ulubionych aplikacji? Poniewa\u017c maj\u0105 wszystko, czego potrzebujesz i sprawili, \u017ce chcesz je mie\u0107 od pierwszego wejrzenia.<\/p>\n<\/div><a href=\"https:\/\/itcraftapps.com\/pl\/uslugi\/ux-design\/\" class=\"btn btn-lg btn-black mt--40\"><span>Zobacz wi\u0119cej<\/span><\/a>\t\t\t<\/div>\n\t\t<\/div>\n\t<\/div>\n<\/section>\n\n\n\n<section id=\"ui-design\" class=\"block-services-5-image-text pt--100 pt-lg--80\">\n\t<div class=\"container\">\n\t\t<div class=\"row align-items-center \">\n\t\t\t<div class=\"col-12 col-lg-5 mb--40 mb-lg-0 \"><figure class=\"mb-0\"><img decoding=\"async\" width=\"670\" height=\"670\" src=\"https:\/\/itcraftapps.com\/pl\/wp-content\/uploads\/sites\/5\/2022\/09\/Frame-34722-1-2.png\" class=\"d-block d-lg-none img-fluid\" alt=\"\" srcset=\"https:\/\/itcraftapps.com\/pl\/wp-content\/uploads\/sites\/5\/2022\/09\/Frame-34722-1-2.png 670w, https:\/\/itcraftapps.com\/pl\/wp-content\/uploads\/sites\/5\/2022\/09\/Frame-34722-1-2-300x300.png 300w, https:\/\/itcraftapps.com\/pl\/wp-content\/uploads\/sites\/5\/2022\/09\/Frame-34722-1-2-150x150.png 150w, https:\/\/itcraftapps.com\/pl\/wp-content\/uploads\/sites\/5\/2022\/09\/Frame-34722-1-2-492x492.png 492w\" sizes=\"(max-width: 670px) 100vw, 670px\" \/><img decoding=\"async\" width=\"1144\" height=\"1476\" src=\"https:\/\/itcraftapps.com\/pl\/wp-content\/uploads\/sites\/5\/2022\/09\/Mask-group-2-2.png\" class=\"img-fluid d-none d-lg-block\" alt=\"\" srcset=\"https:\/\/itcraftapps.com\/pl\/wp-content\/uploads\/sites\/5\/2022\/09\/Mask-group-2-2.png 1144w, https:\/\/itcraftapps.com\/pl\/wp-content\/uploads\/sites\/5\/2022\/09\/Mask-group-2-2-233x300.png 233w, https:\/\/itcraftapps.com\/pl\/wp-content\/uploads\/sites\/5\/2022\/09\/Mask-group-2-2-794x1024.png 794w, https:\/\/itcraftapps.com\/pl\/wp-content\/uploads\/sites\/5\/2022\/09\/Mask-group-2-2-768x991.png 768w, https:\/\/itcraftapps.com\/pl\/wp-content\/uploads\/sites\/5\/2022\/09\/Mask-group-2-2-792x1022.png 792w, https:\/\/itcraftapps.com\/pl\/wp-content\/uploads\/sites\/5\/2022\/09\/Mask-group-2-2-492x635.png 492w\" sizes=\"(max-width: 1144px) 100vw, 1144px\" \/><\/figure><\/div>\t\t\t<div class=\"col-12 col-lg-6 col-xl-4 offset-lg-1 offset-xl-2\">\n\t\t\t\t<h2 class=\"text-dark-2 fs-36 fs-xl-48 lh-14 fw-500 mr-xl--n24\">UI Design<\/h2><div class=\"mt--24 fs-17 lh-155 text-dark-3 last-child-mb-0\"><p>Doskonale stworzony interfejs pomaga u\u017cytkownikom wykonywa\u0107 zadania bez \u017cadnego wysi\u0142ku. Wiadomo, mapy customer journey s\u0105 kluczowe, ale to nie wszystko. Chodzi o przewidywanie potrzeb u\u017cytkownik\u00f3w i \u0142\u0105czenie tego ze spersonalizowanym do\u015bwiadczeniem. Dodaj do tego warto\u015bci marki i kawa\u0142ek serca. Emocjonalny design sprawi, \u017ce Twoi u\u017cytkownicy wr\u00f3c\u0105 po wi\u0119cej. To dzia\u0142a, naprawd\u0119.<\/p>\n<\/div><a href=\"https:\/\/itcraftapps.com\/pl\/uslugi\/ui-design\/\" class=\"btn btn-lg btn-black mt--40\"><span>Zobacz wi\u0119cej<\/span><\/a>\t\t\t<\/div>\n\t\t<\/div>\n\t<\/div>\n<\/section>\n\n\n\n<section id=\"branding\" class=\"block-services-5-image-text pt--100 pt-lg--80\">\n\t<div class=\"container\">\n\t\t<div class=\"row align-items-center flex-lg-row-reverse\">\n\t\t\t<div class=\"col-12 col-lg-5 mb--40 mb-lg-0 offset-lg-1 offset-xl-2\"><figure class=\"mb-0\"><img decoding=\"async\" width=\"670\" height=\"670\" src=\"https:\/\/itcraftapps.com\/pl\/wp-content\/uploads\/sites\/5\/2022\/09\/service-single-img-3.png\" class=\"d-block d-lg-none img-fluid\" alt=\"\" srcset=\"https:\/\/itcraftapps.com\/pl\/wp-content\/uploads\/sites\/5\/2022\/09\/service-single-img-3.png 670w, https:\/\/itcraftapps.com\/pl\/wp-content\/uploads\/sites\/5\/2022\/09\/service-single-img-3-300x300.png 300w, https:\/\/itcraftapps.com\/pl\/wp-content\/uploads\/sites\/5\/2022\/09\/service-single-img-3-150x150.png 150w, https:\/\/itcraftapps.com\/pl\/wp-content\/uploads\/sites\/5\/2022\/09\/service-single-img-3-492x492.png 492w\" sizes=\"(max-width: 670px) 100vw, 670px\" \/><img decoding=\"async\" width=\"1144\" height=\"1476\" src=\"https:\/\/itcraftapps.com\/pl\/wp-content\/uploads\/sites\/5\/2022\/09\/itcraft_branding_photo_1.png\" class=\"img-fluid d-none d-lg-block\" alt=\"\" srcset=\"https:\/\/itcraftapps.com\/pl\/wp-content\/uploads\/sites\/5\/2022\/09\/itcraft_branding_photo_1.png 1144w, https:\/\/itcraftapps.com\/pl\/wp-content\/uploads\/sites\/5\/2022\/09\/itcraft_branding_photo_1-233x300.png 233w, https:\/\/itcraftapps.com\/pl\/wp-content\/uploads\/sites\/5\/2022\/09\/itcraft_branding_photo_1-794x1024.png 794w, https:\/\/itcraftapps.com\/pl\/wp-content\/uploads\/sites\/5\/2022\/09\/itcraft_branding_photo_1-768x991.png 768w, https:\/\/itcraftapps.com\/pl\/wp-content\/uploads\/sites\/5\/2022\/09\/itcraft_branding_photo_1-792x1022.png 792w, https:\/\/itcraftapps.com\/pl\/wp-content\/uploads\/sites\/5\/2022\/09\/itcraft_branding_photo_1-492x635.png 492w\" sizes=\"(max-width: 1144px) 100vw, 1144px\" \/><\/figure><\/div>\t\t\t<div class=\"col-12 col-lg-6 col-xl-4 \">\n\t\t\t\t<h2 class=\"text-dark-2 fs-36 fs-xl-48 lh-14 fw-500 mr-xl--n24\">Branding<\/h2><div class=\"mt--24 fs-17 lh-155 text-dark-3 last-child-mb-0\"><p>Dlaczego potrzebujesz brandingu? To proste. Pomy\u015bl o \u015awi\u0119tym Miko\u0142aju. To ten starszy facet ubrany na czerwono i bia\u0142o, prawda? Ot\u00f3\u017c nie. Taki wizerunek \u015awi\u0119tego Miko\u0142aja stworzy\u0142a marka Coca-Cola. To jest prawdziwa si\u0142a brandingu. Nie masz wi\u0119c w\u0105tpliwo\u015bci, \u017ce potrzebujesz pot\u0119\u017cnych ekspert\u00f3w od brandingu, prawda? No w\u0142a\u015bnie. Porozmawiajmy o Twojej marce.<\/p>\n<\/div><a href=\"https:\/\/itcraftapps.com\/pl\/uslugi\/branding\/\" class=\"btn btn-lg btn-black mt--40\"><span>Zobacz wi\u0119cej<\/span><\/a>\t\t\t<\/div>\n\t\t<\/div>\n\t<\/div>\n<\/section>\n\n\n\n<section id=\"usability-testing\" class=\"block-services-5-image-text pt--100 pt-lg--80\">\n\t<div class=\"container\">\n\t\t<div class=\"row align-items-center \">\n\t\t\t<div class=\"col-12 col-lg-5 mb--40 mb-lg-0 \"><figure class=\"mb-0\"><img decoding=\"async\" width=\"670\" height=\"670\" src=\"https:\/\/itcraftapps.com\/pl\/wp-content\/uploads\/sites\/5\/2022\/09\/service-single-img-4.png\" class=\"d-block d-lg-none img-fluid\" alt=\"\" srcset=\"https:\/\/itcraftapps.com\/pl\/wp-content\/uploads\/sites\/5\/2022\/09\/service-single-img-4.png 670w, https:\/\/itcraftapps.com\/pl\/wp-content\/uploads\/sites\/5\/2022\/09\/service-single-img-4-300x300.png 300w, https:\/\/itcraftapps.com\/pl\/wp-content\/uploads\/sites\/5\/2022\/09\/service-single-img-4-150x150.png 150w, https:\/\/itcraftapps.com\/pl\/wp-content\/uploads\/sites\/5\/2022\/09\/service-single-img-4-492x492.png 492w\" sizes=\"(max-width: 670px) 100vw, 670px\" \/><img decoding=\"async\" width=\"1144\" height=\"1476\" src=\"https:\/\/itcraftapps.com\/pl\/wp-content\/uploads\/sites\/5\/2022\/09\/Mask-group-1.png\" class=\"img-fluid d-none d-lg-block\" alt=\"\" srcset=\"https:\/\/itcraftapps.com\/pl\/wp-content\/uploads\/sites\/5\/2022\/09\/Mask-group-1.png 1144w, https:\/\/itcraftapps.com\/pl\/wp-content\/uploads\/sites\/5\/2022\/09\/Mask-group-1-233x300.png 233w, https:\/\/itcraftapps.com\/pl\/wp-content\/uploads\/sites\/5\/2022\/09\/Mask-group-1-794x1024.png 794w, https:\/\/itcraftapps.com\/pl\/wp-content\/uploads\/sites\/5\/2022\/09\/Mask-group-1-768x991.png 768w, https:\/\/itcraftapps.com\/pl\/wp-content\/uploads\/sites\/5\/2022\/09\/Mask-group-1-792x1022.png 792w, https:\/\/itcraftapps.com\/pl\/wp-content\/uploads\/sites\/5\/2022\/09\/Mask-group-1-492x635.png 492w\" sizes=\"(max-width: 1144px) 100vw, 1144px\" \/><\/figure><\/div>\t\t\t<div class=\"col-12 col-lg-6 col-xl-4 offset-lg-1 offset-xl-2\">\n\t\t\t\t<h2 class=\"text-dark-2 fs-36 fs-xl-48 lh-14 fw-500 mr-xl--n24\">Usability Testing<\/h2><div class=\"mt--24 fs-17 lh-155 text-dark-3 last-child-mb-0\"><p>Musisz zderzy\u0107 klikalny prototyp z prawdziwymi u\u017cytkownikami (najlepiej personami dla twojego produktu). Nie musisz tego robi\u0107 samodzielnie. Szczerze m\u00f3wi\u0105c, zdecydowanie zalecamy, aby tego nie robi\u0107. Dlaczego? Poniewa\u017c jeste\u015bmy ekspertami w tej dziedzinie i zrobimy to szybciej i mniej Ci\u0119 to b\u0119dzie kosztowa\u0107 \u2013 dotrzemy w Twoim imieniu do po\u017c\u0105danych u\u017cytkownik\u00f3w.<\/p>\n<\/div><a href=\"https:\/\/itcraftapps.com\/pl\/uslugi\/usability-testing\/\" class=\"btn btn-lg btn-black mt--40\"><span>Zobacz wi\u0119cej<\/span><\/a>\t\t\t<\/div>\n\t\t<\/div>\n\t<\/div>\n<\/section>\n\n\n\n<section id=\"design-sprint\" class=\"block-services-5-image-text pt--100 pt-lg--80 pb--80 pb-lg--140\">\n\t<div class=\"container\">\n\t\t<div class=\"row align-items-center flex-lg-row-reverse\">\n\t\t\t<div class=\"col-12 col-lg-5 mb--40 mb-lg-0 offset-lg-1 offset-xl-2\"><figure class=\"mb-0\"><img decoding=\"async\" width=\"670\" height=\"670\" src=\"https:\/\/itcraftapps.com\/pl\/wp-content\/uploads\/sites\/5\/2022\/09\/service-single-img-5.png\" class=\"d-block d-lg-none img-fluid\" alt=\"\" srcset=\"https:\/\/itcraftapps.com\/pl\/wp-content\/uploads\/sites\/5\/2022\/09\/service-single-img-5.png 670w, https:\/\/itcraftapps.com\/pl\/wp-content\/uploads\/sites\/5\/2022\/09\/service-single-img-5-300x300.png 300w, https:\/\/itcraftapps.com\/pl\/wp-content\/uploads\/sites\/5\/2022\/09\/service-single-img-5-150x150.png 150w, https:\/\/itcraftapps.com\/pl\/wp-content\/uploads\/sites\/5\/2022\/09\/service-single-img-5-492x492.png 492w\" sizes=\"(max-width: 670px) 100vw, 670px\" \/><img decoding=\"async\" width=\"1144\" height=\"1476\" src=\"https:\/\/itcraftapps.com\/pl\/wp-content\/uploads\/sites\/5\/2022\/09\/Mask-group-9.png\" class=\"img-fluid d-none d-lg-block\" alt=\"\" srcset=\"https:\/\/itcraftapps.com\/pl\/wp-content\/uploads\/sites\/5\/2022\/09\/Mask-group-9.png 1144w, https:\/\/itcraftapps.com\/pl\/wp-content\/uploads\/sites\/5\/2022\/09\/Mask-group-9-233x300.png 233w, https:\/\/itcraftapps.com\/pl\/wp-content\/uploads\/sites\/5\/2022\/09\/Mask-group-9-794x1024.png 794w, https:\/\/itcraftapps.com\/pl\/wp-content\/uploads\/sites\/5\/2022\/09\/Mask-group-9-768x991.png 768w, https:\/\/itcraftapps.com\/pl\/wp-content\/uploads\/sites\/5\/2022\/09\/Mask-group-9-792x1022.png 792w, https:\/\/itcraftapps.com\/pl\/wp-content\/uploads\/sites\/5\/2022\/09\/Mask-group-9-492x635.png 492w\" sizes=\"(max-width: 1144px) 100vw, 1144px\" \/><\/figure><\/div>\t\t\t<div class=\"col-12 col-lg-6 col-xl-4 \">\n\t\t\t\t<h2 class=\"text-dark-2 fs-36 fs-xl-48 lh-14 fw-500 mr-xl--n24\">Design Sprint<\/h2><div class=\"mt--24 fs-17 lh-155 text-dark-3 last-child-mb-0\"><p>Posiadanie wizji w umy\u015ble to dobry pocz\u0105tek, ale potrzebujesz solidnego planu, aby urzeczywistni\u0107 t\u0119 wizj\u0119. Wi\u0105\u017ce si\u0119 to z weryfikacj\u0105 pomys\u0142\u00f3w i rozwi\u0105zywaniem wyzwa\u0144 (tak, b\u0119dzie ich du\u017co) po drodze. Nast\u0119pnie przetestujesz prototyp z prawdziwymi u\u017cytkownikami. Od wyznaczenia celu do stworzenia niesamowitej aplikacji potrzeba czasu. A my robimy to ca\u0142y czas.<\/p>\n<\/div>\t\t\t<\/div>\n\t\t<\/div>\n\t<\/div>\n<\/section>\n\n\n\n<section class=\"block-base-cta-1 bg-dark-4 pt--93 pt-lg--180 pb--100 pb-lg--180\" data-scroll-theme>\n\t<div class=\"container d-lg-flex align-items-end\">\n\t\t<h3 class=\"text-white fs-32 fs-lg-56 fw-500 lh-14 mb--0 d-flex flex-wrap flex-grow-1 pr-lg--48\"><span class=\"w-lg-100\">Masz projekt?<\/span>\r\n<span class=\"w-100\"><\/span>\r\n<span class=\"col px-0 mr--15 mr-lg--22 h-px bg-white flex-shrink-0 align-self-center\"><\/span>\r\n<span>Porozmawiajmy<\/span><\/h3><a href=\"https:\/\/itcraftapps.com\/pl\/kontakt\/\" class=\"btn btn-white btn-lg rounded-pill d-table mt--80 mt-lg--0 mx-auto mx-lg-0\"><span>Skontaktuj si\u0119<\/span><\/a>\t<\/div>\n<\/section>\n","protected":false},"excerpt":{"rendered":"","protected":false},"author":16,"featured_media":0,"parent":13,"menu_order":0,"comment_status":"closed","ping_status":"closed","template":"templates\/template-fullwidth.php","meta":{"_acf_changed":false,"inline_featured_image":false,"footnotes":""},"class_list":["post-25408","page","type-page","status-publish"],"acf":[],"yoast_head":"<!-- This site is optimized with the Yoast SEO plugin v25.5 - https:\/\/yoast.com\/wordpress\/plugins\/seo\/ -->\n<title>Product Design - Aplikacje mobilne i webowe dla firm | itCraft<\/title>\n<meta name=\"description\" content=\"Product Design | UX\/UI Design | Branding | Usability Testing | Design Sprint | Osi\u0105gnij cele biznesowe z pomoc\u0105 Design Thinking! #design #ux #ui #branding #usabilitytesting #designsprint\" \/>\n<meta name=\"robots\" content=\"index, follow, max-snippet:-1, max-image-preview:large, max-video-preview:-1\" \/>\n<link rel=\"canonical\" href=\"https:\/\/itcraftapps.com\/pl\/uslugi\/product-design\/\" \/>\n<meta property=\"og:locale\" content=\"pl_PL\" \/>\n<meta property=\"og:type\" content=\"article\" \/>\n<meta property=\"og:title\" content=\"Product Design - Aplikacje mobilne i webowe dla firm | itCraft\" \/>\n<meta property=\"og:description\" content=\"Product Design | UX\/UI Design | Branding | Usability Testing | Design Sprint | Osi\u0105gnij cele biznesowe z pomoc\u0105 Design Thinking! #design #ux #ui #branding #usabilitytesting #designsprint\" \/>\n<meta property=\"og:url\" content=\"https:\/\/itcraftapps.com\/pl\/uslugi\/product-design\/\" \/>\n<meta property=\"og:site_name\" content=\"Aplikacje mobilne i webowe dla firm | itCraft\" \/>\n<meta property=\"article:modified_time\" content=\"2023-06-23T01:19:30+00:00\" \/>\n<meta property=\"og:image\" content=\"https:\/\/itcraftapps.com\/pl\/wp-content\/uploads\/sites\/5\/2023\/01\/Main_social_1200x630px.png\" \/>\n\t<meta property=\"og:image:width\" content=\"1200\" \/>\n\t<meta property=\"og:image:height\" content=\"630\" \/>\n\t<meta property=\"og:image:type\" content=\"image\/png\" \/>\n<meta name=\"twitter:card\" content=\"summary_large_image\" \/>\n<!-- \/ Yoast SEO plugin. -->","yoast_head_json":{"title":"Product Design - Aplikacje mobilne i webowe dla firm | itCraft","description":"Product Design | UX\/UI Design | Branding | Usability Testing | Design Sprint | Osi\u0105gnij cele biznesowe z pomoc\u0105 Design Thinking! #design #ux #ui #branding #usabilitytesting #designsprint","robots":{"index":"index","follow":"follow","max-snippet":"max-snippet:-1","max-image-preview":"max-image-preview:large","max-video-preview":"max-video-preview:-1"},"canonical":"https:\/\/itcraftapps.com\/pl\/uslugi\/product-design\/","og_locale":"pl_PL","og_type":"article","og_title":"Product Design - Aplikacje mobilne i webowe dla firm | itCraft","og_description":"Product Design | UX\/UI Design | Branding | Usability Testing | Design Sprint | Osi\u0105gnij cele biznesowe z pomoc\u0105 Design Thinking! #design #ux #ui #branding #usabilitytesting #designsprint","og_url":"https:\/\/itcraftapps.com\/pl\/uslugi\/product-design\/","og_site_name":"Aplikacje mobilne i webowe dla firm | itCraft","article_modified_time":"2023-06-23T01:19:30+00:00","og_image":[{"width":1200,"height":630,"url":"https:\/\/itcraftapps.com\/pl\/wp-content\/uploads\/sites\/5\/2023\/01\/Main_social_1200x630px.png","type":"image\/png"}],"twitter_card":"summary_large_image","schema":{"@context":"https:\/\/schema.org","@graph":[{"@type":"WebPage","@id":"https:\/\/itcraftapps.com\/pl\/uslugi\/product-design\/","url":"https:\/\/itcraftapps.com\/pl\/uslugi\/product-design\/","name":"Product Design - Aplikacje mobilne i webowe dla firm | itCraft","isPartOf":{"@id":"https:\/\/itcraftapps.com\/pl\/#website"},"datePublished":"2022-09-19T09:06:20+00:00","dateModified":"2023-06-23T01:19:30+00:00","description":"Product Design | UX\/UI Design | Branding | Usability Testing | Design Sprint | Osi\u0105gnij cele biznesowe z pomoc\u0105 Design Thinking! #design #ux #ui #branding #usabilitytesting #designsprint","breadcrumb":{"@id":"https:\/\/itcraftapps.com\/pl\/uslugi\/product-design\/#breadcrumb"},"inLanguage":"pl-PL","potentialAction":[{"@type":"ReadAction","target":["https:\/\/itcraftapps.com\/pl\/uslugi\/product-design\/"]}]},{"@type":"BreadcrumbList","@id":"https:\/\/itcraftapps.com\/pl\/uslugi\/product-design\/#breadcrumb","itemListElement":[{"@type":"ListItem","position":1,"name":"Home","item":"https:\/\/itcraftapps.com\/pl\/"},{"@type":"ListItem","position":2,"name":"Us\u0142ugi","item":"https:\/\/itcraftapps.com\/pl\/uslugi\/"},{"@type":"ListItem","position":3,"name":"Product Design"}]},{"@type":"WebSite","@id":"https:\/\/itcraftapps.com\/pl\/#website","url":"https:\/\/itcraftapps.com\/pl\/","name":"Aplikacje mobilne i webowe dla firm | itCraft","description":"","potentialAction":[{"@type":"SearchAction","target":{"@type":"EntryPoint","urlTemplate":"https:\/\/itcraftapps.com\/pl\/?s={search_term_string}"},"query-input":{"@type":"PropertyValueSpecification","valueRequired":true,"valueName":"search_term_string"}}],"inLanguage":"pl-PL"}]}},"_links":{"self":[{"href":"https:\/\/itcraftapps.com\/pl\/wp-json\/wp\/v2\/pages\/25408","targetHints":{"allow":["GET"]}}],"collection":[{"href":"https:\/\/itcraftapps.com\/pl\/wp-json\/wp\/v2\/pages"}],"about":[{"href":"https:\/\/itcraftapps.com\/pl\/wp-json\/wp\/v2\/types\/page"}],"author":[{"embeddable":true,"href":"https:\/\/itcraftapps.com\/pl\/wp-json\/wp\/v2\/users\/16"}],"replies":[{"embeddable":true,"href":"https:\/\/itcraftapps.com\/pl\/wp-json\/wp\/v2\/comments?post=25408"}],"version-history":[{"count":0,"href":"https:\/\/itcraftapps.com\/pl\/wp-json\/wp\/v2\/pages\/25408\/revisions"}],"up":[{"embeddable":true,"href":"https:\/\/itcraftapps.com\/pl\/wp-json\/wp\/v2\/pages\/13"}],"wp:attachment":[{"href":"https:\/\/itcraftapps.com\/pl\/wp-json\/wp\/v2\/media?parent=25408"}],"curies":[{"name":"wp","href":"https:\/\/api.w.org\/{rel}","templated":true}]}}