{"id":25375,"date":"2022-09-19T08:12:05","date_gmt":"2022-09-19T06:12:05","guid":{"rendered":"https:\/\/wp-test.itcraft.pl\/?page_id=25375"},"modified":"2023-06-23T03:20:08","modified_gmt":"2023-06-23T01:20:08","slug":"product-discovery","status":"publish","type":"page","link":"https:\/\/itcraftapps.com\/pl\/uslugi\/product-discovery\/","title":{"rendered":"Product Discovery"},"content":{"rendered":"\n<section class=\"block-services-5-hero position-relative overflow-hidden bg-dark-4\" data-scroll-theme>\n\t<img decoding=\"async\" width=\"900\" height=\"1200\" src=\"https:\/\/itcraftapps.com\/pl\/wp-content\/uploads\/sites\/5\/2022\/09\/product-discovery-bg.svg\" class=\"d-none d-lg-block img-fluid position-absolute bottom-0 right-0\" alt=\"\" \/>\t<div class=\"container d-flex flex-column min-vh-100 text-white pb--40 pb-lg--120 justify-content-center\">\n\t\t<div class=\"mt-auto mb--80\"><\/div><figure class=\"col-7 col-md-12 px-0 mb--40 mb-lg--56\"><img decoding=\"async\" width=\"248\" height=\"246\" src=\"https:\/\/itcraftapps.com\/pl\/wp-content\/uploads\/sites\/5\/2022\/09\/product-discovery-anim.svg\" class=\"d-block img-fluid\" alt=\"\" \/><\/figure><h1 class=\"fs-36 fs-lg-56 fs-xl-74 fw-500 lh-13 mb--0\">Product Discovery<\/h1><div class=\"text-dark-5 fs-24 fs-lg-40 lh-15 fw-500 mt--16 mt-lg--24\">Produkt idealnie dopasowany <br \/>\r\ndo potrzeb u\u017cytkownik\u00f3w<\/div><div class=\"mb--80\"><\/div><nav class=\"nav-pills-2 nav-pills-2--style-outline-gray nav-pills-2--mobile-sm mt--auto\"><ul class=\"d-flex flex-row gap-8\"><li><a href=\"#discovery-workshops\">Discovery Workshops<\/a><\/li><li><a href=\"#product-strategy\">Strategia Produktu<\/a><\/li><li><a href=\"#pitch-deck\">Pitch Deck<\/a><\/li><li><a href=\"#ux-audit\">Audyt UX<\/a><\/li><li><a href=\"#analytics-audit\">Audyt Analityczny<\/a><\/li><\/ul><\/nav>\t<\/div>\n<\/section>\n\n\n\n<section id=\"discovery-workshops\" class=\"block-services-5-image-text pt--40 pt-lg--140\">\n\t<div class=\"container\">\n\t\t<div class=\"row align-items-center \">\n\t\t\t<div class=\"col-12 col-lg-5 mb--40 mb-lg-0 \"><figure class=\"mb-0\"><img decoding=\"async\" width=\"670\" height=\"670\" src=\"https:\/\/itcraftapps.com\/pl\/wp-content\/uploads\/sites\/5\/2022\/09\/photo14-2-1.png\" class=\"d-block d-lg-none img-fluid\" alt=\"\" srcset=\"https:\/\/itcraftapps.com\/pl\/wp-content\/uploads\/sites\/5\/2022\/09\/photo14-2-1.png 670w, https:\/\/itcraftapps.com\/pl\/wp-content\/uploads\/sites\/5\/2022\/09\/photo14-2-1-300x300.png 300w, https:\/\/itcraftapps.com\/pl\/wp-content\/uploads\/sites\/5\/2022\/09\/photo14-2-1-150x150.png 150w, https:\/\/itcraftapps.com\/pl\/wp-content\/uploads\/sites\/5\/2022\/09\/photo14-2-1-492x492.png 492w\" sizes=\"(max-width: 670px) 100vw, 670px\" \/><img decoding=\"async\" width=\"572\" height=\"738\" src=\"https:\/\/itcraftapps.com\/pl\/wp-content\/uploads\/sites\/5\/2022\/09\/photo14-2-1-1.png\" class=\"img-fluid d-none d-lg-block\" alt=\"\" srcset=\"https:\/\/itcraftapps.com\/pl\/wp-content\/uploads\/sites\/5\/2022\/09\/photo14-2-1-1.png 572w, https:\/\/itcraftapps.com\/pl\/wp-content\/uploads\/sites\/5\/2022\/09\/photo14-2-1-1-233x300.png 233w, https:\/\/itcraftapps.com\/pl\/wp-content\/uploads\/sites\/5\/2022\/09\/photo14-2-1-1-492x635.png 492w\" sizes=\"(max-width: 572px) 100vw, 572px\" \/><\/figure><\/div>\t\t\t<div class=\"col-12 col-lg-6 col-xl-4 offset-lg-1 offset-xl-2\">\n\t\t\t\t<h2 class=\"text-dark-2 fs-36 fs-xl-48 lh-14 fw-500 mr-xl--n24\">Discovery Workshops<\/h2><div class=\"mt--24 fs-17 lh-155 text-dark-3 last-child-mb-0\"><p><span style=\"font-weight: 400\">Szczeg\u00f3\u0142y s\u0105 wa\u017cne, ale czy Tw\u00f3j zesp\u00f3\u0142 widzi pe\u0142ny obraz projektu? Wiesz, \u0142atwo jest nie doceni\u0107 koszt\u00f3w rozwoju lub wypu\u015bci\u0107 produkt, kt\u00f3ry nie ma potencja\u0142u rynkowego. Istniej\u0105 miliony aplikacji, kt\u00f3re nie spe\u0142niaj\u0105 potrzeb u\u017cytkownik\u00f3w. Discovery Workshops pomagaj\u0105 wyeliminowa\u0107 te kluczowe problemy. Nie marnuj potencja\u0142u swojej wizji.<\/span><\/p>\n<\/div><a href=\"https:\/\/itcraftapps.com\/pl\/uslugi\/discovery-workshops\/\" class=\"btn btn-lg btn-black mt--40\"><span>Zobacz wi\u0119cej<\/span><\/a>\t\t\t<\/div>\n\t\t<\/div>\n\t<\/div>\n<\/section>\n\n\n\n<section id=\"product-strategy\" class=\"block-services-5-image-text pt--100 pt-lg--80\">\n\t<div class=\"container\">\n\t\t<div class=\"row align-items-center flex-lg-row-reverse\">\n\t\t\t<div class=\"col-12 col-lg-5 mb--40 mb-lg-0 offset-lg-1 offset-xl-2\"><figure class=\"mb-0\"><img decoding=\"async\" width=\"670\" height=\"670\" src=\"https:\/\/itcraftapps.com\/pl\/wp-content\/uploads\/sites\/5\/2022\/09\/Frame-34722-3.png\" class=\"d-block d-lg-none img-fluid\" alt=\"\" srcset=\"https:\/\/itcraftapps.com\/pl\/wp-content\/uploads\/sites\/5\/2022\/09\/Frame-34722-3.png 670w, https:\/\/itcraftapps.com\/pl\/wp-content\/uploads\/sites\/5\/2022\/09\/Frame-34722-3-300x300.png 300w, https:\/\/itcraftapps.com\/pl\/wp-content\/uploads\/sites\/5\/2022\/09\/Frame-34722-3-150x150.png 150w, https:\/\/itcraftapps.com\/pl\/wp-content\/uploads\/sites\/5\/2022\/09\/Frame-34722-3-492x492.png 492w\" sizes=\"(max-width: 670px) 100vw, 670px\" \/><img decoding=\"async\" width=\"572\" height=\"738\" src=\"https:\/\/itcraftapps.com\/pl\/wp-content\/uploads\/sites\/5\/2022\/09\/photo16-1-1.png\" class=\"img-fluid d-none d-lg-block\" alt=\"\" srcset=\"https:\/\/itcraftapps.com\/pl\/wp-content\/uploads\/sites\/5\/2022\/09\/photo16-1-1.png 572w, https:\/\/itcraftapps.com\/pl\/wp-content\/uploads\/sites\/5\/2022\/09\/photo16-1-1-233x300.png 233w, https:\/\/itcraftapps.com\/pl\/wp-content\/uploads\/sites\/5\/2022\/09\/photo16-1-1-492x635.png 492w\" sizes=\"(max-width: 572px) 100vw, 572px\" \/><\/figure><\/div>\t\t\t<div class=\"col-12 col-lg-6 col-xl-4 \">\n\t\t\t\t<h2 class=\"text-dark-2 fs-36 fs-xl-48 lh-14 fw-500 mr-xl--n24\">Strategia Produktu<\/h2><div class=\"mt--24 fs-17 lh-155 text-dark-3 last-child-mb-0\"><p>Zmiana zaczyna si\u0119 od wizji. Kiedy zapali si\u0119 iskra kreatywno\u015bci, potrzebujesz planu. Mamy na my\u015bli solidny plan, poniewa\u017c musisz okre\u015bli\u0107 spos\u00f3b, w jaki Twoja firma ma osi\u0105gn\u0105\u0107 wyznaczone cele. Strategia produktu wyznacza kierunek rozwoju produktu \u2013 to klucz do sukcesu. Dobra wiadomo\u015b\u0107 \u2013 znamy ten temat jak w\u0142asn\u0105 kiesze\u0144<\/p>\n<\/div><a href=\"https:\/\/itcraftapps.com\/pl\/uslugi\/strategia-produktu\/\" class=\"btn btn-lg btn-black mt--40\"><span>Zobacz wi\u0119cej<\/span><\/a>\t\t\t<\/div>\n\t\t<\/div>\n\t<\/div>\n<\/section>\n\n\n\n<section id=\"pitch-deck\" class=\"block-services-5-image-text pt--100 pt-lg--80\">\n\t<div class=\"container\">\n\t\t<div class=\"row align-items-center \">\n\t\t\t<div class=\"col-12 col-lg-5 mb--40 mb-lg-0 \"><figure class=\"mb-0\"><img decoding=\"async\" width=\"670\" height=\"670\" src=\"https:\/\/itcraftapps.com\/pl\/wp-content\/uploads\/sites\/5\/2022\/09\/Frame-34722-1-1.png\" class=\"d-block d-lg-none img-fluid\" alt=\"\" srcset=\"https:\/\/itcraftapps.com\/pl\/wp-content\/uploads\/sites\/5\/2022\/09\/Frame-34722-1-1.png 670w, https:\/\/itcraftapps.com\/pl\/wp-content\/uploads\/sites\/5\/2022\/09\/Frame-34722-1-1-300x300.png 300w, https:\/\/itcraftapps.com\/pl\/wp-content\/uploads\/sites\/5\/2022\/09\/Frame-34722-1-1-150x150.png 150w, https:\/\/itcraftapps.com\/pl\/wp-content\/uploads\/sites\/5\/2022\/09\/Frame-34722-1-1-492x492.png 492w\" sizes=\"(max-width: 670px) 100vw, 670px\" \/><img decoding=\"async\" width=\"1144\" height=\"1476\" src=\"https:\/\/itcraftapps.com\/pl\/wp-content\/uploads\/sites\/5\/2022\/09\/Mask-group-1-3.png\" class=\"img-fluid d-none d-lg-block\" alt=\"\" srcset=\"https:\/\/itcraftapps.com\/pl\/wp-content\/uploads\/sites\/5\/2022\/09\/Mask-group-1-3.png 1144w, https:\/\/itcraftapps.com\/pl\/wp-content\/uploads\/sites\/5\/2022\/09\/Mask-group-1-3-233x300.png 233w, https:\/\/itcraftapps.com\/pl\/wp-content\/uploads\/sites\/5\/2022\/09\/Mask-group-1-3-794x1024.png 794w, https:\/\/itcraftapps.com\/pl\/wp-content\/uploads\/sites\/5\/2022\/09\/Mask-group-1-3-768x991.png 768w, https:\/\/itcraftapps.com\/pl\/wp-content\/uploads\/sites\/5\/2022\/09\/Mask-group-1-3-792x1022.png 792w, https:\/\/itcraftapps.com\/pl\/wp-content\/uploads\/sites\/5\/2022\/09\/Mask-group-1-3-492x635.png 492w\" sizes=\"(max-width: 1144px) 100vw, 1144px\" \/><\/figure><\/div>\t\t\t<div class=\"col-12 col-lg-6 col-xl-4 offset-lg-1 offset-xl-2\">\n\t\t\t\t<h2 class=\"text-dark-2 fs-36 fs-xl-48 lh-14 fw-500 mr-xl--n24\">Pitch Deck<\/h2><div class=\"mt--24 fs-17 lh-155 text-dark-3 last-child-mb-0\"><p>Jest jedna rzecz, kt\u00f3rej potrzebujesz, zanim zaczniemy wprowadza\u0107 Twoj\u0105 wizj\u0119 w \u017cycie. I to s\u0105 pieni\u0105dze. Musisz opowiedzie\u0107 histori\u0119 swojego produktu w zwi\u0119z\u0142y i przekonuj\u0105cy spos\u00f3b. Hej, wiemy, \u017ce fundusze s\u0105 kluczowe, wi\u0119c mo\u017cesz skorzysta\u0107 z naszej wiedzy i do\u015bwiadczenia, aby stworzy\u0107 prezentacj\u0119, kt\u00f3ra zapewni Ci bud\u017cet na rozw\u00f3j Twojej firmy.<\/p>\n<\/div><a href=\"https:\/\/itcraftapps.com\/pl\/uslugi\/pitch-deck\/\" class=\"btn btn-lg btn-black mt--40\"><span>Zobacz wi\u0119cej<\/span><\/a>\t\t\t<\/div>\n\t\t<\/div>\n\t<\/div>\n<\/section>\n\n\n\n<section id=\"ux-audit\" class=\"block-services-5-image-text pt--100 pt-lg--80\">\n\t<div class=\"container\">\n\t\t<div class=\"row align-items-center flex-lg-row-reverse\">\n\t\t\t<div class=\"col-12 col-lg-5 mb--40 mb-lg-0 offset-lg-1 offset-xl-2\"><figure class=\"mb-0\"><img decoding=\"async\" width=\"670\" height=\"670\" src=\"https:\/\/itcraftapps.com\/pl\/wp-content\/uploads\/sites\/5\/2022\/11\/Frame-34722.png\" class=\"d-block d-lg-none img-fluid\" alt=\"\" srcset=\"https:\/\/itcraftapps.com\/pl\/wp-content\/uploads\/sites\/5\/2022\/11\/Frame-34722.png 670w, https:\/\/itcraftapps.com\/pl\/wp-content\/uploads\/sites\/5\/2022\/11\/Frame-34722-300x300.png 300w, https:\/\/itcraftapps.com\/pl\/wp-content\/uploads\/sites\/5\/2022\/11\/Frame-34722-150x150.png 150w, https:\/\/itcraftapps.com\/pl\/wp-content\/uploads\/sites\/5\/2022\/11\/Frame-34722-492x492.png 492w\" sizes=\"(max-width: 670px) 100vw, 670px\" \/><img decoding=\"async\" width=\"1144\" height=\"1476\" src=\"https:\/\/itcraftapps.com\/pl\/wp-content\/uploads\/sites\/5\/2022\/11\/Frame-35152.png\" class=\"img-fluid d-none d-lg-block\" alt=\"\" srcset=\"https:\/\/itcraftapps.com\/pl\/wp-content\/uploads\/sites\/5\/2022\/11\/Frame-35152.png 1144w, https:\/\/itcraftapps.com\/pl\/wp-content\/uploads\/sites\/5\/2022\/11\/Frame-35152-233x300.png 233w, https:\/\/itcraftapps.com\/pl\/wp-content\/uploads\/sites\/5\/2022\/11\/Frame-35152-794x1024.png 794w, https:\/\/itcraftapps.com\/pl\/wp-content\/uploads\/sites\/5\/2022\/11\/Frame-35152-768x991.png 768w, https:\/\/itcraftapps.com\/pl\/wp-content\/uploads\/sites\/5\/2022\/11\/Frame-35152-792x1022.png 792w, https:\/\/itcraftapps.com\/pl\/wp-content\/uploads\/sites\/5\/2022\/11\/Frame-35152-492x635.png 492w\" sizes=\"(max-width: 1144px) 100vw, 1144px\" \/><\/figure><\/div>\t\t\t<div class=\"col-12 col-lg-6 col-xl-4 \">\n\t\t\t\t<h2 class=\"text-dark-2 fs-36 fs-xl-48 lh-14 fw-500 mr-xl--n24\">Audyt UX<\/h2><div class=\"mt--24 fs-17 lh-155 text-dark-3 last-child-mb-0\"><p>Bezproblemowe, doskona\u0142e wra\u017cenia dla u\u017cytkownik\u00f3w s\u0105 tym, co musi zapewni\u0107 im Tw\u00f3j produkt. Pomo\u017cemy Ci w tym \u2013 przeprowadzimy heurystyczn\u0105 ocen\u0119 (360 stopni) UX Twojego produktu. Wszystko tkwi w szczeg\u00f3\u0142ach \u2014 nawet najdrobniejszy detal mo\u017ce sprawi\u0107, \u017ce kto\u015b porzuci Tw\u00f3j produkt. Mamy skill w wy\u0142apywaniu takich detali.<\/p>\n<\/div><a href=\"https:\/\/itcraftapps.com\/pl\/uslugi\/audyt-ux\/\" class=\"btn btn-lg btn-black mt--40\"><span>Zobacz wi\u0119cej<\/span><\/a>\t\t\t<\/div>\n\t\t<\/div>\n\t<\/div>\n<\/section>\n\n\n\n<section id=\"analytics-audit\" class=\"block-services-5-image-text pt--100 pt-lg--80 pb--80 pb-lg--140\">\n\t<div class=\"container\">\n\t\t<div class=\"row align-items-center \">\n\t\t\t<div class=\"col-12 col-lg-5 mb--40 mb-lg-0 \"><figure class=\"mb-0\"><img decoding=\"async\" width=\"670\" height=\"670\" src=\"https:\/\/itcraftapps.com\/pl\/wp-content\/uploads\/sites\/5\/2022\/11\/Frame-34722-1.png\" class=\"d-block d-lg-none img-fluid\" alt=\"\" srcset=\"https:\/\/itcraftapps.com\/pl\/wp-content\/uploads\/sites\/5\/2022\/11\/Frame-34722-1.png 670w, https:\/\/itcraftapps.com\/pl\/wp-content\/uploads\/sites\/5\/2022\/11\/Frame-34722-1-300x300.png 300w, https:\/\/itcraftapps.com\/pl\/wp-content\/uploads\/sites\/5\/2022\/11\/Frame-34722-1-150x150.png 150w, https:\/\/itcraftapps.com\/pl\/wp-content\/uploads\/sites\/5\/2022\/11\/Frame-34722-1-492x492.png 492w\" sizes=\"(max-width: 670px) 100vw, 670px\" \/><img decoding=\"async\" width=\"1144\" height=\"1476\" src=\"https:\/\/itcraftapps.com\/pl\/wp-content\/uploads\/sites\/5\/2022\/11\/Mask-group.png\" class=\"img-fluid d-none d-lg-block\" alt=\"\" srcset=\"https:\/\/itcraftapps.com\/pl\/wp-content\/uploads\/sites\/5\/2022\/11\/Mask-group.png 1144w, https:\/\/itcraftapps.com\/pl\/wp-content\/uploads\/sites\/5\/2022\/11\/Mask-group-233x300.png 233w, https:\/\/itcraftapps.com\/pl\/wp-content\/uploads\/sites\/5\/2022\/11\/Mask-group-794x1024.png 794w, https:\/\/itcraftapps.com\/pl\/wp-content\/uploads\/sites\/5\/2022\/11\/Mask-group-768x991.png 768w, https:\/\/itcraftapps.com\/pl\/wp-content\/uploads\/sites\/5\/2022\/11\/Mask-group-792x1022.png 792w, https:\/\/itcraftapps.com\/pl\/wp-content\/uploads\/sites\/5\/2022\/11\/Mask-group-492x635.png 492w\" sizes=\"(max-width: 1144px) 100vw, 1144px\" \/><\/figure><\/div>\t\t\t<div class=\"col-12 col-lg-6 col-xl-4 offset-lg-1 offset-xl-2\">\n\t\t\t\t<h2 class=\"text-dark-2 fs-36 fs-xl-48 lh-14 fw-500 mr-xl--n24\">Audyt Analityczny<\/h2><div class=\"mt--24 fs-17 lh-155 text-dark-3 last-child-mb-0\"><p>Pomo\u017cemy Ci znale\u017a\u0107 typowe problemy i lepiej zrozumie\u0107 podr\u00f3\u017c Twoich klient\u00f3w. Skrupulatnie sprawdzimy kluczowe obszary i przygotujemy pe\u0142ny raport z rekomendacjami. Otrzymasz cenne informacje, kt\u00f3re pomog\u0105 Ci ulepszy\u0107 aplikacj\u0119 i zwi\u0119kszy\u0107 zwrot z inwestycji.<\/p>\n<\/div><a href=\"https:\/\/itcraftapps.com\/pl\/uslugi\/audyt-analityczny\/\" class=\"btn btn-lg btn-black mt--40\"><span>Zobacz wi\u0119cej<\/span><\/a>\t\t\t<\/div>\n\t\t<\/div>\n\t<\/div>\n<\/section>\n\n\n\n<section class=\"block-base-cta-1 bg-dark-4 pt--93 pt-lg--180 pb--100 pb-lg--180\" data-scroll-theme>\n\t<div class=\"container d-lg-flex align-items-end\">\n\t\t<h3 class=\"text-white fs-32 fs-lg-56 fw-500 lh-14 mb--0 d-flex flex-wrap flex-grow-1 pr-lg--48\"><span class=\"w-lg-100\">Masz projekt?<\/span>\r\n<span class=\"w-100\"><\/span>\r\n<span class=\"col px-0 mr--15 mr-lg--22 h-px bg-white flex-shrink-0 align-self-center\"><\/span>\r\n<span>Porozmawiajmy<\/span><\/h3><a href=\"https:\/\/itcraftapps.com\/pl\/kontakt\/\" class=\"btn btn-white btn-lg rounded-pill d-table mt--80 mt-lg--0 mx-auto mx-lg-0\"><span>Skontaktuj si\u0119<\/span><\/a>\t<\/div>\n<\/section>\n","protected":false},"excerpt":{"rendered":"","protected":false},"author":16,"featured_media":0,"parent":13,"menu_order":0,"comment_status":"closed","ping_status":"closed","template":"templates\/template-fullwidth.php","meta":{"_acf_changed":false,"inline_featured_image":false,"footnotes":""},"class_list":["post-25375","page","type-page","status-publish"],"acf":[],"yoast_head":"<!-- This site is optimized with the Yoast SEO plugin v25.5 - https:\/\/yoast.com\/wordpress\/plugins\/seo\/ -->\n<title>Product Discovery - Aplikacje mobilne i webowe dla firm | itCraft<\/title>\n<meta name=\"description\" content=\"Odkrywanie produktu to proces polegaj\u0105cy na dok\u0142adnym zrozumieniu problem\u00f3w i potrzeb u\u017cytkownik\u00f3w. Pozw\u00f3l nam pom\u00f3c Twojej firmie!\" \/>\n<meta name=\"robots\" content=\"index, follow, max-snippet:-1, max-image-preview:large, max-video-preview:-1\" \/>\n<link rel=\"canonical\" href=\"https:\/\/itcraftapps.com\/pl\/uslugi\/product-discovery\/\" \/>\n<meta property=\"og:locale\" content=\"pl_PL\" \/>\n<meta property=\"og:type\" content=\"article\" \/>\n<meta property=\"og:title\" content=\"Product Discovery - Aplikacje mobilne i webowe dla firm | itCraft\" \/>\n<meta property=\"og:description\" content=\"Odkrywanie produktu to proces polegaj\u0105cy na dok\u0142adnym zrozumieniu problem\u00f3w i potrzeb u\u017cytkownik\u00f3w. Pozw\u00f3l nam pom\u00f3c Twojej firmie!\" \/>\n<meta property=\"og:url\" content=\"https:\/\/itcraftapps.com\/pl\/uslugi\/product-discovery\/\" \/>\n<meta property=\"og:site_name\" content=\"Aplikacje mobilne i webowe dla firm | itCraft\" \/>\n<meta property=\"article:modified_time\" content=\"2023-06-23T01:20:08+00:00\" \/>\n<meta property=\"og:image\" content=\"https:\/\/itcraftapps.com\/pl\/wp-content\/uploads\/sites\/5\/2023\/01\/Main_social_1200x630px.png\" \/>\n\t<meta property=\"og:image:width\" content=\"1200\" \/>\n\t<meta property=\"og:image:height\" content=\"630\" \/>\n\t<meta property=\"og:image:type\" content=\"image\/png\" \/>\n<meta name=\"twitter:card\" content=\"summary_large_image\" \/>\n<!-- \/ Yoast SEO plugin. -->","yoast_head_json":{"title":"Product Discovery - Aplikacje mobilne i webowe dla firm | itCraft","description":"Odkrywanie produktu to proces polegaj\u0105cy na dok\u0142adnym zrozumieniu problem\u00f3w i potrzeb u\u017cytkownik\u00f3w. Pozw\u00f3l nam pom\u00f3c Twojej firmie!","robots":{"index":"index","follow":"follow","max-snippet":"max-snippet:-1","max-image-preview":"max-image-preview:large","max-video-preview":"max-video-preview:-1"},"canonical":"https:\/\/itcraftapps.com\/pl\/uslugi\/product-discovery\/","og_locale":"pl_PL","og_type":"article","og_title":"Product Discovery - Aplikacje mobilne i webowe dla firm | itCraft","og_description":"Odkrywanie produktu to proces polegaj\u0105cy na dok\u0142adnym zrozumieniu problem\u00f3w i potrzeb u\u017cytkownik\u00f3w. Pozw\u00f3l nam pom\u00f3c Twojej firmie!","og_url":"https:\/\/itcraftapps.com\/pl\/uslugi\/product-discovery\/","og_site_name":"Aplikacje mobilne i webowe dla firm | itCraft","article_modified_time":"2023-06-23T01:20:08+00:00","og_image":[{"width":1200,"height":630,"url":"https:\/\/itcraftapps.com\/pl\/wp-content\/uploads\/sites\/5\/2023\/01\/Main_social_1200x630px.png","type":"image\/png"}],"twitter_card":"summary_large_image","schema":{"@context":"https:\/\/schema.org","@graph":[{"@type":"WebPage","@id":"https:\/\/itcraftapps.com\/pl\/uslugi\/product-discovery\/","url":"https:\/\/itcraftapps.com\/pl\/uslugi\/product-discovery\/","name":"Product Discovery - Aplikacje mobilne i webowe dla firm | itCraft","isPartOf":{"@id":"https:\/\/itcraftapps.com\/pl\/#website"},"datePublished":"2022-09-19T06:12:05+00:00","dateModified":"2023-06-23T01:20:08+00:00","description":"Odkrywanie produktu to proces polegaj\u0105cy na dok\u0142adnym zrozumieniu problem\u00f3w i potrzeb u\u017cytkownik\u00f3w. Pozw\u00f3l nam pom\u00f3c Twojej firmie!","breadcrumb":{"@id":"https:\/\/itcraftapps.com\/pl\/uslugi\/product-discovery\/#breadcrumb"},"inLanguage":"pl-PL","potentialAction":[{"@type":"ReadAction","target":["https:\/\/itcraftapps.com\/pl\/uslugi\/product-discovery\/"]}]},{"@type":"BreadcrumbList","@id":"https:\/\/itcraftapps.com\/pl\/uslugi\/product-discovery\/#breadcrumb","itemListElement":[{"@type":"ListItem","position":1,"name":"Home","item":"https:\/\/itcraftapps.com\/pl\/"},{"@type":"ListItem","position":2,"name":"Us\u0142ugi","item":"https:\/\/itcraftapps.com\/pl\/uslugi\/"},{"@type":"ListItem","position":3,"name":"Product Discovery"}]},{"@type":"WebSite","@id":"https:\/\/itcraftapps.com\/pl\/#website","url":"https:\/\/itcraftapps.com\/pl\/","name":"Aplikacje mobilne i webowe dla firm | itCraft","description":"","potentialAction":[{"@type":"SearchAction","target":{"@type":"EntryPoint","urlTemplate":"https:\/\/itcraftapps.com\/pl\/?s={search_term_string}"},"query-input":{"@type":"PropertyValueSpecification","valueRequired":true,"valueName":"search_term_string"}}],"inLanguage":"pl-PL"}]}},"_links":{"self":[{"href":"https:\/\/itcraftapps.com\/pl\/wp-json\/wp\/v2\/pages\/25375","targetHints":{"allow":["GET"]}}],"collection":[{"href":"https:\/\/itcraftapps.com\/pl\/wp-json\/wp\/v2\/pages"}],"about":[{"href":"https:\/\/itcraftapps.com\/pl\/wp-json\/wp\/v2\/types\/page"}],"author":[{"embeddable":true,"href":"https:\/\/itcraftapps.com\/pl\/wp-json\/wp\/v2\/users\/16"}],"replies":[{"embeddable":true,"href":"https:\/\/itcraftapps.com\/pl\/wp-json\/wp\/v2\/comments?post=25375"}],"version-history":[{"count":0,"href":"https:\/\/itcraftapps.com\/pl\/wp-json\/wp\/v2\/pages\/25375\/revisions"}],"up":[{"embeddable":true,"href":"https:\/\/itcraftapps.com\/pl\/wp-json\/wp\/v2\/pages\/13"}],"wp:attachment":[{"href":"https:\/\/itcraftapps.com\/pl\/wp-json\/wp\/v2\/media?parent=25375"}],"curies":[{"name":"wp","href":"https:\/\/api.w.org\/{rel}","templated":true}]}}