{"id":24837,"date":"2022-08-03T10:03:46","date_gmt":"2022-08-03T08:03:46","guid":{"rendered":"https:\/\/wp-test.itcraft.pl\/?page_id=24551"},"modified":"2025-12-22T12:09:19","modified_gmt":"2025-12-22T11:09:19","slug":"kontakt","status":"publish","type":"page","link":"https:\/\/itcraftapps.com\/pl\/kontakt\/","title":{"rendered":"Kontakt"},"content":{"rendered":"\n<section class=\"block-base-header-3 d-flex pt--100 pb--40 pb-lg--56 minh-340px minh-lg-400px\">\n\t<div class=\"container align-self-end\">\n\t\t<h1 class=\"text-dark-2 fs-36 fs-lg-56 fw-500 lh-13 lh-lg-14 mb--0 d-flex flex-wrap\"><span class=\"w-lg-100\">\u015amia\u0142o, <\/span>\r\n<span class=\"w-100 d-lg-none\"><\/span>\r\n<span class=\"col px-0 mr--15 mr-lg--22 h-px bg-dark-4 flex-shrink-0 align-self-center\"><\/span>\r\n<span>odezwij si\u0119<\/span><\/h1>\t<\/div>\n<\/section>\n\n\n\n<section class=\"block-base-contact-3 pt--20 pt-lg--140 pb--72 pb-lg--220\">\n\t<div class=\"container\">\n\t\t<div class=\"row\">\n\t\t\t<div class=\"col-12 col-lg-4\">\n\t\t\t\t<p class=\"text-dark-2 fs-28 fs-lg-48 fw-500 lh-15 lh-lg-14 mb--0\">Wystarczy, \u017ce zrobisz tylko jeden krok, aby rozpocz\u0105\u0107 projekt<\/p><div class=\"last-child-mb-0 text-dark-4 fs-17 lh-155 mt--16 mb--0\"><p>Porozmawiaj z jednym z naszych ekspert\u00f3w. Wype\u0142nij poni\u017cszy formularz, aby poinformowa\u0107 nas, czego dok\u0142adnie oczekujesz.<\/p>\n<\/div>\t\t\t<\/div>\n\t\t\t<div class=\"col-12 col-lg-7 offset-lg-1 mt--64 mt-lg--0\">\n\n\t\t\t\t\t\t\t\t\t\n<div class=\"wpcf7 no-js\" id=\"wpcf7-f31365-o1\" lang=\"pl-PL\" dir=\"ltr\" data-wpcf7-id=\"31365\">\n<div class=\"screen-reader-response\"><p role=\"status\" aria-live=\"polite\" aria-atomic=\"true\"><\/p> <ul><\/ul><\/div>\n<form action=\"\/pl\/wp-json\/wp\/v2\/pages\/24837#wpcf7-f31365-o1\" method=\"post\" class=\"wpcf7-form init\" aria-label=\"Formularz kontaktowy\" novalidate=\"novalidate\" data-status=\"init\">\n<div style=\"display: none;\">\n<input type=\"hidden\" name=\"_wpcf7\" value=\"31365\" \/>\n<input type=\"hidden\" name=\"_wpcf7_version\" value=\"6.0.6\" \/>\n<input type=\"hidden\" name=\"_wpcf7_locale\" value=\"pl_PL\" \/>\n<input type=\"hidden\" name=\"_wpcf7_unit_tag\" value=\"wpcf7-f31365-o1\" \/>\n<input type=\"hidden\" name=\"_wpcf7_container_post\" value=\"0\" \/>\n<input type=\"hidden\" name=\"_wpcf7_posted_data_hash\" value=\"\" \/>\n<input type=\"hidden\" name=\"_wpcf7_recaptcha_response\" value=\"\" \/>\n<\/div>\n<p><label class=\"floating-label\" for=\"estimate-form-your-name\"><span class=\"wpcf7-form-control-wrap\" data-name=\"your-name\"><input size=\"40\" maxlength=\"400\" class=\"wpcf7-form-control wpcf7-text wpcf7-validates-as-required form-control\" id=\"estimate-form-your-name\" aria-required=\"true\" aria-invalid=\"false\" value=\"\" type=\"text\" name=\"your-name\" \/><\/span><span class=\"label\">Imi\u0119 * <\/span><\/label>\n<\/p>\n<p><label class=\"floating-label\" for=\"estimate-form-your-email\"><span class=\"wpcf7-form-control-wrap\" data-name=\"your-email\"><input size=\"40\" maxlength=\"400\" class=\"wpcf7-form-control wpcf7-email wpcf7-validates-as-required wpcf7-text wpcf7-validates-as-email form-control\" id=\"estimate-form-your-email\" aria-required=\"true\" aria-invalid=\"false\" value=\"\" type=\"email\" name=\"your-email\" \/><\/span><span class=\"label\">E-mail * <\/span><\/label>\n<\/p>\n<p><label class=\"floating-label\" for=\"estimate-form-company\"><span class=\"wpcf7-form-control-wrap\" data-name=\"your-company\"><input size=\"40\" maxlength=\"400\" class=\"wpcf7-form-control wpcf7-text form-control\" id=\"estimate-form-company\" aria-invalid=\"false\" value=\"\" type=\"text\" name=\"your-company\" \/><\/span><span class=\"label\">Firma <\/span><\/label>\n<\/p>\n<p><label class=\"floating-label floating-label--textarea is-array\" for=\"estimate-form-your-message\"><span class=\"wpcf7-form-control-wrap\" data-name=\"project_description\"><textarea cols=\"40\" rows=\"2\" maxlength=\"2000\" class=\"wpcf7-form-control wpcf7-textarea form-control\" id=\"estimate-form-your-message\" aria-invalid=\"false\" name=\"project_description\"><\/textarea><\/span><span class=\"label\">Opowiedz nam o swoim projekcie <\/span><\/label>\n<\/p>\n<p><span class=\"wpcf7-form-control-wrap\" data-name=\"upload-file-587\"><input size=\"40\" class=\"wpcf7-form-control wpcf7-drag-n-drop-file d-none\" aria-invalid=\"false\" type=\"file\" multiple=\"multiple\" data-name=\"upload-file-587\" data-type=\"jpeg|jpg|png|gif|pdf|txt|doc|docx\" data-limit=\"33554432\" data-max=\"10\" data-id=\"31365\" data-version=\"free version 1.3.9.1\" accept=\".jpeg, .jpg, .png, .gif, .pdf, .txt, .doc, .docx\" \/><\/span>\n<\/p>\n<div class=\"text-dark-5 fs-15 lh-16 mt--35 mb--35\">\n\t<p><span class=\"wpcf7-form-control-wrap\" data-name=\"newsletter_accept\"><span class=\"wpcf7-form-control wpcf7-acceptance optional\"><span class=\"wpcf7-list-item\"><label><input type=\"checkbox\" name=\"newsletter_accept\" value=\"1\" aria-invalid=\"false\" \/><span class=\"wpcf7-list-item-label\">Informuj mnie na bie\u017c\u0105co o newsletterach, ofertach i materia\u0142ach marketingowych.<\/span><\/label><\/span><\/span><\/span>\n\t<\/p>\n<\/div>\n<p><input class=\"wpcf7-form-control wpcf7-submit has-spinner btn btn-black rounded-pill minw-140px minw-md-200px\" id=\"estimate-itc-contact-submit-button\" type=\"submit\" value=\"Wy\u015blij\" \/>\n<\/p>\n<p class=\"text-dark-5 fs-15 lh-16 mt--64 mt-lg--90\">Informujemy, \u017ce po klikni\u0119ciu przycisku Wy\u015blij itCraft Sp. z o.o. b\u0119dzie przetwarza\u0107 Twoje dane osobowe zgodnie z nasz\u0105 <a href=\"https:\/\/itcraftapps.com\/pl\/polityka-prywatnosci\/\" class=\"text-dark-2\">Polityk\u0105 Prywatno\u015bci<\/a> w celu dostarczenia Ci odpowiednich informacji.\n<\/p><div class=\"wpcf7-response-output\" aria-hidden=\"true\"><\/div>\n<\/form>\n<\/div>\n\n\t\t\t\t\t<script type=\"text\/javascript\">\n\t\t\t\t\t\t(function(){\n\t\t\t\t\t\t\tdocument.addEventListener( 'wpcf7submit', function( event ) {\n\t\t\t\t\t\t\t\tconst form = event.target;\n\t\t\t\t\t\t\t\tconst responseOutput = form.querySelector('.wpcf7-response-output');\n\t\t\t\t\t\t\t\tconst responseOutputPos = responseOutput.getBoundingClientRect().top + window.scrollY;\n\n\t\t\t\t\t\t\t\twindow.scrollTo({\n\t\t\t\t\t\t\t\t\ttop: responseOutputPos,\n\t\t\t\t\t\t\t\t\tbehavior: 'smooth',\n\t\t\t\t\t\t\t\t});\n\n\t\t\t\t\t\t\t\tconst inputs = document.querySelectorAll('.wpcf7-form-control');\n\t\t\t\t\t\t\t\tfor( let i = 0; i < inputs.length; i++ ){\n\t\t\t\t\t\t\t\t\tif (inputs[i].value != '') {\n\t\t\t\t\t\t\t\t\t\tconst label = inputs[i].closest('.floating-label');\n\t\t\t\t\t\t\t\t\t\tif(label){\n\t\t\t\t\t\t\t\t\t\t\tlabel.classList.add('is-active');\n\t\t\t\t\t\t\t\t\t\t}\n\t\t\t\t\t\t\t\t\t}\n\t\t\t\t\t\t\t\t}\n\t\t\t\t\t\t\t}, false );\n\n\t\t\t\t\t\t\tdocument.addEventListener( 'wpcf7mailsent', function( event ) {\n\t\t\t\t\t\t\t\tconst form = event.target;\n\t\t\t\t\t\t\t\tconst responseOutput = form.querySelector('.wpcf7-response-output');\n\t\t\t\t\t\t\t\tconst responseOutputPos = responseOutput.getBoundingClientRect().top + window.scrollY;\n\n\t\t\t\t\t\t\t\twindow.scrollTo({\n\t\t\t\t\t\t\t\t\ttop: responseOutputPos,\n\t\t\t\t\t\t\t\t\tbehavior: 'smooth',\n\t\t\t\t\t\t\t\t});\n\t\t\t\t\t\t\t}, false );\n\t\t\t\t\t\t}());\n\t\t\t\t\t<\/script>\n\t\t\t\t\t\t\t<\/div>\n\t\t<\/div>\n\t<\/div>\n<\/section>\n\n\n\n<section class=\"block-base-contact-schedule pb--80 pb-lg--140\">\n\t<div class=\"container\">\n\t\t<hr class=\"d-lg-none mt--0 mb--72\" \/>\t\t<div class=\"row\">\n\t\t\t<div class=\"col-12 col-lg-4\">\n\t\t\t\t<p class=\"text-dark-2 fs-28 fs-lg-48 fw-500 lh-15 lh-lg-14 mb--0\">Chcesz um\u00f3wi\u0107 rozmow\u0119?<\/p><div class=\"last-child-mb-0 text-dark-4 fs-17 lh-155 mt--16 mb--0\">Ka\u017cdy sukces zaczyna si\u0119 od rozmowy. Porozmawiajmy o Twoich potrzebach i oczekiwaniach \u2013 jeste\u015bmy do Twojej dyspozycji.<\/div>\t\t\t<\/div>\n\n\t\t\t\t\t\t<div class=\"col-12 col-lg-7 offset-lg-1 mt--64 mt-lg--0\">\n\t\t\t\t<div class=\"row mb--n80\">\n\t\t\t\t\t\t\t\t\t\t<div class=\"col-12 col-lg-6 mb--80\">\n\t\t\t\t\t\t<figure class=\"mb--24 mb-lg--32\"><img decoding=\"async\" width=\"965\" height=\"965\" src=\"https:\/\/itcraftapps.com\/pl\/wp-content\/uploads\/sites\/5\/2025\/12\/rafal-ratajski.jpg\" class=\"d-block img-fluid\" alt=\"\" srcset=\"https:\/\/itcraftapps.com\/pl\/wp-content\/uploads\/sites\/5\/2025\/12\/rafal-ratajski.jpg 965w, https:\/\/itcraftapps.com\/pl\/wp-content\/uploads\/sites\/5\/2025\/12\/rafal-ratajski-300x300.jpg 300w, https:\/\/itcraftapps.com\/pl\/wp-content\/uploads\/sites\/5\/2025\/12\/rafal-ratajski-150x150.jpg 150w, https:\/\/itcraftapps.com\/pl\/wp-content\/uploads\/sites\/5\/2025\/12\/rafal-ratajski-768x768.jpg 768w, https:\/\/itcraftapps.com\/pl\/wp-content\/uploads\/sites\/5\/2025\/12\/rafal-ratajski-792x792.jpg 792w, https:\/\/itcraftapps.com\/pl\/wp-content\/uploads\/sites\/5\/2025\/12\/rafal-ratajski-492x492.jpg 492w\" sizes=\"(max-width: 965px) 100vw, 965px\" \/><\/figure><div><p class=\"text-dark-2 fs-20 lh-16 fw-500 mb-0\">Rafa\u0142 Ratajski<\/p><p class=\"text-uppercase text-dark-4 fs-14 lh-10 mt--4 mb-0\">Head of Discovery &amp; Growth<\/p><\/div><div class=\"text-dark-4 fs-17 lh-155 mt--16 mt-lg--12 last-child-mb-0\"><p>Oprogramowania na miar\u0119 Twoich potrzeb<\/p>\n<\/div><button type=\"button\" class=\"btn btn-black btn-lg minw-140px minw-md-200px mt--24 mt-lg--32\" data-bs-toggle=\"modal\" data-bs-target=\"#scheduleModal-cbef41c369-1\"><span>Um\u00f3w rozmow\u0119<\/span><\/button>\t\t\t\t\t<\/div>\n\t\t\t\t\t\t\t\t\t<\/div>\n\t\t\t<\/div>\n\t\t\t\t\t<\/div>\n\t<\/div>\n<\/section>\n\n\t\t<div class=\"modal fade modal-schedule\" id=\"scheduleModal-cbef41c369-1\" tabindex=\"-1\" aria-hidden=\"true\">\n\t\t<div class=\"modal-dialog modal-xl modal-dialog-centered\">\n\t\t\t<div class=\"modal-content\">\n\t\t\t\t<button type=\"button\" class=\"btn-close position-xl-absolute top-0 right-0 ml-auto mt-xl--30 mr-xl--30 zindex-5\" data-bs-dismiss=\"modal\" aria-label=\"Close\">\n\t\t\t\t\t<svg class=\"img-fluid\" viewBox=\"0 0 18 18\" fill=\"none\" xmlns=\"http:\/\/www.w3.org\/2000\/svg\"><path d=\"m10.3065 8.97989 7.3689-7.34918c.1456-.16959.2217-.38774.213-.61086-.0086-.223111-.1013-.434755-.2596-.592638-.1584-.157883-.3706-.250375-.5943-.258993-.2237-.008618-.4424.067273-.6125.212507L9.05314 7.72991 1.68426.371861c-.16739-.166934-.3944-.260716-.63112-.260716-.236708 0-.463726.093782-.631107.260716C.254652.538794.160619.765204.160619 1.00128c0 .23608.094033.46249.261414.62943L7.79981 8.97989.422033 16.3291c-.09305.0794-.168624.1772-.221978.2872-.053354.11-.083336.2298-.088064.3519-.004729.1221.015898.2438.060587.3576.044688.1138.112473.2171.1991.3035.086626.0864.190224.154.30429.1985.114067.0446.23614.0652.358562.0605.12241-.0048.24253-.0347.35281-.0879.11028-.0532.20834-.1285.28803-.2214l7.37777-7.3491L16.422 17.579c.1701.1453.3888.2212.6125.2126.2237-.0087.4359-.1012.5943-.259.1583-.1579.251-.3696.2596-.5927.0087-.2231-.0674-.4412-.213-.6108l-7.3689-7.34921Z\" fill=\"currentColor\"><\/path><\/svg>\n\t\t\t\t<\/button>\n\t\t\t\t<div class=\"modal-body p-0\">\n\t\t\t\t\t<div class=\"modal-schedule-box mx-auto\">\n\t\t\t\t\t\t<!-- Start of Meetings Embed Script -->\r\n<div class=\"meetings-iframe-container\" data-src=\"https:\/\/pl.itcraftapps.com\/meetings\/rafal-ratajski?embed=true\"><\/div>\r\n<script type=\"text\/javascript\" src=\"https:\/\/static.hsappstatic.net\/MeetingsEmbed\/ex\/MeetingsEmbedCode.js\"><\/script>\r\n<!-- End of Meetings Embed Script -->\t\t\t\t\t<\/div>\n\t\t\t\t<\/div>\n\t\t\t<\/div>\n\t\t<\/div>\n\t<\/div>\n\t\n\n\n<section class=\"block-base-contact-details bg-light-9 pt--64 pt-lg--100 pb--64 pb-lg--100\">\n\t<div class=\"container\">\n\t\t<p class=\"text-dark-2 fs-28 fw-500 lh-15 mb--0\">Nasze biura<\/p><div class=\"row g-40 mt--16\"><div class=\"col-12 col-sm-6 col-md-4 col-lg-3 col-xxl-2\"><p class=\"text-uppercase text-dark-3 fs-14 fw-500 lh-10 mb--8 mb-lg--24\">WARSZAWA (HQ)<\/p><div class=\"text-dark-4 fs-15 lh-16 last-child-mb-0\"><p>Brain Embassy<br \/>\nAleje Jerozolimskie 181B<br \/>\n02-222 Warszawa<\/p>\n<\/div><\/div><div class=\"col-12 col-sm-6 col-md-4 col-lg-3 col-xxl-2\"><p class=\"text-uppercase text-dark-3 fs-14 fw-500 lh-10 mb--8 mb-lg--24\">NEW YORK<\/p><div class=\"text-dark-4 fs-15 lh-16 last-child-mb-0\"><p>347 Fifth Avenue<br \/>\nSuite 1402-118<br \/>\nNew York, NY 10016<\/p>\n<\/div><\/div><div class=\"col-12 col-sm-6 col-md-4 col-lg-3 col-xxl-2\"><p class=\"text-uppercase text-dark-3 fs-14 fw-500 lh-10 mb--8 mb-lg--24\">LONDYN<\/p><div class=\"text-dark-4 fs-15 lh-16 last-child-mb-0\"><p>London (WC2) Office<br \/>\n7 Bell Yard<br \/>\nLondon WC2A 2JR<\/p>\n<\/div><\/div><div class=\"col-12 col-sm-6 col-md-4 col-lg-3 col-xxl-2\"><p class=\"text-uppercase text-dark-3 fs-14 fw-500 lh-10 mb--8 mb-lg--24\">BYDGOSZCZ<\/p><div class=\"text-dark-4 fs-15 lh-16 last-child-mb-0\"><p>Towarowa 20<br \/>\n85-746 Bydgoszcz<\/p>\n<\/div><\/div><div class=\"col-12 col-sm-6 col-md-4 col-lg-3 col-xxl-2\"><p class=\"text-uppercase text-dark-3 fs-14 fw-500 lh-10 mb--8 mb-lg--24\">TORU\u0143<\/p><div class=\"text-dark-4 fs-15 lh-16 last-child-mb-0\"><p>Tadeusza Rejtana 2-4<br \/>\n87-100 Toru\u0144<\/p>\n<\/div><\/div><\/div>\t<\/div>\n<\/section>\n","protected":false},"excerpt":{"rendered":"","protected":false},"author":16,"featured_media":0,"parent":0,"menu_order":0,"comment_status":"closed","ping_status":"closed","template":"templates\/template-contact.php","meta":{"_acf_changed":false,"inline_featured_image":false,"footnotes":""},"class_list":["post-24837","page","type-page","status-publish"],"acf":[],"yoast_head":"<!-- This site is optimized with the Yoast SEO plugin v25.5 - https:\/\/yoast.com\/wordpress\/plugins\/seo\/ -->\n<title>Kontakt - Aplikacje mobilne i webowe dla firm | itCraft<\/title>\n<meta name=\"description\" content=\"Pozosta\u0144my w kontakcie!\" \/>\n<meta name=\"robots\" content=\"index, follow, max-snippet:-1, max-image-preview:large, max-video-preview:-1\" \/>\n<link rel=\"canonical\" href=\"https:\/\/itcraftapps.com\/pl\/kontakt\/\" \/>\n<meta property=\"og:locale\" content=\"pl_PL\" \/>\n<meta property=\"og:type\" content=\"article\" \/>\n<meta property=\"og:title\" content=\"Kontakt - Aplikacje mobilne i webowe dla firm | itCraft\" \/>\n<meta property=\"og:description\" content=\"Pozosta\u0144my w kontakcie!\" \/>\n<meta property=\"og:url\" content=\"https:\/\/itcraftapps.com\/pl\/kontakt\/\" \/>\n<meta property=\"og:site_name\" content=\"Aplikacje mobilne i webowe dla firm | itCraft\" \/>\n<meta property=\"article:modified_time\" content=\"2025-12-22T11:09:19+00:00\" \/>\n<meta property=\"og:image\" content=\"https:\/\/itcraftapps.com\/pl\/wp-content\/uploads\/sites\/5\/2023\/01\/Main_social_1200x630px.png\" \/>\n\t<meta property=\"og:image:width\" content=\"1200\" \/>\n\t<meta property=\"og:image:height\" content=\"630\" \/>\n\t<meta property=\"og:image:type\" content=\"image\/png\" \/>\n<meta name=\"twitter:card\" content=\"summary_large_image\" \/>\n<!-- \/ Yoast SEO plugin. -->","yoast_head_json":{"title":"Kontakt - Aplikacje mobilne i webowe dla firm | itCraft","description":"Pozosta\u0144my w kontakcie!","robots":{"index":"index","follow":"follow","max-snippet":"max-snippet:-1","max-image-preview":"max-image-preview:large","max-video-preview":"max-video-preview:-1"},"canonical":"https:\/\/itcraftapps.com\/pl\/kontakt\/","og_locale":"pl_PL","og_type":"article","og_title":"Kontakt - Aplikacje mobilne i webowe dla firm | itCraft","og_description":"Pozosta\u0144my w kontakcie!","og_url":"https:\/\/itcraftapps.com\/pl\/kontakt\/","og_site_name":"Aplikacje mobilne i webowe dla firm | itCraft","article_modified_time":"2025-12-22T11:09:19+00:00","og_image":[{"width":1200,"height":630,"url":"https:\/\/itcraftapps.com\/pl\/wp-content\/uploads\/sites\/5\/2023\/01\/Main_social_1200x630px.png","type":"image\/png"}],"twitter_card":"summary_large_image","schema":{"@context":"https:\/\/schema.org","@graph":[{"@type":"WebPage","@id":"https:\/\/itcraftapps.com\/pl\/kontakt\/","url":"https:\/\/itcraftapps.com\/pl\/kontakt\/","name":"Kontakt - Aplikacje mobilne i webowe dla firm | itCraft","isPartOf":{"@id":"https:\/\/itcraftapps.com\/pl\/#website"},"datePublished":"2022-08-03T08:03:46+00:00","dateModified":"2025-12-22T11:09:19+00:00","description":"Pozosta\u0144my w kontakcie!","breadcrumb":{"@id":"https:\/\/itcraftapps.com\/pl\/kontakt\/#breadcrumb"},"inLanguage":"pl-PL","potentialAction":[{"@type":"ReadAction","target":["https:\/\/itcraftapps.com\/pl\/kontakt\/"]}]},{"@type":"BreadcrumbList","@id":"https:\/\/itcraftapps.com\/pl\/kontakt\/#breadcrumb","itemListElement":[{"@type":"ListItem","position":1,"name":"Home","item":"https:\/\/itcraftapps.com\/pl\/"},{"@type":"ListItem","position":2,"name":"Kontakt"}]},{"@type":"WebSite","@id":"https:\/\/itcraftapps.com\/pl\/#website","url":"https:\/\/itcraftapps.com\/pl\/","name":"Aplikacje mobilne i webowe dla firm | itCraft","description":"","potentialAction":[{"@type":"SearchAction","target":{"@type":"EntryPoint","urlTemplate":"https:\/\/itcraftapps.com\/pl\/?s={search_term_string}"},"query-input":{"@type":"PropertyValueSpecification","valueRequired":true,"valueName":"search_term_string"}}],"inLanguage":"pl-PL"}]}},"_links":{"self":[{"href":"https:\/\/itcraftapps.com\/pl\/wp-json\/wp\/v2\/pages\/24837","targetHints":{"allow":["GET"]}}],"collection":[{"href":"https:\/\/itcraftapps.com\/pl\/wp-json\/wp\/v2\/pages"}],"about":[{"href":"https:\/\/itcraftapps.com\/pl\/wp-json\/wp\/v2\/types\/page"}],"author":[{"embeddable":true,"href":"https:\/\/itcraftapps.com\/pl\/wp-json\/wp\/v2\/users\/16"}],"replies":[{"embeddable":true,"href":"https:\/\/itcraftapps.com\/pl\/wp-json\/wp\/v2\/comments?post=24837"}],"version-history":[{"count":5,"href":"https:\/\/itcraftapps.com\/pl\/wp-json\/wp\/v2\/pages\/24837\/revisions"}],"predecessor-version":[{"id":34076,"href":"https:\/\/itcraftapps.com\/pl\/wp-json\/wp\/v2\/pages\/24837\/revisions\/34076"}],"wp:attachment":[{"href":"https:\/\/itcraftapps.com\/pl\/wp-json\/wp\/v2\/media?parent=24837"}],"curies":[{"name":"wp","href":"https:\/\/api.w.org\/{rel}","templated":true}]}}