{"id":21281,"date":"2022-01-12T14:33:14","date_gmt":"2022-01-12T13:33:14","guid":{"rendered":"https:\/\/itcraftapps.com\/?page_id=21281"},"modified":"2023-06-23T13:53:03","modified_gmt":"2023-06-23T11:53:03","slug":"ebook-telemedicine","status":"publish","type":"page","link":"https:\/\/itcraftapps.com\/pl\/ebook-telemedicine\/","title":{"rendered":"Telemedicine &#8211; eBook"},"content":{"rendered":"\n<section id=\"download-now\" class=\"landing-ebook-hero mb-lg-100\">\n\t<div class=\"landing-ebook-hero__overlay\"><\/div>\n\t<div class=\"container position-relative zindex-5\">\n\t\t<div class=\"row\">\n\t\t\t<div class=\"col-12 col-lg-4\">\n\t\t\t\t<h2 class=\"landing-ebook-hero__title d-lg-none\">Przysz\u0142o\u015b\u0107 e-Zdrowia: Tw\u00f3j przewodnik po rozwoju MedTech<\/h2><h2 class=\"landing-ebook-hero__subtitle d-lg-none\">Najlepszy przewodnik<\/h2>\t\t\t\t<div class=\"landing-ebook-hero__cover\">\n\t\t\t\t\t<img decoding=\"async\" width=\"992\" height=\"1403\" src=\"https:\/\/itcraftapps.com\/pl\/wp-content\/uploads\/sites\/5\/2023\/04\/itcraft_okladka_8.jpg\" class=\"d-block img-fluid\" alt=\"\" srcset=\"https:\/\/itcraftapps.com\/pl\/wp-content\/uploads\/sites\/5\/2023\/04\/itcraft_okladka_8.jpg 992w, https:\/\/itcraftapps.com\/pl\/wp-content\/uploads\/sites\/5\/2023\/04\/itcraft_okladka_8-212x300.jpg 212w, https:\/\/itcraftapps.com\/pl\/wp-content\/uploads\/sites\/5\/2023\/04\/itcraft_okladka_8-724x1024.jpg 724w, https:\/\/itcraftapps.com\/pl\/wp-content\/uploads\/sites\/5\/2023\/04\/itcraft_okladka_8-768x1086.jpg 768w, https:\/\/itcraftapps.com\/pl\/wp-content\/uploads\/sites\/5\/2023\/04\/itcraft_okladka_8-792x1120.jpg 792w, https:\/\/itcraftapps.com\/pl\/wp-content\/uploads\/sites\/5\/2023\/04\/itcraft_okladka_8-492x696.jpg 492w\" sizes=\"(max-width: 992px) 100vw, 992px\" \/>\t\t\t\t<\/div>\n\t\t\t<\/div>\n\n\t\t\t<div class=\"col-12 col-lg-8 mt-lg-4 pl-lg-3\">\n\t\t\t\t<div class=\"d-flex w-100 justify-content-between\"><div class=\"pr-lg-4\"><h1 class=\"landing-ebook-hero__title d-none d-lg-block\">Przysz\u0142o\u015b\u0107 e-Zdrowia: Tw\u00f3j przewodnik po rozwoju MedTech<\/h1><h2 class=\"landing-ebook-hero__subtitle d-none d-lg-block\">Najlepszy przewodnik<\/h2><\/div><\/div><div class=\"landing-ebook-hero__content\"><h4>Dla kogo jest ten ebook?<\/h4>\n<p>Ka\u017cda firma dzia\u0142aj\u0105ca w bran\u017cy medycznej lub chc\u0105ca wej\u015b\u0107 w szeroki \u015bwiat innowacji telemedycznych pozna podstawy niezb\u0119dne do legalnej pracy i tworzenia solidnego oprogramowania. Ponadto, je\u015bli jeste\u015b pocz\u0105tkuj\u0105cym w\u0142a\u015bcicielem startupu, mo\u017cesz znale\u017a\u0107 sposoby na prosperowanie w dziedzinie e-Zdrowia. Wyja\u015bniamy g\u0142\u00f3wne komponenty aplikacji telemedycznej: ile kosztuje jej opracowanie i jak mo\u017cesz zarabia\u0107 na swoim cyfrowym biznesie zdrowotnym.<\/p>\n<\/div>\t\t\t<\/div>\n\t\t<\/div>\n\t<\/div>\n<\/section>\n\n\n\n<section class=\"landing-ebook-features bg-light pt--100 pb--100 mt-lg-100 mb-lg-100\">\n\t<div class=\"container\">\n\t\t\t\t<div class=\"row justify-content-center text-center\">\n\t\t\t<div class=\"col-12 col-lg-8\">\n\t\t\t\t<h2 class=\"landing-ebook-features__title\">Co w nim znajdziesz?<\/h2>\t\t\t<\/div>\n\t\t<\/div>\n\t\t<div class=\"row-gap-container if-nf-mt--40\"><div class=\"row row-gap-50\"><div class=\"col-21 col-md-6 col-lg-3\"><div class=\"landing-ebook-features__feature\"><img decoding=\"async\" src=\"https:\/\/itcraftapps.com\/pl\/wp-content\/uploads\/sites\/5\/2023\/06\/lightning.svg\" class=\"landing-ebook-features__feature-icon w-100 img-fluid mb-3\" alt=\"\" \/><h4 class=\"landing-ebook-features__feature-title\">Case studies<\/h4><div class=\"landing-ebook-features__feature-content\"><p><span style=\"font-weight: 400\">Omawiamy najwybitniejszych lider\u00f3w rynku telemedycyny i ich recept\u0119 na sukces. Nasi klienci podzielili si\u0119 r\u00f3wnie\u017c swoimi przemy\u015bleniami na najbardziej krytyczne tematy dotycz\u0105ce telemedycyny.\u200b<\/span><\/p>\n<\/div><\/div><\/div><div class=\"col-21 col-md-6 col-lg-3\"><div class=\"landing-ebook-features__feature\"><img decoding=\"async\" src=\"https:\/\/itcraftapps.com\/pl\/wp-content\/uploads\/sites\/5\/2023\/06\/sliders.svg\" class=\"landing-ebook-features__feature-icon w-100 img-fluid mb-3\" alt=\"\" \/><h4 class=\"landing-ebook-features__feature-title\">Wywiady<\/h4><div class=\"landing-ebook-features__feature-content\"><p><span style=\"font-weight: 400\">Eksperci e-zdrowia odpowiedzieli na nasze pytania, aby da\u0107 czytelnikom dog\u0142\u0119bny wgl\u0105d w kluczowe elementy produkt\u00f3w i us\u0142ug telemedycznych. Ich opinie s\u0105 bezcenne.<\/span><\/p>\n<\/div><\/div><\/div><div class=\"col-21 col-md-6 col-lg-3\"><div class=\"landing-ebook-features__feature\"><img decoding=\"async\" src=\"https:\/\/itcraftapps.com\/pl\/wp-content\/uploads\/sites\/5\/2023\/06\/circle-half.svg\" class=\"landing-ebook-features__feature-icon w-100 img-fluid mb-3\" alt=\"\" \/><h4 class=\"landing-ebook-features__feature-title\">Regulacje prawne<\/h4><div class=\"landing-ebook-features__feature-content\"><p><span style=\"font-weight: 400\">Zgodno\u015b\u0107 z HIPAA i RODO to g\u0142\u00f3wne przepisy, kt\u00f3rych musi przestrzega\u0107 ka\u017cda firma telemedyczna. Mo\u017cesz dowiedzie\u0107 si\u0119, dlaczego s\u0105 one wa\u017cne i czego dok\u0142adnie si\u0119 oczekuje.\u200b<\/span><\/p>\n<\/div><\/div><\/div><div class=\"col-21 col-md-6 col-lg-3\"><div class=\"landing-ebook-features__feature\"><img decoding=\"async\" src=\"https:\/\/itcraftapps.com\/pl\/wp-content\/uploads\/sites\/5\/2023\/06\/book.svg\" class=\"landing-ebook-features__feature-icon w-100 img-fluid mb-3\" alt=\"\" \/><h4 class=\"landing-ebook-features__feature-title\">Estymacje koszt\u00f3w<\/h4><div class=\"landing-ebook-features__feature-content\"><p><span style=\"font-weight: 400\">Pewnie zastanawiasz si\u0119, ile kosztuje stworzenie aplikacji telemedycznej. Dzielimy si\u0119 przybli\u017con\u0105 estymacj\u0105 opart\u0105 na wieloletnim do\u015bwiadczeniu w <a href=\"https:\/\/itcraftapps.com\/pl\/o-nas\/\">itCraft<\/a>.<\/span><\/p>\n<\/div><\/div><\/div><\/div><\/div>\t<\/div>\n<\/section>\n\n\n\n<section class=\"landing-ebook-about mt--70 mt-lg--100 mb--70 mb-lg--100\">\n\t<div class=\"container\">\n\t\t<div class=\"row align-items-center\">\n\t\t\t<div class=\"col-12 col-lg-6 mb-3 mb-lg-0 d-none d-lg-block pr-lg-3\"><img decoding=\"async\" width=\"1453\" height=\"2000\" src=\"https:\/\/itcraftapps.com\/pl\/wp-content\/uploads\/sites\/5\/2023\/04\/Telemedicine-itCraft-ebook-inside.jpg\" class=\"landing-ebook-about__image d-block mx-auto img-fluid\" alt=\"\" srcset=\"https:\/\/itcraftapps.com\/pl\/wp-content\/uploads\/sites\/5\/2023\/04\/Telemedicine-itCraft-ebook-inside.jpg 1453w, https:\/\/itcraftapps.com\/pl\/wp-content\/uploads\/sites\/5\/2023\/04\/Telemedicine-itCraft-ebook-inside-218x300.jpg 218w, https:\/\/itcraftapps.com\/pl\/wp-content\/uploads\/sites\/5\/2023\/04\/Telemedicine-itCraft-ebook-inside-744x1024.jpg 744w, https:\/\/itcraftapps.com\/pl\/wp-content\/uploads\/sites\/5\/2023\/04\/Telemedicine-itCraft-ebook-inside-768x1057.jpg 768w, https:\/\/itcraftapps.com\/pl\/wp-content\/uploads\/sites\/5\/2023\/04\/Telemedicine-itCraft-ebook-inside-1116x1536.jpg 1116w, https:\/\/itcraftapps.com\/pl\/wp-content\/uploads\/sites\/5\/2023\/04\/Telemedicine-itCraft-ebook-inside-1440x1982.jpg 1440w, https:\/\/itcraftapps.com\/pl\/wp-content\/uploads\/sites\/5\/2023\/04\/Telemedicine-itCraft-ebook-inside-792x1090.jpg 792w, https:\/\/itcraftapps.com\/pl\/wp-content\/uploads\/sites\/5\/2023\/04\/Telemedicine-itCraft-ebook-inside-492x677.jpg 492w\" sizes=\"(max-width: 1453px) 100vw, 1453px\" \/><\/div>\t\t\t<div class=\"col-12 col-lg-6 pl-lg-3\">\n\t\t\t\t<h2 class=\"landing-ebook-about__title\">Tera\u017aniejszo\u015b\u0107 i przysz\u0142o\u015b\u0107 telemedycyny<\/h2><img decoding=\"async\" width=\"1453\" height=\"2000\" src=\"https:\/\/itcraftapps.com\/pl\/wp-content\/uploads\/sites\/5\/2023\/04\/Telemedicine-itCraft-ebook-inside.jpg\" class=\"landing-ebook-about__image d-lg-none mx-auto img-fluid mb-3\" alt=\"\" srcset=\"https:\/\/itcraftapps.com\/pl\/wp-content\/uploads\/sites\/5\/2023\/04\/Telemedicine-itCraft-ebook-inside.jpg 1453w, https:\/\/itcraftapps.com\/pl\/wp-content\/uploads\/sites\/5\/2023\/04\/Telemedicine-itCraft-ebook-inside-218x300.jpg 218w, https:\/\/itcraftapps.com\/pl\/wp-content\/uploads\/sites\/5\/2023\/04\/Telemedicine-itCraft-ebook-inside-744x1024.jpg 744w, https:\/\/itcraftapps.com\/pl\/wp-content\/uploads\/sites\/5\/2023\/04\/Telemedicine-itCraft-ebook-inside-768x1057.jpg 768w, https:\/\/itcraftapps.com\/pl\/wp-content\/uploads\/sites\/5\/2023\/04\/Telemedicine-itCraft-ebook-inside-1116x1536.jpg 1116w, https:\/\/itcraftapps.com\/pl\/wp-content\/uploads\/sites\/5\/2023\/04\/Telemedicine-itCraft-ebook-inside-1440x1982.jpg 1440w, https:\/\/itcraftapps.com\/pl\/wp-content\/uploads\/sites\/5\/2023\/04\/Telemedicine-itCraft-ebook-inside-792x1090.jpg 792w, https:\/\/itcraftapps.com\/pl\/wp-content\/uploads\/sites\/5\/2023\/04\/Telemedicine-itCraft-ebook-inside-492x677.jpg 492w\" sizes=\"(max-width: 1453px) 100vw, 1453px\" \/><div class=\"landing-ebook-about__content\"><p>W zwi\u0105zku z pandemi\u0105 koronawirusa zintensyfikowano poszukiwania rozwi\u0105za\u0144 w zakresie cyfrowej opieki zdrowotnej. Pacjenci i lekarze dowiedzieli si\u0119, jakie korzy\u015bci mog\u0105 odczu\u0107 dzi\u0119ki wideokonsultacjom i innym innowacjom.<\/p>\n<p>W naszym przewodniku po telemedycynie przyjrzymy si\u0119 bli\u017cej wszystkim zagadnieniom, kt\u00f3re maj\u0105 wp\u0142yw na biznes telemedyczny. Jest to kompleksowy przewodnik po kwestiach technicznych, takich jak projektowanie <a href=\"https:\/\/itcraftapps.com\/pl\/zatrudnij-najlepszych-ui-ux-designerow-do-swojego-projektu\/\">UX\/UI<\/a>, gotowe komponenty i typy system\u00f3w, kt\u00f3re mo\u017cna wdro\u017cy\u0107. Przeczytasz historie sukcesu naszych klient\u00f3w, z kt\u00f3rymi wsp\u00f3\u0142pracowali\u015bmy w zakresie rozwi\u0105za\u0144 telemedycznych. Naszym celem by\u0142o podanie prawdziwych przyk\u0142ad\u00f3w, aby lepiej zrozumie\u0107, jak odnie\u015b\u0107 sukces w tej wymagaj\u0105cej bran\u017cy.<\/p>\n<p>Ten ebook dostarczy Ci ca\u0142ej wiedzy potrzebnej do prowadzenia biznesu e-Zdrowia i zostania kolejnym dostawc\u0105 innowacyjnych system\u00f3w dla tysi\u0119cy ludzi, kt\u00f3rzy potrzebuj\u0105 pomocy medycznej lub chc\u0105 w wygodny spos\u00f3b pomaga\u0107 innym.<\/p>\n<\/div>\t\t\t<\/div>\n\t\t<\/div>\n\t<\/div>\n<\/section>\n\n\n\n<section class=\"landing-ebook-experts mt-lg-100 mb-lg-100\">\n\t<div class=\"container\">\n\t\t\t\t<div class=\"row justify-content-center text-center\">\n\t\t\t<div class=\"col-12 col-lg-8\">\n\t\t\t\t<h2 class=\"landing-ebook-experts__title\">Eksperci e tym ebooku<\/h2>\t\t\t<\/div>\n\t\t<\/div>\n\t\t<div class=\"row-gap-container if-nf-mt--40\"><div class=\"row row-gap-30\"><div class=\"col-21 col-md-6\"><div class=\"landing-ebook-experts__expert\"><div class=\"landing-ebook-experts__expert-avatar mx-auto-\"><img decoding=\"async\" width=\"150\" height=\"150\" src=\"https:\/\/itcraftapps.com\/pl\/wp-content\/uploads\/sites\/5\/2023\/04\/BartoszPieslak-150x150-1.png\" class=\"img-fluid\" alt=\"\" \/><\/div><p class=\"landing-ebook-experts__expert-title text-center-s\">Bartosz Pie\u015blak, CEO w itCraft<\/p><div class=\"landing-ebook-experts__expert-content\"><p><span style=\"font-weight: 400\">Wsp\u00f3\u0142za\u0142o\u017cyciel itCraft, jednego z wiod\u0105cych w Europie software house&#8217;\u00f3w specjalizuj\u0105cych si\u0119 w technologiach mobilnych. Dzi\u0119ki bogatemu do\u015bwiadczeniu ze startupami i du\u017cymi przedsi\u0119biorstwami z sektora medycznego, Bartek sta\u0142 si\u0119 wiod\u0105cym konsultantem i ekspertem projekt\u00f3w telemedycznych na ca\u0142ym \u015bwiecie.<\/span><\/p>\n<\/div><\/div><\/div><div class=\"col-21 col-md-6\"><div class=\"landing-ebook-experts__expert\"><div class=\"landing-ebook-experts__expert-avatar mx-auto-\"><img decoding=\"async\" width=\"150\" height=\"150\" src=\"https:\/\/itcraftapps.com\/pl\/wp-content\/uploads\/sites\/5\/2023\/04\/Dr-Don-Perugini-150x150-1.png\" class=\"img-fluid\" alt=\"\" \/><\/div><p class=\"landing-ebook-experts__expert-title text-center-s\">Dr Don Perugini, Presagen<\/p><div class=\"landing-ebook-experts__expert-content\"><p><span style=\"font-weight: 400\">Przedsi\u0119biorca i \u015bwiatowej s\u0142awy ekspert w dziedzinie sztucznej inteligencji (AI) i kognitywistyki. Wsp\u00f3\u0142za\u0142o\u017cyciel firmy Presagen zajmuj\u0105cej si\u0119 opiek\u0105 zdrowotn\u0105 AI.<\/span><\/p>\n<\/div><\/div><\/div><div class=\"col-21 col-md-6\"><div class=\"landing-ebook-experts__expert\"><div class=\"landing-ebook-experts__expert-avatar mx-auto-\"><img decoding=\"async\" width=\"150\" height=\"150\" src=\"https:\/\/itcraftapps.com\/pl\/wp-content\/uploads\/sites\/5\/2023\/04\/Nikolai-Mindleap-150x150-1.png\" class=\"img-fluid\" alt=\"\" \/><\/div><p class=\"landing-ebook-experts__expert-title text-center-s\">Nikolai Vassev, Mindleap<\/p><div class=\"landing-ebook-experts__expert-content\"><p><span style=\"font-weight: 400\">\u201eTelemedycyna jest obecna i b\u0119dzie nadal si\u0119 rozwija\u0107, wa\u017cne jest, aby pojawia\u0142y si\u0119 nowe platformy. To utrzyma konkurencyjno\u015b\u0107 i popchnie firmy do wprowadzania coraz wi\u0119kszych innowacji, a\u017c stanie si\u0119 to norm\u0105\u201d.<\/span><\/p>\n<\/div><\/div><\/div><div class=\"col-21 col-md-6\"><div class=\"landing-ebook-experts__expert\"><div class=\"landing-ebook-experts__expert-avatar mx-auto-\"><img decoding=\"async\" width=\"150\" height=\"150\" src=\"https:\/\/itcraftapps.com\/pl\/wp-content\/uploads\/sites\/5\/2023\/04\/Dr-Justyna-Kalisz-150x150-1.png\" class=\"img-fluid\" alt=\"\" \/><\/div><p class=\"landing-ebook-experts__expert-title text-center-s\">Dr Justyna Kalisz<\/p><div class=\"landing-ebook-experts__expert-content\"><p><span style=\"font-weight: 400\">\u201eOstatnio sektor telemedycyny prywatnej zacz\u0105\u0142 si\u0119 rozwija\u0107. Z obserwacji mog\u0119 stwierdzi\u0107, \u017ce zyskuj\u0105 one na popularno\u015bci i stanowi\u0105 doskona\u0142\u0105 alternatyw\u0119 dla pa\u0144stwowej opieki zdrowotnej.\u201d<\/span><\/p>\n<\/div><\/div><\/div><\/div><\/div>\t<\/div>\n<\/section>\n\n\n\n<section class=\"landing-ebook-about-2 bg-light bg-cover mt-lg-100 mb-lg-100\" style=\"background-image: url(https:\/\/itcraftapps.com\/pl\/wp-content\/uploads\/sites\/5\/2023\/04\/phones-background-ios-compression-1.png);\">\n\t<div class=\"container\">\n\t\t<div class=\"row justify-content-center\">\n\t\t\t<div class=\"col-12 col-lg-6\">\n\t\t\t\t<div class=\"landing-ebook-about-2__box\">\n\t\t\t\t\t<div class=\"landing-ebook-about-2__logo\"><img decoding=\"async\" width=\"300\" height=\"300\" src=\"https:\/\/itcraftapps.com\/pl\/wp-content\/uploads\/sites\/5\/2023\/06\/itCraft-logo@2x-300x300-1.png\" class=\"img-fluid\" alt=\"\" srcset=\"https:\/\/itcraftapps.com\/pl\/wp-content\/uploads\/sites\/5\/2023\/06\/itCraft-logo@2x-300x300-1.png 300w, https:\/\/itcraftapps.com\/pl\/wp-content\/uploads\/sites\/5\/2023\/06\/itCraft-logo@2x-300x300-1-150x150.png 150w\" sizes=\"(max-width: 300px) 100vw, 300px\" \/><\/div><h2 class=\"landing-ebook-about-2__title\">ItCraft \u2013 firma tworz\u0105ca aplikacje mobilne i webowe<\/h2><div class=\"landing-ebook-about-2__content\"><p>12 lat na rynku, ponad 350 zrealizowanych projekt\u00f3w i ponad 100 os\u00f3b na pok\u0142adzie \u2013 to itCraft w liczbach. <strong>Nasza wiedza i pasja do tworzenia oprogramowania pomog\u0142y nam zdoby\u0107 klient\u00f3w takich jak Deloitte, DHL, Makro C&amp;C, Rossmann, Top Secret, Sodexo, BHP Bank, InterCars, LUX Med i innych<\/strong>. Jeste\u015bmy dumni, \u017ce zostali\u015bmy docenieni przez portale bran\u017cowe, takie jak Clutch i Mobile App Daily.<\/p>\n<p>G\u0142\u00f3wnym celem zespo\u0142u itCraft jest zawsze dostarczanie wysokiej jako\u015bci innowacji mobilnych dla firm na ca\u0142ym \u015bwiecie. \u015awiadczymy kompleksowe us\u0142ugi produkcji oprogramowania dla uznanych korporacji i obiecuj\u0105cych startup\u00f3w.<\/p>\n<\/div>\t\t\t\t<\/div>\n\t\t\t<\/div>\n\t\t<\/div>\n\t<\/div>\n<\/section>\n\n\n\n<section class=\"landing-ebook-logos mt-lg-100 mb-lg-100\">\n\t<div class=\"container\">\n\t\t\t\t<div class=\"row justify-content-center text-center\">\n\t\t\t<div class=\"col-12 col-lg-8\">\n\t\t\t\t<h2 class=\"landing-ebook-logos__title\">Firmy, kt\u00f3re podzieli\u0142y si\u0119 do\u015bwiadczeniami<\/h2>\t\t\t<\/div>\n\t\t<\/div>\n\t\t<div class=\"landing-ebook-logos__slider\"><div><img decoding=\"async\" width=\"174\" height=\"48\" src=\"https:\/\/itcraftapps.com\/pl\/wp-content\/uploads\/sites\/5\/2023\/06\/mindleap-logo-color.svg\" class=\"landing-ebook-logos__image img-fluid\" alt=\"\" \/><\/div><div><img decoding=\"async\" width=\"231\" height=\"50\" src=\"https:\/\/itcraftapps.com\/pl\/wp-content\/uploads\/sites\/5\/2023\/06\/LW_logo_retina-p6fmlslkv98qdvy6b7wscfj42kuiomcarsetc47pc0.png\" class=\"landing-ebook-logos__image img-fluid\" alt=\"\" \/><\/div><div><img decoding=\"async\" width=\"94\" height=\"50\" src=\"https:\/\/itcraftapps.com\/pl\/wp-content\/uploads\/sites\/5\/2023\/06\/logo.7c37da37-p6fmlrnqof7g29zjgpi5rxrnh6z5gx8kfnrbuu93i8.png\" class=\"landing-ebook-logos__image img-fluid\" alt=\"\" \/><\/div><div><img decoding=\"async\" width=\"109\" height=\"50\" src=\"https:\/\/itcraftapps.com\/pl\/wp-content\/uploads\/sites\/5\/2023\/06\/unnamed-1-p6fmm7mzwltbjncbveetgbqhkqse3s005uul0jlekg.png\" class=\"landing-ebook-logos__image img-fluid\" alt=\"\" \/><\/div><\/div>\t<\/div>\n<\/section>\n\n\n\n<section class=\"landing-ebook-cta bg-light\">\n\t<div class=\"container text-center\">\n\n\t\t<h3 class=\"landing-ebook-cta__title col-12 col-lg-9 px-0 mx-auto\">Pobierz teraz tego ebooka!<\/h3><a href=\"#download-now\" class=\"btn btn-black btn-lg mt-4\" data-title=\"Pobierz teraz\"><span>Pobierz teraz<\/span><\/a>\n\t<\/div>\n<\/section>\n","protected":false},"excerpt":{"rendered":"","protected":false},"author":16,"featured_media":0,"parent":0,"menu_order":0,"comment_status":"closed","ping_status":"closed","template":"templates\/template-fullwidth.php","meta":{"_acf_changed":false,"inline_featured_image":false,"footnotes":""},"class_list":["post-21281","page","type-page","status-publish"],"acf":[],"yoast_head":"<!-- This site is optimized with the Yoast SEO plugin v25.5 - https:\/\/yoast.com\/wordpress\/plugins\/seo\/ -->\n<title>Telemedicine - eBook - Aplikacje mobilne i webowe dla firm | itCraft<\/title>\n<meta name=\"description\" content=\"Odkryj tajniki e-Zdrowia i MedTech! Dowiedz si\u0119 o legalno\u015bci, tworzeniu oprogramowania i zarabianiu w cyfrowym biznesie zdrowotnym. Pobierz teraz!\" \/>\n<meta name=\"robots\" content=\"index, follow, max-snippet:-1, max-image-preview:large, max-video-preview:-1\" \/>\n<link rel=\"canonical\" href=\"https:\/\/itcraftapps.com\/pl\/ebook-telemedicine\/\" \/>\n<meta property=\"og:locale\" content=\"pl_PL\" \/>\n<meta property=\"og:type\" content=\"article\" \/>\n<meta property=\"og:title\" content=\"Telemedicine - eBook - Aplikacje mobilne i webowe dla firm | itCraft\" \/>\n<meta property=\"og:description\" content=\"Odkryj tajniki e-Zdrowia i MedTech! Dowiedz si\u0119 o legalno\u015bci, tworzeniu oprogramowania i zarabianiu w cyfrowym biznesie zdrowotnym. Pobierz teraz!\" \/>\n<meta property=\"og:url\" content=\"https:\/\/itcraftapps.com\/pl\/ebook-telemedicine\/\" \/>\n<meta property=\"og:site_name\" content=\"Aplikacje mobilne i webowe dla firm | itCraft\" \/>\n<meta property=\"article:modified_time\" content=\"2023-06-23T11:53:03+00:00\" \/>\n<meta property=\"og:image\" content=\"https:\/\/itcraftapps.com\/pl\/wp-content\/uploads\/sites\/5\/2023\/01\/Main_social_1200x630px.png\" \/>\n\t<meta property=\"og:image:width\" content=\"1200\" \/>\n\t<meta property=\"og:image:height\" content=\"630\" \/>\n\t<meta property=\"og:image:type\" content=\"image\/png\" \/>\n<meta name=\"twitter:card\" content=\"summary_large_image\" \/>\n<!-- \/ Yoast SEO plugin. -->","yoast_head_json":{"title":"Telemedicine - eBook - Aplikacje mobilne i webowe dla firm | itCraft","description":"Odkryj tajniki e-Zdrowia i MedTech! Dowiedz si\u0119 o legalno\u015bci, tworzeniu oprogramowania i zarabianiu w cyfrowym biznesie zdrowotnym. Pobierz teraz!","robots":{"index":"index","follow":"follow","max-snippet":"max-snippet:-1","max-image-preview":"max-image-preview:large","max-video-preview":"max-video-preview:-1"},"canonical":"https:\/\/itcraftapps.com\/pl\/ebook-telemedicine\/","og_locale":"pl_PL","og_type":"article","og_title":"Telemedicine - eBook - Aplikacje mobilne i webowe dla firm | itCraft","og_description":"Odkryj tajniki e-Zdrowia i MedTech! Dowiedz si\u0119 o legalno\u015bci, tworzeniu oprogramowania i zarabianiu w cyfrowym biznesie zdrowotnym. Pobierz teraz!","og_url":"https:\/\/itcraftapps.com\/pl\/ebook-telemedicine\/","og_site_name":"Aplikacje mobilne i webowe dla firm | itCraft","article_modified_time":"2023-06-23T11:53:03+00:00","og_image":[{"width":1200,"height":630,"url":"https:\/\/itcraftapps.com\/pl\/wp-content\/uploads\/sites\/5\/2023\/01\/Main_social_1200x630px.png","type":"image\/png"}],"twitter_card":"summary_large_image","schema":{"@context":"https:\/\/schema.org","@graph":[{"@type":"WebPage","@id":"https:\/\/itcraftapps.com\/pl\/ebook-telemedicine\/","url":"https:\/\/itcraftapps.com\/pl\/ebook-telemedicine\/","name":"Telemedicine - eBook - Aplikacje mobilne i webowe dla firm | itCraft","isPartOf":{"@id":"https:\/\/itcraftapps.com\/pl\/#website"},"datePublished":"2022-01-12T13:33:14+00:00","dateModified":"2023-06-23T11:53:03+00:00","description":"Odkryj tajniki e-Zdrowia i MedTech! Dowiedz si\u0119 o legalno\u015bci, tworzeniu oprogramowania i zarabianiu w cyfrowym biznesie zdrowotnym. Pobierz teraz!","breadcrumb":{"@id":"https:\/\/itcraftapps.com\/pl\/ebook-telemedicine\/#breadcrumb"},"inLanguage":"pl-PL","potentialAction":[{"@type":"ReadAction","target":["https:\/\/itcraftapps.com\/pl\/ebook-telemedicine\/"]}]},{"@type":"BreadcrumbList","@id":"https:\/\/itcraftapps.com\/pl\/ebook-telemedicine\/#breadcrumb","itemListElement":[{"@type":"ListItem","position":1,"name":"Home","item":"https:\/\/itcraftapps.com\/pl\/"},{"@type":"ListItem","position":2,"name":"Telemedicine &#8211; eBook"}]},{"@type":"WebSite","@id":"https:\/\/itcraftapps.com\/pl\/#website","url":"https:\/\/itcraftapps.com\/pl\/","name":"Aplikacje mobilne i webowe dla firm | itCraft","description":"","potentialAction":[{"@type":"SearchAction","target":{"@type":"EntryPoint","urlTemplate":"https:\/\/itcraftapps.com\/pl\/?s={search_term_string}"},"query-input":{"@type":"PropertyValueSpecification","valueRequired":true,"valueName":"search_term_string"}}],"inLanguage":"pl-PL"}]}},"_links":{"self":[{"href":"https:\/\/itcraftapps.com\/pl\/wp-json\/wp\/v2\/pages\/21281","targetHints":{"allow":["GET"]}}],"collection":[{"href":"https:\/\/itcraftapps.com\/pl\/wp-json\/wp\/v2\/pages"}],"about":[{"href":"https:\/\/itcraftapps.com\/pl\/wp-json\/wp\/v2\/types\/page"}],"author":[{"embeddable":true,"href":"https:\/\/itcraftapps.com\/pl\/wp-json\/wp\/v2\/users\/16"}],"replies":[{"embeddable":true,"href":"https:\/\/itcraftapps.com\/pl\/wp-json\/wp\/v2\/comments?post=21281"}],"version-history":[{"count":0,"href":"https:\/\/itcraftapps.com\/pl\/wp-json\/wp\/v2\/pages\/21281\/revisions"}],"wp:attachment":[{"href":"https:\/\/itcraftapps.com\/pl\/wp-json\/wp\/v2\/media?parent=21281"}],"curies":[{"name":"wp","href":"https:\/\/api.w.org\/{rel}","templated":true}]}}