{"id":21187,"date":"2022-01-12T13:19:43","date_gmt":"2022-01-12T12:19:43","guid":{"rendered":"https:\/\/itcraftapps.com\/?page_id=21187"},"modified":"2023-06-23T13:42:24","modified_gmt":"2023-06-23T11:42:24","slug":"ebook-cross-platform-vs-native-development-kompletny-przewodnik","status":"publish","type":"page","link":"https:\/\/itcraftapps.com\/pl\/ebook-cross-platform-vs-native-development-kompletny-przewodnik\/","title":{"rendered":"Ebook &#8211; Cross-platform vs native development: Kompletny przewodnik"},"content":{"rendered":"\n<section id=\"download-now\" class=\"landing-ebook-hero mb-lg-100\">\n\t<div class=\"landing-ebook-hero__overlay\"><\/div>\n\t<div class=\"container position-relative zindex-5\">\n\t\t<div class=\"row\">\n\t\t\t<div class=\"col-12 col-lg-4\">\n\t\t\t\t<h2 class=\"landing-ebook-hero__title d-lg-none\">Cross-platform vs. Native development<\/h2><h2 class=\"landing-ebook-hero__subtitle d-lg-none\">Najlepszy przewodnik<\/h2>\t\t\t\t<div class=\"landing-ebook-hero__cover\">\n\t\t\t\t\t<img decoding=\"async\" width=\"992\" height=\"1403\" src=\"https:\/\/itcraftapps.com\/pl\/wp-content\/uploads\/sites\/5\/2023\/04\/itcraft_okladka_7.jpg\" class=\"d-block img-fluid\" alt=\"\" srcset=\"https:\/\/itcraftapps.com\/pl\/wp-content\/uploads\/sites\/5\/2023\/04\/itcraft_okladka_7.jpg 992w, https:\/\/itcraftapps.com\/pl\/wp-content\/uploads\/sites\/5\/2023\/04\/itcraft_okladka_7-212x300.jpg 212w, https:\/\/itcraftapps.com\/pl\/wp-content\/uploads\/sites\/5\/2023\/04\/itcraft_okladka_7-724x1024.jpg 724w, https:\/\/itcraftapps.com\/pl\/wp-content\/uploads\/sites\/5\/2023\/04\/itcraft_okladka_7-768x1086.jpg 768w, https:\/\/itcraftapps.com\/pl\/wp-content\/uploads\/sites\/5\/2023\/04\/itcraft_okladka_7-792x1120.jpg 792w, https:\/\/itcraftapps.com\/pl\/wp-content\/uploads\/sites\/5\/2023\/04\/itcraft_okladka_7-492x696.jpg 492w\" sizes=\"(max-width: 992px) 100vw, 992px\" \/>\t\t\t\t<\/div>\n\t\t\t<\/div>\n\n\t\t\t<div class=\"col-12 col-lg-8 mt-lg-4 pl-lg-3\">\n\t\t\t\t<div class=\"d-flex w-100 justify-content-between\"><div class=\"pr-lg-4\"><h1 class=\"landing-ebook-hero__title d-none d-lg-block\">Cross-platform vs. Native development<\/h1><h2 class=\"landing-ebook-hero__subtitle d-none d-lg-block\">Najlepszy przewodnik<\/h2><\/div><\/div><div class=\"landing-ebook-hero__content\"><h4>Dla kogo jest ten ebook?<\/h4>\n<p>Niewa\u017cne, czy jeste\u015b za\u0142o\u017cycielem startupu, czy cz\u0119\u015bci\u0105 wi\u0119kszego przedsi\u0119biorstwa \u2013 ten ebook jest dla Ciebie. Mo\u017ce pracujesz jako Product Owner lub CTO? Je\u015bli Twoim celem jest poznanie zalet i wad programowania mi\u0119dzyplatformowego lub natywnego, jeste\u015b we w\u0142a\u015bciwym miejscu. Dowiesz si\u0119, jakie s\u0105 g\u0142\u00f3wne cechy tych dw\u00f3ch rozwi\u0105za\u0144, jakie s\u0105 mi\u0119dzy nimi r\u00f3\u017cnice i jakie korzy\u015bci odnosz\u0105 firmy stosuj\u0105c je w swoich aplikacjach mobilnych.<\/p>\n<\/div>\t\t\t<\/div>\n\t\t<\/div>\n\t<\/div>\n<\/section>\n\n\n\n<section class=\"landing-ebook-features bg-light pt--100 pb--100 mt-lg-100 mb-lg-100\">\n\t<div class=\"container\">\n\t\t\t\t<div class=\"row justify-content-center text-center\">\n\t\t\t<div class=\"col-12 col-lg-8\">\n\t\t\t\t<h2 class=\"landing-ebook-features__title\">Co w nim znajdziesz?<\/h2>\t\t\t<\/div>\n\t\t<\/div>\n\t\t<div class=\"row-gap-container if-nf-mt--40\"><div class=\"row row-gap-50\"><div class=\"col-21 col-md-6 col-lg-3\"><div class=\"landing-ebook-features__feature\"><img decoding=\"async\" src=\"https:\/\/itcraftapps.com\/pl\/wp-content\/uploads\/sites\/5\/2023\/06\/lightning.svg\" class=\"landing-ebook-features__feature-icon w-100 img-fluid mb-3\" alt=\"\" \/><h4 class=\"landing-ebook-features__feature-title\">Case studies<\/h4><div class=\"landing-ebook-features__feature-content\"><p>Omawiamy najwybitniejszych lider\u00f3w rynku telemedycyny i ich recept\u0119 na sukces. Nasi klienci podzielili si\u0119 r\u00f3wnie\u017c swoimi przemy\u015bleniami na najbardziej krytyczne tematy dotycz\u0105ce telemedycyny.<\/p>\n<\/div><\/div><\/div><div class=\"col-21 col-md-6 col-lg-3\"><div class=\"landing-ebook-features__feature\"><img decoding=\"async\" src=\"https:\/\/itcraftapps.com\/pl\/wp-content\/uploads\/sites\/5\/2023\/06\/sliders.svg\" class=\"landing-ebook-features__feature-icon w-100 img-fluid mb-3\" alt=\"\" \/><h4 class=\"landing-ebook-features__feature-title\">Wywiady<\/h4><div class=\"landing-ebook-features__feature-content\"><p>Eksperci e-zdrowia odpowiedzieli na nasze pytania, aby da\u0107 czytelnikom dog\u0142\u0119bny wgl\u0105d w kluczowe elementy produkt\u00f3w i us\u0142ug telemedycznych. Ich opinie s\u0105 bezcenne.<\/p>\n<\/div><\/div><\/div><div class=\"col-21 col-md-6 col-lg-3\"><div class=\"landing-ebook-features__feature\"><img decoding=\"async\" src=\"https:\/\/itcraftapps.com\/pl\/wp-content\/uploads\/sites\/5\/2023\/06\/circle-half.svg\" class=\"landing-ebook-features__feature-icon w-100 img-fluid mb-3\" alt=\"\" \/><h4 class=\"landing-ebook-features__feature-title\">Regulacje prawne<\/h4><div class=\"landing-ebook-features__feature-content\"><p>Zgodno\u015b\u0107 z HIPAA i RODO to g\u0142\u00f3wne przepisy, kt\u00f3rych musi przestrzega\u0107 ka\u017cda firma telemedyczna. Mo\u017cesz dowiedzie\u0107 si\u0119, dlaczego s\u0105 one wa\u017cne i czego dok\u0142adnie si\u0119 od nich oczekuje.<\/p>\n<\/div><\/div><\/div><div class=\"col-21 col-md-6 col-lg-3\"><div class=\"landing-ebook-features__feature\"><img decoding=\"async\" src=\"https:\/\/itcraftapps.com\/pl\/wp-content\/uploads\/sites\/5\/2023\/06\/book.svg\" class=\"landing-ebook-features__feature-icon w-100 img-fluid mb-3\" alt=\"\" \/><h4 class=\"landing-ebook-features__feature-title\">Estymacje koszt\u00f3w<\/h4><div class=\"landing-ebook-features__feature-content\"><p>Pewnie zastanawiasz si\u0119, ile kosztuje stworzenie aplikacji telemedycznej. Dzielimy si\u0119 przybli\u017con\u0105 estymacj\u0105 opart\u0105 na wieloletnim do\u015bwiadczeniu w <a href=\"https:\/\/itcraftapps.com\/pl\/o-nas\/\">itCraft<\/a>.<\/p>\n<\/div><\/div><\/div><\/div><\/div>\t<\/div>\n<\/section>\n\n\n\n<section class=\"landing-ebook-about mt--70 mt-lg--100 mb--70 mb-lg--100\">\n\t<div class=\"container\">\n\t\t<div class=\"row align-items-center\">\n\t\t\t<div class=\"col-12 col-lg-6 mb-3 mb-lg-0 d-none d-lg-block pr-lg-3\"><img decoding=\"async\" width=\"1453\" height=\"2000\" src=\"https:\/\/itcraftapps.com\/pl\/wp-content\/uploads\/sites\/5\/2023\/04\/Telemedicine-itCraft-ebook-inside.jpg\" class=\"landing-ebook-about__image d-block mx-auto img-fluid\" alt=\"\" srcset=\"https:\/\/itcraftapps.com\/pl\/wp-content\/uploads\/sites\/5\/2023\/04\/Telemedicine-itCraft-ebook-inside.jpg 1453w, https:\/\/itcraftapps.com\/pl\/wp-content\/uploads\/sites\/5\/2023\/04\/Telemedicine-itCraft-ebook-inside-218x300.jpg 218w, https:\/\/itcraftapps.com\/pl\/wp-content\/uploads\/sites\/5\/2023\/04\/Telemedicine-itCraft-ebook-inside-744x1024.jpg 744w, https:\/\/itcraftapps.com\/pl\/wp-content\/uploads\/sites\/5\/2023\/04\/Telemedicine-itCraft-ebook-inside-768x1057.jpg 768w, https:\/\/itcraftapps.com\/pl\/wp-content\/uploads\/sites\/5\/2023\/04\/Telemedicine-itCraft-ebook-inside-1116x1536.jpg 1116w, https:\/\/itcraftapps.com\/pl\/wp-content\/uploads\/sites\/5\/2023\/04\/Telemedicine-itCraft-ebook-inside-1440x1982.jpg 1440w, https:\/\/itcraftapps.com\/pl\/wp-content\/uploads\/sites\/5\/2023\/04\/Telemedicine-itCraft-ebook-inside-792x1090.jpg 792w, https:\/\/itcraftapps.com\/pl\/wp-content\/uploads\/sites\/5\/2023\/04\/Telemedicine-itCraft-ebook-inside-492x677.jpg 492w\" sizes=\"(max-width: 1453px) 100vw, 1453px\" \/><\/div>\t\t\t<div class=\"col-12 col-lg-6 pl-lg-3\">\n\t\t\t\t<h2 class=\"landing-ebook-about__title\">Cross-platform czy native? \r\nOto jest pytanie!<\/h2><img decoding=\"async\" width=\"1453\" height=\"2000\" src=\"https:\/\/itcraftapps.com\/pl\/wp-content\/uploads\/sites\/5\/2023\/04\/Telemedicine-itCraft-ebook-inside.jpg\" class=\"landing-ebook-about__image d-lg-none mx-auto img-fluid mb-3\" alt=\"\" srcset=\"https:\/\/itcraftapps.com\/pl\/wp-content\/uploads\/sites\/5\/2023\/04\/Telemedicine-itCraft-ebook-inside.jpg 1453w, https:\/\/itcraftapps.com\/pl\/wp-content\/uploads\/sites\/5\/2023\/04\/Telemedicine-itCraft-ebook-inside-218x300.jpg 218w, https:\/\/itcraftapps.com\/pl\/wp-content\/uploads\/sites\/5\/2023\/04\/Telemedicine-itCraft-ebook-inside-744x1024.jpg 744w, https:\/\/itcraftapps.com\/pl\/wp-content\/uploads\/sites\/5\/2023\/04\/Telemedicine-itCraft-ebook-inside-768x1057.jpg 768w, https:\/\/itcraftapps.com\/pl\/wp-content\/uploads\/sites\/5\/2023\/04\/Telemedicine-itCraft-ebook-inside-1116x1536.jpg 1116w, https:\/\/itcraftapps.com\/pl\/wp-content\/uploads\/sites\/5\/2023\/04\/Telemedicine-itCraft-ebook-inside-1440x1982.jpg 1440w, https:\/\/itcraftapps.com\/pl\/wp-content\/uploads\/sites\/5\/2023\/04\/Telemedicine-itCraft-ebook-inside-792x1090.jpg 792w, https:\/\/itcraftapps.com\/pl\/wp-content\/uploads\/sites\/5\/2023\/04\/Telemedicine-itCraft-ebook-inside-492x677.jpg 492w\" sizes=\"(max-width: 1453px) 100vw, 1453px\" \/><div class=\"landing-ebook-about__content\"><p>Ka\u017cdy projekt aplikacji mobilnej jest inny. Wyb\u00f3r stosu technologicznego zale\u017cy od kilku czynnik\u00f3w, kt\u00f3re powinni\u015bmy dok\u0142adnie rozwa\u017cy\u0107. Podj\u0119cie niew\u0142a\u015bciwej decyzji b\u0119dzie w najlepszym przypadku kosztowne, a w najgorszym przypadku oznacza du\u017ce straty.<\/p>\n<p>Dlatego zapewniamy solidny podr\u0119cznik na temat tworzenia wieloplatformowych i natywnych aplikacji mobilnych. Mo\u017cesz go u\u017cy\u0107, aby dowiedzie\u0107 si\u0119, kt\u00f3re z tych technologii s\u0105 odpowiednie dla Twojego projektu. Przyk\u0142ady z \u017cycia wzi\u0119te pomog\u0105 Ci zrozumie\u0107, dlaczego wyb\u00f3r frameworka ma tak du\u017ce znaczenie. Rozmawiali\u015bmy z ekspertami \u2013 programistami i w\u0142a\u015bcicielami firm, aby ustali\u0107, w jaki spos\u00f3b wyb\u00f3r odpowiedniej metody tworzenia oprogramowania mo\u017ce mie\u0107 kluczowe znaczenie dla przysz\u0142ego rozwoju i wynik\u00f3w.<\/p>\n<p>Je\u015bli pobierzesz naszego ebooka, spodziewaj si\u0119 mn\u00f3stwa przydatnej, praktycznej wiedzy ze wszystkimi szczeg\u00f3\u0142ami, kt\u00f3re musisz zna\u0107, aby dowiedzie\u0107 si\u0119 wi\u0119cej o tworzeniu mi\u0119dzyplatformowych i natywnych aplikacji mobilnych. To najlepszy przewodnik, kt\u00f3rego potrzebujesz!<\/p>\n<\/div>\t\t\t<\/div>\n\t\t<\/div>\n\t<\/div>\n<\/section>\n\n\n\n<section class=\"landing-ebook-experts mt-lg-100 mb-lg-100\">\n\t<div class=\"container\">\n\t\t\t\t<div class=\"row justify-content-center text-center\">\n\t\t\t<div class=\"col-12 col-lg-8\">\n\t\t\t\t<h2 class=\"landing-ebook-experts__title\">Eksperci w ebooku<\/h2>\t\t\t<\/div>\n\t\t<\/div>\n\t\t<div class=\"row-gap-container if-nf-mt--40\"><div class=\"row row-gap-30\"><div class=\"col-21 col-md-6\"><div class=\"landing-ebook-experts__expert\"><div class=\"landing-ebook-experts__expert-avatar mx-auto-\"><img decoding=\"async\" width=\"500\" height=\"500\" src=\"https:\/\/itcraftapps.com\/pl\/wp-content\/uploads\/sites\/5\/2023\/06\/Marko-Causevic.jpeg\" class=\"img-fluid\" alt=\"\" srcset=\"https:\/\/itcraftapps.com\/pl\/wp-content\/uploads\/sites\/5\/2023\/06\/Marko-Causevic.jpeg 500w, https:\/\/itcraftapps.com\/pl\/wp-content\/uploads\/sites\/5\/2023\/06\/Marko-Causevic-300x300.jpeg 300w, https:\/\/itcraftapps.com\/pl\/wp-content\/uploads\/sites\/5\/2023\/06\/Marko-Causevic-150x150.jpeg 150w, https:\/\/itcraftapps.com\/pl\/wp-content\/uploads\/sites\/5\/2023\/06\/Marko-Causevic-492x492.jpeg 492w\" sizes=\"(max-width: 500px) 100vw, 500px\" \/><\/div><p class=\"landing-ebook-experts__expert-title text-center-s\">Marko Cau\u0161evi\u0107, <a href=\"https:\/\/itcraftapps.com\/pl\/zatrudnij-najlepszych-programistow-flutter-do-swojego-projektu\/\">Flutter developer<\/a> w About You GmbH<\/p><div class=\"landing-ebook-experts__expert-content\"><p>\u201ePowiedzia\u0142bym, \u017ce najwi\u0119ksz\u0105 zalet\u0105 Fluttera jest \u0142atwo\u015b\u0107 tworzenia prototyp\u00f3w interfejs\u00f3w u\u017cytkownika. Bardzo \u0142atwo jest stworzy\u0107 wysoce spersonalizowany interfejs u\u017cytkownika, a\u017c do pojedynczego piksela\u201d.<\/p>\n<\/div><\/div><\/div><div class=\"col-21 col-md-6\"><div class=\"landing-ebook-experts__expert\"><div class=\"landing-ebook-experts__expert-avatar mx-auto-\"><img decoding=\"async\" width=\"196\" height=\"196\" src=\"https:\/\/itcraftapps.com\/pl\/wp-content\/uploads\/sites\/5\/2019\/02\/img_photo_krzysztof_wojciechowski.png\" class=\"img-fluid\" alt=\"\" srcset=\"https:\/\/itcraftapps.com\/pl\/wp-content\/uploads\/sites\/5\/2019\/02\/img_photo_krzysztof_wojciechowski.png 196w, https:\/\/itcraftapps.com\/pl\/wp-content\/uploads\/sites\/5\/2019\/02\/img_photo_krzysztof_wojciechowski-150x150.png 150w\" sizes=\"(max-width: 196px) 100vw, 196px\" \/><\/div><p class=\"landing-ebook-experts__expert-title text-center-s\">Krzysztof Wojciechowski, Senior developer w itCraft<\/p><div class=\"landing-ebook-experts__expert-content\"><p>\u201eZespo\u0142owi <a href=\"https:\/\/itcraftapps.com\/pl\/blog\/19-aplikacji-stworzonych-we-flutterze\/\">Flutter<\/a> uda\u0142o si\u0119 dostarczy\u0107 solidny zestaw nowych wid\u017cet\u00f3w, stylizowanych zgodnie z Material Design, z opcj\u0105 \u0142atwego tworzenia niestandardowych\u201d.<\/p>\n<\/div><\/div><\/div><div class=\"col-21 col-md-6\"><div class=\"landing-ebook-experts__expert\"><div class=\"landing-ebook-experts__expert-avatar mx-auto-\"><img decoding=\"async\" width=\"196\" height=\"196\" src=\"https:\/\/itcraftapps.com\/pl\/wp-content\/uploads\/sites\/5\/2019\/01\/itcraft_profile_photo_karol.png\" class=\"img-fluid\" alt=\"itcraftapps.com - profile photo\" srcset=\"https:\/\/itcraftapps.com\/pl\/wp-content\/uploads\/sites\/5\/2019\/01\/itcraft_profile_photo_karol.png 196w, https:\/\/itcraftapps.com\/pl\/wp-content\/uploads\/sites\/5\/2019\/01\/itcraft_profile_photo_karol-150x150.png 150w\" sizes=\"(max-width: 196px) 100vw, 196px\" \/><\/div><p class=\"landing-ebook-experts__expert-title text-center-s\">Karol Wegner, CEO w itCraft<\/p><div class=\"landing-ebook-experts__expert-content\"><p>Ekspert nowoczesnych, skalowalnych system\u00f3w mobilnych. Od 2010 roku jako wsp\u00f3\u0142za\u0142o\u017cyciel i wsp\u00f3\u0142w\u0142a\u015bciciel firmy itCraft Karol rozwija w\u0142asn\u0105 firm\u0119 buduj\u0105c\u0105 <a href=\"https:\/\/itcraftapps.com\/pl\/\">aplikacje mobilne<\/a>. Tw\u00f3rca i inwestor w mobilne startupy.<\/p>\n<\/div><\/div><\/div><div class=\"col-21 col-md-6\"><div class=\"landing-ebook-experts__expert\"><div class=\"landing-ebook-experts__expert-avatar mx-auto-\"><img decoding=\"async\" width=\"500\" height=\"500\" src=\"https:\/\/itcraftapps.com\/pl\/wp-content\/uploads\/sites\/5\/2023\/06\/Deyan-Ginev.jpeg\" class=\"img-fluid\" alt=\"\" srcset=\"https:\/\/itcraftapps.com\/pl\/wp-content\/uploads\/sites\/5\/2023\/06\/Deyan-Ginev.jpeg 500w, https:\/\/itcraftapps.com\/pl\/wp-content\/uploads\/sites\/5\/2023\/06\/Deyan-Ginev-300x300.jpeg 300w, https:\/\/itcraftapps.com\/pl\/wp-content\/uploads\/sites\/5\/2023\/06\/Deyan-Ginev-150x150.jpeg 150w, https:\/\/itcraftapps.com\/pl\/wp-content\/uploads\/sites\/5\/2023\/06\/Deyan-Ginev-492x492.jpeg 492w\" sizes=\"(max-width: 500px) 100vw, 500px\" \/><\/div><p class=\"landing-ebook-experts__expert-title text-center-s\">Deyan Ginev, Software Engineer w Office R&amp;D<\/p><div class=\"landing-ebook-experts__expert-content\"><p>\u201eMy\u015bl\u0119, \u017ce NativeScript nie jest konkurencyjny w stosunku do Native Development, gdy celem jest zbudowanie aplikacji mobilnej, kt\u00f3ra koncentruje si\u0119 wy\u0142\u0105cznie na UX (user experience), aby zapewni\u0107 warto\u015b\u0107\u201d.<\/p>\n<\/div><\/div><\/div><div class=\"col-21 col-md-6\"><div class=\"landing-ebook-experts__expert\"><div class=\"landing-ebook-experts__expert-avatar mx-auto-\"><img decoding=\"async\" width=\"494\" height=\"494\" src=\"https:\/\/itcraftapps.com\/pl\/wp-content\/uploads\/sites\/5\/2023\/06\/Igor-Davydychev.jpeg\" class=\"img-fluid\" alt=\"\" srcset=\"https:\/\/itcraftapps.com\/pl\/wp-content\/uploads\/sites\/5\/2023\/06\/Igor-Davydychev.jpeg 494w, https:\/\/itcraftapps.com\/pl\/wp-content\/uploads\/sites\/5\/2023\/06\/Igor-Davydychev-300x300.jpeg 300w, https:\/\/itcraftapps.com\/pl\/wp-content\/uploads\/sites\/5\/2023\/06\/Igor-Davydychev-150x150.jpeg 150w, https:\/\/itcraftapps.com\/pl\/wp-content\/uploads\/sites\/5\/2023\/06\/Igor-Davydychev-492x492.jpeg 492w\" sizes=\"(max-width: 494px) 100vw, 494px\" \/><\/div><p class=\"landing-ebook-experts__expert-title text-center-s\">Igor Davydychev, Flutter developer w My Type\u200b<\/p><div class=\"landing-ebook-experts__expert-content\"><p><span style=\"font-weight: 400\">\u201eChcieli\u015bmy wykorzysta\u0107 platform\u0119 wieloplatformow\u0105, poniewa\u017c jeste\u015bmy bardzo ma\u0142ym zespo\u0142em i nie mieliby\u015bmy czasu na natywne tworzenie oprogramowania. Flutter wygl\u0105da\u0142 bardzo obiecuj\u0105co i oferowa\u0142 \u015bwietn\u0105 dokumentacj\u0119, wi\u0119c postanowili\u015bmy spr\u00f3bowa\u0107.\u201d<\/span><\/p>\n<\/div><\/div><\/div><\/div><\/div>\t<\/div>\n<\/section>\n\n\n\n<section class=\"landing-ebook-about-2 bg-light bg-cover mt-lg-100 mb-0\" style=\"background-image: url(https:\/\/itcraftapps.com\/pl\/wp-content\/uploads\/sites\/5\/2023\/04\/phones-background-ios-compression-1.png);\">\n\t<div class=\"container\">\n\t\t<div class=\"row justify-content-center\">\n\t\t\t<div class=\"col-12 col-lg-6\">\n\t\t\t\t<div class=\"landing-ebook-about-2__box\">\n\t\t\t\t\t<div class=\"landing-ebook-about-2__logo\"><img decoding=\"async\" width=\"300\" height=\"300\" src=\"https:\/\/itcraftapps.com\/pl\/wp-content\/uploads\/sites\/5\/2023\/06\/itCraft-logo@2x-300x300-1.png\" class=\"img-fluid\" alt=\"\" srcset=\"https:\/\/itcraftapps.com\/pl\/wp-content\/uploads\/sites\/5\/2023\/06\/itCraft-logo@2x-300x300-1.png 300w, https:\/\/itcraftapps.com\/pl\/wp-content\/uploads\/sites\/5\/2023\/06\/itCraft-logo@2x-300x300-1-150x150.png 150w\" sizes=\"(max-width: 300px) 100vw, 300px\" \/><\/div><h2 class=\"landing-ebook-about-2__title\">ItCraft \u2013 firma tworz\u0105ca aplikacje mobilne i webowe<\/h2><div class=\"landing-ebook-about-2__content\"><p><span style=\"font-weight: 400\">12 lat na rynku, ponad 350 zrealizowanych projekt\u00f3w i ponad 100 os\u00f3b na pok\u0142adzie \u2013 to itCraft w liczbach. <strong>Nasza wiedza i pasja do tworzenia oprogramowania pomog\u0142y nam zdoby\u0107 klient\u00f3w takich jak Deloitte, DHL, Makro C&amp;C, Rossmann, Top Secret, Sodexo, BHP Bank, InterCars, LUX Med i innych<\/strong>. Jeste\u015bmy dumni, \u017ce zostali\u015bmy docenieni przez portale bran\u017cowe, takie jak Clutch i Mobile App Daily.<\/span><\/p>\n<p><span style=\"font-weight: 400\">G\u0142\u00f3wnym celem zespo\u0142u itCraft jest zawsze dostarczanie wysokiej jako\u015bci innowacji mobilnych dla firm na ca\u0142ym \u015bwiecie. \u015awiadczymy kompleksowe us\u0142ugi produkcji oprogramowania dla uznanych korporacji i obiecuj\u0105cych startup\u00f3w.<\/span><\/p>\n<\/div>\t\t\t\t<\/div>\n\t\t\t<\/div>\n\t\t<\/div>\n\t<\/div>\n<\/section>\n\n\n\n<section class=\"landing-ebook-logos mt-lg-100 mb-lg-100\">\n\t<div class=\"container\">\n\t\t\t\t<div class=\"row justify-content-center text-center\">\n\t\t\t<div class=\"col-12 col-lg-8\">\n\t\t\t\t<h2 class=\"landing-ebook-logos__title\">Firmy, kt\u00f3re podzieli\u0142y si\u0119 do\u015bwiadczeniami<\/h2>\t\t\t<\/div>\n\t\t<\/div>\n\t\t<div class=\"landing-ebook-logos__slider\"><div><img decoding=\"async\" width=\"83\" height=\"45\" src=\"https:\/\/itcraftapps.com\/pl\/wp-content\/uploads\/sites\/5\/2023\/06\/Home-Doctor-logo-1-svg-3.svg\" class=\"landing-ebook-logos__image img-fluid\" alt=\"\" \/><\/div><div><img decoding=\"async\" width=\"98\" height=\"35\" src=\"https:\/\/itcraftapps.com\/pl\/wp-content\/uploads\/sites\/5\/2023\/06\/Uniti-logo-1-svg-1.svg\" class=\"landing-ebook-logos__image img-fluid\" alt=\"\" \/><\/div><div><img decoding=\"async\" width=\"96\" height=\"35\" src=\"https:\/\/itcraftapps.com\/pl\/wp-content\/uploads\/sites\/5\/2023\/06\/Intercars-logo-1-svg-2.svg\" class=\"landing-ebook-logos__image img-fluid\" alt=\"\" \/><\/div><div><img decoding=\"async\" width=\"85\" height=\"24\" src=\"https:\/\/itcraftapps.com\/pl\/wp-content\/uploads\/sites\/5\/2023\/06\/makro.svg\" class=\"landing-ebook-logos__image img-fluid\" alt=\"\" \/><\/div><\/div>\t<\/div>\n<\/section>\n\n\n\n<section class=\"landing-ebook-cta bg-light\">\n\t<div class=\"container text-center\">\n\n\t\t<h3 class=\"landing-ebook-cta__title col-12 col-lg-9 px-0 mx-auto\">Pobierz ebooka teraz!<\/h3><a href=\"#download-now\" class=\"btn btn-black btn-lg mt-4\" data-title=\"Pobierz teraz\"><span>Pobierz teraz<\/span><\/a>\n\t<\/div>\n<\/section>\n","protected":false},"excerpt":{"rendered":"","protected":false},"author":16,"featured_media":0,"parent":0,"menu_order":0,"comment_status":"closed","ping_status":"closed","template":"templates\/template-fullwidth.php","meta":{"_acf_changed":false,"inline_featured_image":false,"footnotes":""},"class_list":["post-21187","page","type-page","status-publish"],"acf":[],"yoast_head":"<!-- This site is optimized with the Yoast SEO plugin v25.5 - https:\/\/yoast.com\/wordpress\/plugins\/seo\/ -->\n<title>Ebook - Cross-platform vs native development: Kompletny przewodnik - Aplikacje mobilne i webowe dla firm | itCraft<\/title>\n<meta name=\"description\" content=\"Ten ebook to przewodnik dla ka\u017cdego, kto chce pozna\u0107 r\u00f3\u017cnice i zalety obu podej\u015b\u0107 w tworzeniu aplikacji mobilnych. Dowiedz si\u0119, co wybra\u0107 - cross-platform czy native!\" \/>\n<meta name=\"robots\" content=\"index, follow, max-snippet:-1, max-image-preview:large, max-video-preview:-1\" \/>\n<link rel=\"canonical\" href=\"https:\/\/itcraftapps.com\/pl\/ebook-cross-platform-vs-native-development-kompletny-przewodnik\/\" \/>\n<meta property=\"og:locale\" content=\"pl_PL\" \/>\n<meta property=\"og:type\" content=\"article\" \/>\n<meta property=\"og:title\" content=\"Ebook - Cross-platform vs native development: Kompletny przewodnik - Aplikacje mobilne i webowe dla firm | itCraft\" \/>\n<meta property=\"og:description\" content=\"Ten ebook to przewodnik dla ka\u017cdego, kto chce pozna\u0107 r\u00f3\u017cnice i zalety obu podej\u015b\u0107 w tworzeniu aplikacji mobilnych. Dowiedz si\u0119, co wybra\u0107 - cross-platform czy native!\" \/>\n<meta property=\"og:url\" content=\"https:\/\/itcraftapps.com\/pl\/ebook-cross-platform-vs-native-development-kompletny-przewodnik\/\" \/>\n<meta property=\"og:site_name\" content=\"Aplikacje mobilne i webowe dla firm | itCraft\" \/>\n<meta property=\"article:modified_time\" content=\"2023-06-23T11:42:24+00:00\" \/>\n<meta property=\"og:image\" content=\"https:\/\/itcraftapps.com\/pl\/wp-content\/uploads\/sites\/5\/2023\/01\/Main_social_1200x630px.png\" \/>\n\t<meta property=\"og:image:width\" content=\"1200\" \/>\n\t<meta property=\"og:image:height\" content=\"630\" \/>\n\t<meta property=\"og:image:type\" content=\"image\/png\" \/>\n<meta name=\"twitter:card\" content=\"summary_large_image\" \/>\n<!-- \/ Yoast SEO plugin. -->","yoast_head_json":{"title":"Ebook - Cross-platform vs native development: Kompletny przewodnik - Aplikacje mobilne i webowe dla firm | itCraft","description":"Ten ebook to przewodnik dla ka\u017cdego, kto chce pozna\u0107 r\u00f3\u017cnice i zalety obu podej\u015b\u0107 w tworzeniu aplikacji mobilnych. Dowiedz si\u0119, co wybra\u0107 - cross-platform czy native!","robots":{"index":"index","follow":"follow","max-snippet":"max-snippet:-1","max-image-preview":"max-image-preview:large","max-video-preview":"max-video-preview:-1"},"canonical":"https:\/\/itcraftapps.com\/pl\/ebook-cross-platform-vs-native-development-kompletny-przewodnik\/","og_locale":"pl_PL","og_type":"article","og_title":"Ebook - Cross-platform vs native development: Kompletny przewodnik - Aplikacje mobilne i webowe dla firm | itCraft","og_description":"Ten ebook to przewodnik dla ka\u017cdego, kto chce pozna\u0107 r\u00f3\u017cnice i zalety obu podej\u015b\u0107 w tworzeniu aplikacji mobilnych. Dowiedz si\u0119, co wybra\u0107 - cross-platform czy native!","og_url":"https:\/\/itcraftapps.com\/pl\/ebook-cross-platform-vs-native-development-kompletny-przewodnik\/","og_site_name":"Aplikacje mobilne i webowe dla firm | itCraft","article_modified_time":"2023-06-23T11:42:24+00:00","og_image":[{"width":1200,"height":630,"url":"https:\/\/itcraftapps.com\/pl\/wp-content\/uploads\/sites\/5\/2023\/01\/Main_social_1200x630px.png","type":"image\/png"}],"twitter_card":"summary_large_image","schema":{"@context":"https:\/\/schema.org","@graph":[{"@type":"WebPage","@id":"https:\/\/itcraftapps.com\/pl\/ebook-cross-platform-vs-native-development-kompletny-przewodnik\/","url":"https:\/\/itcraftapps.com\/pl\/ebook-cross-platform-vs-native-development-kompletny-przewodnik\/","name":"Ebook - Cross-platform vs native development: Kompletny przewodnik - Aplikacje mobilne i webowe dla firm | itCraft","isPartOf":{"@id":"https:\/\/itcraftapps.com\/pl\/#website"},"datePublished":"2022-01-12T12:19:43+00:00","dateModified":"2023-06-23T11:42:24+00:00","description":"Ten ebook to przewodnik dla ka\u017cdego, kto chce pozna\u0107 r\u00f3\u017cnice i zalety obu podej\u015b\u0107 w tworzeniu aplikacji mobilnych. Dowiedz si\u0119, co wybra\u0107 - cross-platform czy native!","breadcrumb":{"@id":"https:\/\/itcraftapps.com\/pl\/ebook-cross-platform-vs-native-development-kompletny-przewodnik\/#breadcrumb"},"inLanguage":"pl-PL","potentialAction":[{"@type":"ReadAction","target":["https:\/\/itcraftapps.com\/pl\/ebook-cross-platform-vs-native-development-kompletny-przewodnik\/"]}]},{"@type":"BreadcrumbList","@id":"https:\/\/itcraftapps.com\/pl\/ebook-cross-platform-vs-native-development-kompletny-przewodnik\/#breadcrumb","itemListElement":[{"@type":"ListItem","position":1,"name":"Home","item":"https:\/\/itcraftapps.com\/pl\/"},{"@type":"ListItem","position":2,"name":"Ebook &#8211; Cross-platform vs native development: Kompletny przewodnik"}]},{"@type":"WebSite","@id":"https:\/\/itcraftapps.com\/pl\/#website","url":"https:\/\/itcraftapps.com\/pl\/","name":"Aplikacje mobilne i webowe dla firm | itCraft","description":"","potentialAction":[{"@type":"SearchAction","target":{"@type":"EntryPoint","urlTemplate":"https:\/\/itcraftapps.com\/pl\/?s={search_term_string}"},"query-input":{"@type":"PropertyValueSpecification","valueRequired":true,"valueName":"search_term_string"}}],"inLanguage":"pl-PL"}]}},"_links":{"self":[{"href":"https:\/\/itcraftapps.com\/pl\/wp-json\/wp\/v2\/pages\/21187","targetHints":{"allow":["GET"]}}],"collection":[{"href":"https:\/\/itcraftapps.com\/pl\/wp-json\/wp\/v2\/pages"}],"about":[{"href":"https:\/\/itcraftapps.com\/pl\/wp-json\/wp\/v2\/types\/page"}],"author":[{"embeddable":true,"href":"https:\/\/itcraftapps.com\/pl\/wp-json\/wp\/v2\/users\/16"}],"replies":[{"embeddable":true,"href":"https:\/\/itcraftapps.com\/pl\/wp-json\/wp\/v2\/comments?post=21187"}],"version-history":[{"count":0,"href":"https:\/\/itcraftapps.com\/pl\/wp-json\/wp\/v2\/pages\/21187\/revisions"}],"wp:attachment":[{"href":"https:\/\/itcraftapps.com\/pl\/wp-json\/wp\/v2\/media?parent=21187"}],"curies":[{"name":"wp","href":"https:\/\/api.w.org\/{rel}","templated":true}]}}