{"id":20490,"date":"2022-01-11T09:09:55","date_gmt":"2022-01-11T08:09:55","guid":{"rendered":"https:\/\/itcraftapps.com\/?page_id=20490"},"modified":"2023-07-17T17:04:23","modified_gmt":"2023-07-17T15:04:23","slug":"ebook-ios-developer","status":"publish","type":"page","link":"https:\/\/itcraftapps.com\/pl\/ebook-ios-developer\/","title":{"rendered":"Ebook &#8211; iOS developer &#8211; the ultimate guide"},"content":{"rendered":"\n<section id=\"download-now\" class=\"landing-ebook-hero mb-lg-100\">\n\t<div class=\"landing-ebook-hero__overlay\"><\/div>\n\t<div class=\"container position-relative zindex-5\">\n\t\t<div class=\"row\">\n\t\t\t<div class=\"col-12 col-lg-4\">\n\t\t\t\t<h2 class=\"landing-ebook-hero__title d-lg-none\">iOS developer<\/h2><h2 class=\"landing-ebook-hero__subtitle d-lg-none\">Najlepszy przewodnik<\/h2>\t\t\t\t<div class=\"landing-ebook-hero__cover\">\n\t\t\t\t\t<img decoding=\"async\" width=\"992\" height=\"1403\" src=\"https:\/\/itcraftapps.com\/pl\/wp-content\/uploads\/sites\/5\/2023\/04\/itcraft_okladka_2.jpg\" class=\"d-block img-fluid\" alt=\"\" srcset=\"https:\/\/itcraftapps.com\/pl\/wp-content\/uploads\/sites\/5\/2023\/04\/itcraft_okladka_2.jpg 992w, https:\/\/itcraftapps.com\/pl\/wp-content\/uploads\/sites\/5\/2023\/04\/itcraft_okladka_2-212x300.jpg 212w, https:\/\/itcraftapps.com\/pl\/wp-content\/uploads\/sites\/5\/2023\/04\/itcraft_okladka_2-724x1024.jpg 724w, https:\/\/itcraftapps.com\/pl\/wp-content\/uploads\/sites\/5\/2023\/04\/itcraft_okladka_2-768x1086.jpg 768w, https:\/\/itcraftapps.com\/pl\/wp-content\/uploads\/sites\/5\/2023\/04\/itcraft_okladka_2-792x1120.jpg 792w, https:\/\/itcraftapps.com\/pl\/wp-content\/uploads\/sites\/5\/2023\/04\/itcraft_okladka_2-492x696.jpg 492w\" sizes=\"(max-width: 992px) 100vw, 992px\" \/>\t\t\t\t<\/div>\n\t\t\t<\/div>\n\n\t\t\t<div class=\"col-12 col-lg-8 mt-lg-4 pl-lg-3\">\n\t\t\t\t<div class=\"d-flex w-100 justify-content-between\"><div class=\"pr-lg-4\"><h1 class=\"landing-ebook-hero__title d-none d-lg-block\">iOS developer<\/h1><h2 class=\"landing-ebook-hero__subtitle d-none d-lg-block\">Najlepszy przewodnik<\/h2><\/div><\/div><div class=\"landing-ebook-hero__content\"><h3>Dlaczego powiniene\u015b mie\u0107 ten ebook?<\/h3>\n<p>Znalezienie materia\u0142\u00f3w do nauki programowania w <a href=\"https:\/\/itcraftapps.com\/pl\/zatrudnij-najlepszych-programistow-ios-do-swojego-projektu\/\">iOS<\/a> to w dzisiejszych czasach kaszka z mlekiem. Po prostu wpisz odpowiedni\u0105 fraz\u0119 w Google i masz mn\u00f3stwo wynik\u00f3w jak na tacy. Trudniejsze b\u0119dzie zdecydowa\u0107, co jest istotne i aktualne, a tak\u017ce czego dok\u0142adnie masz szuka\u0107.<\/p>\n<\/div>\t\t\t<\/div>\n\t\t<\/div>\n\t<\/div>\n<\/section>\n\n\n\n<section class=\"landing-ebook-features bg-light pt--100 pb--100 mt-lg-100 mb-lg-100\">\n\t<div class=\"container\">\n\t\t\t\t<div class=\"row justify-content-center text-center\">\n\t\t\t<div class=\"col-12 col-lg-8\">\n\t\t\t\t<h2 class=\"landing-ebook-features__title\">Co znajdziesz w ebooku?<\/h2>\t\t\t<\/div>\n\t\t<\/div>\n\t\t<div class=\"row-gap-container if-nf-mt--40\"><div class=\"row row-gap-50\"><div class=\"col-21 col-md-6 col-lg-3\"><div class=\"landing-ebook-features__feature\"><img decoding=\"async\" src=\"https:\/\/itcraftapps.com\/pl\/wp-content\/uploads\/sites\/5\/2023\/06\/lightning.svg\" class=\"landing-ebook-features__feature-icon w-100 img-fluid mb-3\" alt=\"\" \/><h4 class=\"landing-ebook-features__feature-title\">Podstawy deweloperskie<\/h4><div class=\"landing-ebook-features__feature-content\"><p>Lista temat\u00f3w, z kt\u00f3rymi powiniene\u015b si\u0119 zapozna\u0107 na pocz\u0105tku swojej przygody z programowaniem.<\/p>\n<\/div><\/div><\/div><div class=\"col-21 col-md-6 col-lg-3\"><div class=\"landing-ebook-features__feature\"><img decoding=\"async\" src=\"https:\/\/itcraftapps.com\/pl\/wp-content\/uploads\/sites\/5\/2023\/06\/sliders.svg\" class=\"landing-ebook-features__feature-icon w-100 img-fluid mb-3\" alt=\"\" \/><h4 class=\"landing-ebook-features__feature-title\">Dodatkowe rzeczy<\/h4><div class=\"landing-ebook-features__feature-content\"><p>Uzupe\u0142niaj\u0105ce podstawowe materia\u0142y tematyczne, dzi\u0119ki kt\u00f3rym zab\u0142y\u015bniesz w procesie rekrutacji.<\/p>\n<\/div><\/div><\/div><div class=\"col-21 col-md-6 col-lg-3\"><div class=\"landing-ebook-features__feature\"><img decoding=\"async\" src=\"https:\/\/itcraftapps.com\/pl\/wp-content\/uploads\/sites\/5\/2023\/06\/circle-half.svg\" class=\"landing-ebook-features__feature-icon w-100 img-fluid mb-3\" alt=\"\" \/><h4 class=\"landing-ebook-features__feature-title\">Zasoby<\/h4><div class=\"landing-ebook-features__feature-content\"><p>R\u00f3\u017cne \u017ar\u00f3d\u0142a, kt\u00f3rych mo\u017cesz u\u017cy\u0107 do nauki i rozwoju: ksi\u0105\u017cki, artyku\u0142y i samouczki wideo.<\/p>\n<\/div><\/div><\/div><div class=\"col-21 col-md-6 col-lg-3\"><div class=\"landing-ebook-features__feature\"><img decoding=\"async\" src=\"https:\/\/itcraftapps.com\/pl\/wp-content\/uploads\/sites\/5\/2023\/06\/book.svg\" class=\"landing-ebook-features__feature-icon w-100 img-fluid mb-3\" alt=\"\" \/><h4 class=\"landing-ebook-features__feature-title\">Dobre praktyki<\/h4><div class=\"landing-ebook-features__feature-content\"><p>Narz\u0119dzia workflow, kt\u00f3rych u\u017cywamy w <a href=\"https:\/\/itcraftapps.com\/pl\/o-nas\/\">itCraft<\/a>, nasze najlepsze praktyki i spos\u00f3b, w jaki pracujemy z naszymi klientami.<\/p>\n<\/div><\/div><\/div><\/div><\/div>\t<\/div>\n<\/section>\n\n\n\n<section class=\"landing-ebook-about mt--70 mt-lg--100 mb--70 mb-lg--100\">\n\t<div class=\"container\">\n\t\t<div class=\"row align-items-center\">\n\t\t\t<div class=\"col-12 col-lg-6 mb-3 mb-lg-0 d-none d-lg-block pr-lg-3\"><img decoding=\"async\" width=\"1500\" height=\"1200\" src=\"https:\/\/itcraftapps.com\/pl\/wp-content\/uploads\/sites\/5\/2023\/06\/Ultimate-Guide-for-iOS-Developers.jpg\" class=\"landing-ebook-about__image d-block mx-auto img-fluid\" alt=\"\" srcset=\"https:\/\/itcraftapps.com\/pl\/wp-content\/uploads\/sites\/5\/2023\/06\/Ultimate-Guide-for-iOS-Developers.jpg 1500w, https:\/\/itcraftapps.com\/pl\/wp-content\/uploads\/sites\/5\/2023\/06\/Ultimate-Guide-for-iOS-Developers-300x240.jpg 300w, https:\/\/itcraftapps.com\/pl\/wp-content\/uploads\/sites\/5\/2023\/06\/Ultimate-Guide-for-iOS-Developers-1024x819.jpg 1024w, https:\/\/itcraftapps.com\/pl\/wp-content\/uploads\/sites\/5\/2023\/06\/Ultimate-Guide-for-iOS-Developers-768x614.jpg 768w, https:\/\/itcraftapps.com\/pl\/wp-content\/uploads\/sites\/5\/2023\/06\/Ultimate-Guide-for-iOS-Developers-1440x1152.jpg 1440w, https:\/\/itcraftapps.com\/pl\/wp-content\/uploads\/sites\/5\/2023\/06\/Ultimate-Guide-for-iOS-Developers-792x634.jpg 792w, https:\/\/itcraftapps.com\/pl\/wp-content\/uploads\/sites\/5\/2023\/06\/Ultimate-Guide-for-iOS-Developers-492x394.jpg 492w\" sizes=\"(max-width: 1500px) 100vw, 1500px\" \/><\/div>\t\t\t<div class=\"col-12 col-lg-6 pl-lg-3\">\n\t\t\t\t<h2 class=\"landing-ebook-about__title\">By\u0107 albo nie by\u0107 programist\u0105? Oto jest pytanie!<\/h2><img decoding=\"async\" width=\"1500\" height=\"1200\" src=\"https:\/\/itcraftapps.com\/pl\/wp-content\/uploads\/sites\/5\/2023\/06\/Ultimate-Guide-for-iOS-Developers.jpg\" class=\"landing-ebook-about__image d-lg-none mx-auto img-fluid mb-3\" alt=\"\" srcset=\"https:\/\/itcraftapps.com\/pl\/wp-content\/uploads\/sites\/5\/2023\/06\/Ultimate-Guide-for-iOS-Developers.jpg 1500w, https:\/\/itcraftapps.com\/pl\/wp-content\/uploads\/sites\/5\/2023\/06\/Ultimate-Guide-for-iOS-Developers-300x240.jpg 300w, https:\/\/itcraftapps.com\/pl\/wp-content\/uploads\/sites\/5\/2023\/06\/Ultimate-Guide-for-iOS-Developers-1024x819.jpg 1024w, https:\/\/itcraftapps.com\/pl\/wp-content\/uploads\/sites\/5\/2023\/06\/Ultimate-Guide-for-iOS-Developers-768x614.jpg 768w, https:\/\/itcraftapps.com\/pl\/wp-content\/uploads\/sites\/5\/2023\/06\/Ultimate-Guide-for-iOS-Developers-1440x1152.jpg 1440w, https:\/\/itcraftapps.com\/pl\/wp-content\/uploads\/sites\/5\/2023\/06\/Ultimate-Guide-for-iOS-Developers-792x634.jpg 792w, https:\/\/itcraftapps.com\/pl\/wp-content\/uploads\/sites\/5\/2023\/06\/Ultimate-Guide-for-iOS-Developers-492x394.jpg 492w\" sizes=\"(max-width: 1500px) 100vw, 1500px\" \/><div class=\"landing-ebook-about__content\"><p>Wielu m\u0142odych programist\u00f3w wydaje si\u0119 nieco zniech\u0119conych do ubiegania si\u0119 o stanowisko w itCraft. Cho\u0107 chc\u0105 by\u0107 programistami i skupiaj\u0105 si\u0119 na aplikacjach mobilnych, to nie wiedz\u0105 jeszcze, jakie maj\u0105 mo\u017cliwo\u015bci, czego powinni si\u0119 nauczy\u0107 i jak\u0105 wybra\u0107 drog\u0119 dalszego rozwoju.<\/p>\n<p>Rozumiemy, \u017ce podejmowanie decyzji dotycz\u0105cych Twojej przysz\u0142o\u015bci mo\u017ce by\u0107 trudne. Sami tam byli\u015bmy.<\/p>\n<p>Dlatego zdecydowali\u015bmy si\u0119 na prac\u0119 nad e-bookiem zawieraj\u0105cym ca\u0142\u0105 niezb\u0119dn\u0105 wiedz\u0119 dla junior\u00f3w, kt\u00f3ra mo\u017ce by\u0107 pomocna w sprawdzaniu czego si\u0119 uczy\u0107 i gdzie szuka\u0107 wiedzy.<\/p>\n<p>Dzi\u015b prezentujemy nasz pierwszy e-book dedykowany m\u0142odszym programistom iOS.<\/p>\n<\/div>\t\t\t<\/div>\n\t\t<\/div>\n\t<\/div>\n<\/section>\n\n\n\n<section class=\"landing-ebook-about-2 bg-light bg-cover mt-lg-100\" style=\"background-image: url(https:\/\/itcraftapps.com\/pl\/wp-content\/uploads\/sites\/5\/2023\/04\/phones-background-ios-compression-1.png);\">\n\t<div class=\"container\">\n\t\t<div class=\"row justify-content-center\">\n\t\t\t<div class=\"col-12 col-lg-6\">\n\t\t\t\t<div class=\"landing-ebook-about-2__box\">\n\t\t\t\t\t<div class=\"landing-ebook-about-2__logo\"><img decoding=\"async\" width=\"300\" height=\"300\" src=\"https:\/\/itcraftapps.com\/pl\/wp-content\/uploads\/sites\/5\/2023\/06\/itCraft-logo@2x-300x300-1.png\" class=\"img-fluid\" alt=\"\" srcset=\"https:\/\/itcraftapps.com\/pl\/wp-content\/uploads\/sites\/5\/2023\/06\/itCraft-logo@2x-300x300-1.png 300w, https:\/\/itcraftapps.com\/pl\/wp-content\/uploads\/sites\/5\/2023\/06\/itCraft-logo@2x-300x300-1-150x150.png 150w\" sizes=\"(max-width: 300px) 100vw, 300px\" \/><\/div><h2 class=\"landing-ebook-about-2__title\">ItCraft \u2013 firma tworz\u0105ca aplikacje mobilne i webowe<\/h2><div class=\"landing-ebook-about-2__content\"><p>12 lat na rynku, ponad 350 zrealizowanych projekt\u00f3w i ponad 100 os\u00f3b na pok\u0142adzie \u2013 to itCraft w liczbach. Nasza wiedza i pasja do tworzenia oprogramowania pomog\u0142y nam zdoby\u0107 klient\u00f3w takich jak <strong>Deloitte, DHL, Makro C&amp;C, Rossmann, Top Secret, Sodexo, BHP Bank, InterCars, LUX Med i innych<\/strong>. Jeste\u015bmy dumni, \u017ce zostali\u015bmy docenieni przez portale bran\u017cowe, takie jak Clutch i Mobile App Daily.<br \/>\nG\u0142\u00f3wnym celem zespo\u0142u itCraft jest zawsze <strong>dostarczanie wysokiej jako\u015bci innowacji mobilnych dla firm na ca\u0142ym \u015bwiecie<\/strong>. \u015awiadczymy kompleksowe us\u0142ugi produkcji oprogramowania dla uznanych korporacji i obiecuj\u0105cych startup\u00f3w. Je\u015bli ostatnio my\u015bla\u0142e\u015b o projekcie IT \u2013 daj nam zna\u0107, co mo\u017cemy dla Ciebie zrobi\u0107. Wejd\u017a na nasz\u0105 stron\u0119 i zostaw nam wiadomo\u015b\u0107. To mo\u017ce by\u0107 pocz\u0105tek czego\u015b wyj\u0105tkowego!<\/p>\n<\/div>\t\t\t\t<\/div>\n\t\t\t<\/div>\n\t\t<\/div>\n\t<\/div>\n<\/section>\n\n\n\n<section class=\"landing-ebook-cta bg-light\">\n\t<div class=\"container text-center\">\n\n\t\t<h3 class=\"landing-ebook-cta__title col-12 col-lg-9 px-0 mx-auto\">Pobierz teraz e-booka!<\/h3><a href=\"#download-now\" class=\"btn btn-black btn-lg mt-4\" data-title=\"Pobierz teraz\"><span>Pobierz teraz<\/span><\/a>\n\t<\/div>\n<\/section>\n","protected":false},"excerpt":{"rendered":"","protected":false},"author":16,"featured_media":0,"parent":0,"menu_order":0,"comment_status":"closed","ping_status":"closed","template":"templates\/template-fullwidth.php","meta":{"_acf_changed":false,"inline_featured_image":false,"footnotes":""},"class_list":["post-20490","page","type-page","status-publish"],"acf":[],"yoast_head":"<!-- This site is optimized with the Yoast SEO plugin v25.5 - https:\/\/yoast.com\/wordpress\/plugins\/seo\/ -->\n<title>Ebook - iOS developer - the ultimate guide - Aplikacje mobilne i webowe dla firm | itCraft<\/title>\n<meta name=\"description\" content=\"Naucz si\u0119 tworzy\u0107 aplikacje na iPhone&#039;a i iPada! Pobierz darmowy ebook i zosta\u0144 iOS developerem.\" \/>\n<meta name=\"robots\" content=\"noindex, follow\" \/>\n<meta property=\"og:locale\" content=\"pl_PL\" \/>\n<meta property=\"og:type\" content=\"article\" \/>\n<meta property=\"og:title\" content=\"Ebook - iOS developer - the ultimate guide - Aplikacje mobilne i webowe dla firm | itCraft\" \/>\n<meta property=\"og:description\" content=\"Naucz si\u0119 tworzy\u0107 aplikacje na iPhone&#039;a i iPada! Pobierz darmowy ebook i zosta\u0144 iOS developerem.\" \/>\n<meta property=\"og:url\" content=\"https:\/\/itcraftapps.com\/pl\/ebook-ios-developer\/\" \/>\n<meta property=\"og:site_name\" content=\"Aplikacje mobilne i webowe dla firm | itCraft\" \/>\n<meta property=\"article:modified_time\" content=\"2023-07-17T15:04:23+00:00\" \/>\n<meta property=\"og:image\" content=\"https:\/\/itcraftapps.com\/pl\/wp-content\/uploads\/sites\/5\/2023\/01\/Main_social_1200x630px.png\" \/>\n\t<meta property=\"og:image:width\" content=\"1200\" \/>\n\t<meta property=\"og:image:height\" content=\"630\" \/>\n\t<meta property=\"og:image:type\" content=\"image\/png\" \/>\n<meta name=\"twitter:card\" content=\"summary_large_image\" \/>\n<!-- \/ Yoast SEO plugin. -->","yoast_head_json":{"title":"Ebook - iOS developer - the ultimate guide - Aplikacje mobilne i webowe dla firm | itCraft","description":"Naucz si\u0119 tworzy\u0107 aplikacje na iPhone'a i iPada! Pobierz darmowy ebook i zosta\u0144 iOS developerem.","robots":{"index":"noindex","follow":"follow"},"og_locale":"pl_PL","og_type":"article","og_title":"Ebook - iOS developer - the ultimate guide - Aplikacje mobilne i webowe dla firm | itCraft","og_description":"Naucz si\u0119 tworzy\u0107 aplikacje na iPhone'a i iPada! Pobierz darmowy ebook i zosta\u0144 iOS developerem.","og_url":"https:\/\/itcraftapps.com\/pl\/ebook-ios-developer\/","og_site_name":"Aplikacje mobilne i webowe dla firm | itCraft","article_modified_time":"2023-07-17T15:04:23+00:00","og_image":[{"width":1200,"height":630,"url":"https:\/\/itcraftapps.com\/pl\/wp-content\/uploads\/sites\/5\/2023\/01\/Main_social_1200x630px.png","type":"image\/png"}],"twitter_card":"summary_large_image","schema":{"@context":"https:\/\/schema.org","@graph":[{"@type":"WebPage","@id":"https:\/\/itcraftapps.com\/pl\/ebook-ios-developer\/","url":"https:\/\/itcraftapps.com\/pl\/ebook-ios-developer\/","name":"Ebook - iOS developer - the ultimate guide - Aplikacje mobilne i webowe dla firm | itCraft","isPartOf":{"@id":"https:\/\/itcraftapps.com\/pl\/#website"},"datePublished":"2022-01-11T08:09:55+00:00","dateModified":"2023-07-17T15:04:23+00:00","description":"Naucz si\u0119 tworzy\u0107 aplikacje na iPhone'a i iPada! Pobierz darmowy ebook i zosta\u0144 iOS developerem.","breadcrumb":{"@id":"https:\/\/itcraftapps.com\/pl\/ebook-ios-developer\/#breadcrumb"},"inLanguage":"pl-PL","potentialAction":[{"@type":"ReadAction","target":["https:\/\/itcraftapps.com\/pl\/ebook-ios-developer\/"]}]},{"@type":"BreadcrumbList","@id":"https:\/\/itcraftapps.com\/pl\/ebook-ios-developer\/#breadcrumb","itemListElement":[{"@type":"ListItem","position":1,"name":"Home","item":"https:\/\/itcraftapps.com\/pl\/"},{"@type":"ListItem","position":2,"name":"Ebook &#8211; iOS developer &#8211; the ultimate guide"}]},{"@type":"WebSite","@id":"https:\/\/itcraftapps.com\/pl\/#website","url":"https:\/\/itcraftapps.com\/pl\/","name":"Aplikacje mobilne i webowe dla firm | itCraft","description":"","potentialAction":[{"@type":"SearchAction","target":{"@type":"EntryPoint","urlTemplate":"https:\/\/itcraftapps.com\/pl\/?s={search_term_string}"},"query-input":{"@type":"PropertyValueSpecification","valueRequired":true,"valueName":"search_term_string"}}],"inLanguage":"pl-PL"}]}},"_links":{"self":[{"href":"https:\/\/itcraftapps.com\/pl\/wp-json\/wp\/v2\/pages\/20490","targetHints":{"allow":["GET"]}}],"collection":[{"href":"https:\/\/itcraftapps.com\/pl\/wp-json\/wp\/v2\/pages"}],"about":[{"href":"https:\/\/itcraftapps.com\/pl\/wp-json\/wp\/v2\/types\/page"}],"author":[{"embeddable":true,"href":"https:\/\/itcraftapps.com\/pl\/wp-json\/wp\/v2\/users\/16"}],"replies":[{"embeddable":true,"href":"https:\/\/itcraftapps.com\/pl\/wp-json\/wp\/v2\/comments?post=20490"}],"version-history":[{"count":0,"href":"https:\/\/itcraftapps.com\/pl\/wp-json\/wp\/v2\/pages\/20490\/revisions"}],"wp:attachment":[{"href":"https:\/\/itcraftapps.com\/pl\/wp-json\/wp\/v2\/media?parent=20490"}],"curies":[{"name":"wp","href":"https:\/\/api.w.org\/{rel}","templated":true}]}}