{"id":20328,"date":"2021-12-20T19:14:11","date_gmt":"2021-12-20T18:14:11","guid":{"rendered":"https:\/\/itcraftapps.com\/?page_id=20328"},"modified":"2023-07-17T17:05:38","modified_gmt":"2023-07-17T15:05:38","slug":"ebook-tester","status":"publish","type":"page","link":"https:\/\/itcraftapps.com\/pl\/ebook-tester\/","title":{"rendered":"Ebook &#8211; QA developer"},"content":{"rendered":"\n<section id=\"download-now\" class=\"landing-ebook-hero mb-lg-100\">\n\t<div class=\"landing-ebook-hero__overlay\"><\/div>\n\t<div class=\"container position-relative zindex-5\">\n\t\t<div class=\"row\">\n\t\t\t<div class=\"col-12 col-lg-4\">\n\t\t\t\t<h2 class=\"landing-ebook-hero__title d-lg-none\">QA developer<\/h2><h2 class=\"landing-ebook-hero__subtitle d-lg-none\">Najlepszy przewodnik<\/h2>\t\t\t\t<div class=\"landing-ebook-hero__cover\">\n\t\t\t\t\t\t\t\t\t<\/div>\n\t\t\t<\/div>\n\n\t\t\t<div class=\"col-12 col-lg-8 mt-lg-4 pl-lg-3\">\n\t\t\t\t<div class=\"d-flex w-100 justify-content-between\"><div class=\"pr-lg-4\"><h1 class=\"landing-ebook-hero__title d-none d-lg-block\">QA developer<\/h1><h2 class=\"landing-ebook-hero__subtitle d-none d-lg-block\">Najlepszy przewodnik<\/h2><\/div><\/div><div class=\"landing-ebook-hero__content\"><h4><strong>Dlaczego warto pobra\u0107 tego ebooka?<\/strong><\/h4>\n<p><span style=\"font-weight: 400\">Znalezienie materia\u0142\u00f3w do nauki QA jest w dzisiejszych czasach niezwykle \u0142atwe. Wystarczy wpisa\u0107 w Google odpowiedni\u0105 fraz\u0119, a ilo\u015b\u0107 wynik\u00f3w mo\u017ce przyt\u0142oczy\u0107. Ale trudniej jest zdecydowa\u0107, co jest istotne i aktualne, a tak\u017ce czego dok\u0142adnie szuka\u0107.<\/span><\/p>\n<\/div>\t\t\t<\/div>\n\t\t<\/div>\n\t<\/div>\n<\/section>\n\n\n\n<section class=\"landing-ebook-features bg-light pt--100 pb--100 mt-lg-100 mb-lg-100\">\n\t<div class=\"container\">\n\t\t\t\t<div class=\"row justify-content-center text-center\">\n\t\t\t<div class=\"col-12 col-lg-8\">\n\t\t\t\t<h2 class=\"landing-ebook-features__title\">Co znajdziesz w \u015brodku?<\/h2>\t\t\t<\/div>\n\t\t<\/div>\n\t\t<div class=\"row-gap-container if-nf-mt--40\"><div class=\"row row-gap-50\"><div class=\"col-21 col-md-6 col-lg-3\"><div class=\"landing-ebook-features__feature\"><h4 class=\"landing-ebook-features__feature-title\">Podstawy dla Dev\u00f3w<\/h4><div class=\"landing-ebook-features__feature-content\"><p><span style=\"font-weight: 400\">Lista temat\u00f3w, z kt\u00f3rymi powiniene\u015b si\u0119 zapozna\u0107 na pocz\u0105tku swojej przygody z programowaniem.\u200b<\/span><\/p>\n<\/div><\/div><\/div><div class=\"col-21 col-md-6 col-lg-3\"><div class=\"landing-ebook-features__feature\"><h4 class=\"landing-ebook-features__feature-title\">Bonusowe rzeczy<\/h4><div class=\"landing-ebook-features__feature-content\"><p><span style=\"font-weight: 400\">Uzupe\u0142nienie podstawowych materia\u0142\u00f3w tematycznych, dzi\u0119ki kt\u00f3rym zab\u0142y\u015bniesz w procesie rekrutacji.<\/span><\/p>\n<\/div><\/div><\/div><div class=\"col-21 col-md-6 col-lg-3\"><div class=\"landing-ebook-features__feature\"><h4 class=\"landing-ebook-features__feature-title\">Zasoby<\/h4><div class=\"landing-ebook-features__feature-content\"><p><span style=\"font-weight: 400\">R\u00f3\u017cne \u017ar\u00f3d\u0142a, kt\u00f3rych mo\u017cesz u\u017cy\u0107 do nauki i rozwoju: ksi\u0105\u017cki, artyku\u0142y i samouczki wideo.<\/span><\/p>\n<\/div><\/div><\/div><div class=\"col-21 col-md-6 col-lg-3\"><div class=\"landing-ebook-features__feature\"><h4 class=\"landing-ebook-features__feature-title\">Dobre praktyki<\/h4><div class=\"landing-ebook-features__feature-content\"><p><span style=\"font-weight: 400\">Narz\u0119dzia workflow, kt\u00f3rych u\u017cywamy w <a href=\"https:\/\/itcraftapps.com\/pl\/o-nas\/\">itCraft<\/a>, nasze najlepsze praktyki i spos\u00f3b, w jaki pracujemy z naszymi klientami.\u200b<\/span><\/p>\n<\/div><\/div><\/div><\/div><\/div>\t<\/div>\n<\/section>\n\n\n\n<section class=\"landing-ebook-about mt--70 mt-lg--100 mb--70 mb-lg--100\">\n\t<div class=\"container\">\n\t\t<div class=\"row align-items-center\">\n\t\t\t\t\t\t<div class=\"col-12 col-lg-6 pl-lg-3\">\n\t\t\t\t<h2 class=\"landing-ebook-about__title\">By\u0107 albo nie by\u0107 developerem? Oto jest pytanie!\r\n<\/h2><div class=\"landing-ebook-about__content\"><p>Wielu m\u0142odych tester\u00f3w wydaje si\u0119 nieco zniech\u0119conych do ubiegania si\u0119 o stanowisko w itCraft. Cho\u0107 chc\u0105 by\u0107 odpowiedzialni za zapewnianie jako\u015bci, a skupiaj\u0105 si\u0119 na aplikacjach mobilnych, to jeszcze nie wiedz\u0105, jakie maj\u0105 mo\u017cliwo\u015bci, czego powinni si\u0119 nauczy\u0107 i jak\u0105 \u015bcie\u017ck\u0119 dalszego rozwoju obra\u0107.<\/p>\n<p>Rozumiemy, \u017ce podejmowanie decyzji dotycz\u0105cych Twojej przysz\u0142o\u015bci mo\u017ce by\u0107 trudne. Sami tam byli\u015bmy. Dlatego zdecydowali\u015bmy si\u0119 na prac\u0119 nad ebookiem zawieraj\u0105cym ca\u0142\u0105 niezb\u0119dn\u0105 wiedz\u0119 dla junior\u00f3w, kt\u00f3ra mo\u017ce by\u0107 pomocna w sprawdzaniu czego si\u0119 uczy\u0107 i gdzie szuka\u0107 wiedzy.<\/p>\n<p>Dzi\u015b prezentujemy nasz pierwszy ebook dedykowany m\u0142odszym testerom.<\/p>\n<\/div>\t\t\t<\/div>\n\t\t<\/div>\n\t<\/div>\n<\/section>\n\n\n\n<section class=\"landing-ebook-about-2 bg-light  mt-lg-100\">\n\t<div class=\"container\">\n\t\t<div class=\"row justify-content-center\">\n\t\t\t<div class=\"col-12 col-lg-6\">\n\t\t\t\t<div class=\"landing-ebook-about-2__box\">\n\t\t\t\t\t<h2 class=\"landing-ebook-about-2__title\">ItCraft \u2013 firma tworz\u0105ca aplikacje mobilne i webowe<\/h2><div class=\"landing-ebook-about-2__content\"><p>12 lat na rynku, ponad 350 zrealizowanych projekt\u00f3w i ponad 100 os\u00f3b na pok\u0142adzie \u2013 to itCraft w liczbach. <strong>Nasza wiedza i pasja do tworzenia oprogramowania pomog\u0142y nam zdoby\u0107 klient\u00f3w takich jak Deloitte, DHL, Makro C&amp;C, Rossmann, Top Secret, Sodexo, BHP Bank, InterCars, LUX Med i innych.<\/strong> Jeste\u015bmy dumni, \u017ce zostali\u015bmy docenieni przez portale bran\u017cowe, takie jak Clutch i Mobile App Daily.<\/p>\n<p>G\u0142\u00f3wnym celem zespo\u0142u itCraft jest zawsze dostarczanie wysokiej jako\u015bci innowacji mobilnych dla firm na ca\u0142ym \u015bwiecie. \u015awiadczymy kompleksowe us\u0142ugi produkcji oprogramowania dla uznanych korporacji i obiecuj\u0105cych startup\u00f3w.<\/p>\n<\/div>\t\t\t\t<\/div>\n\t\t\t<\/div>\n\t\t<\/div>\n\t<\/div>\n<\/section>\n\n\n\n<section class=\"landing-ebook-cta bg-light\">\n\t<div class=\"container text-center\">\n\n\t\t<h3 class=\"landing-ebook-cta__title col-12 col-lg-9 px-0 mx-auto\">Pobierz teraz tego ebooka!<\/h3><a href=\"#download-now\" class=\"btn btn-black btn-lg mt-4\" data-title=\"Pobierz teraz\"><span>Pobierz teraz<\/span><\/a>\n\t<\/div>\n<\/section>\n","protected":false},"excerpt":{"rendered":"","protected":false},"author":16,"featured_media":0,"parent":0,"menu_order":0,"comment_status":"closed","ping_status":"closed","template":"templates\/template-fullwidth.php","meta":{"_acf_changed":false,"inline_featured_image":false,"footnotes":""},"class_list":["post-20328","page","type-page","status-publish"],"acf":[],"yoast_head":"<!-- This site is optimized with the Yoast SEO plugin v25.5 - https:\/\/yoast.com\/wordpress\/plugins\/seo\/ -->\n<title>Ebook - QA developer - Aplikacje mobilne i webowe dla firm | itCraft<\/title>\n<meta name=\"description\" content=\"Szukasz najlepszego przewodnika QA? Pobierz darmowego ebooka i zosta\u0144 mistrzem testowania oprogramowania!\" \/>\n<meta name=\"robots\" content=\"noindex, follow\" \/>\n<meta property=\"og:locale\" content=\"pl_PL\" \/>\n<meta property=\"og:type\" content=\"article\" \/>\n<meta property=\"og:title\" content=\"Ebook - QA developer - Aplikacje mobilne i webowe dla firm | itCraft\" \/>\n<meta property=\"og:description\" content=\"Szukasz najlepszego przewodnika QA? Pobierz darmowego ebooka i zosta\u0144 mistrzem testowania oprogramowania!\" \/>\n<meta property=\"og:url\" content=\"https:\/\/itcraftapps.com\/pl\/ebook-tester\/\" \/>\n<meta property=\"og:site_name\" content=\"Aplikacje mobilne i webowe dla firm | itCraft\" \/>\n<meta property=\"article:modified_time\" content=\"2023-07-17T15:05:38+00:00\" \/>\n<meta property=\"og:image\" content=\"https:\/\/itcraftapps.com\/pl\/wp-content\/uploads\/sites\/5\/2023\/01\/Main_social_1200x630px.png\" \/>\n\t<meta property=\"og:image:width\" content=\"1200\" \/>\n\t<meta property=\"og:image:height\" content=\"630\" \/>\n\t<meta property=\"og:image:type\" content=\"image\/png\" \/>\n<meta name=\"twitter:card\" content=\"summary_large_image\" \/>\n<!-- \/ Yoast SEO plugin. -->","yoast_head_json":{"title":"Ebook - QA developer - Aplikacje mobilne i webowe dla firm | itCraft","description":"Szukasz najlepszego przewodnika QA? Pobierz darmowego ebooka i zosta\u0144 mistrzem testowania oprogramowania!","robots":{"index":"noindex","follow":"follow"},"og_locale":"pl_PL","og_type":"article","og_title":"Ebook - QA developer - Aplikacje mobilne i webowe dla firm | itCraft","og_description":"Szukasz najlepszego przewodnika QA? Pobierz darmowego ebooka i zosta\u0144 mistrzem testowania oprogramowania!","og_url":"https:\/\/itcraftapps.com\/pl\/ebook-tester\/","og_site_name":"Aplikacje mobilne i webowe dla firm | itCraft","article_modified_time":"2023-07-17T15:05:38+00:00","og_image":[{"width":1200,"height":630,"url":"https:\/\/itcraftapps.com\/pl\/wp-content\/uploads\/sites\/5\/2023\/01\/Main_social_1200x630px.png","type":"image\/png"}],"twitter_card":"summary_large_image","schema":{"@context":"https:\/\/schema.org","@graph":[{"@type":"WebPage","@id":"https:\/\/itcraftapps.com\/pl\/ebook-tester\/","url":"https:\/\/itcraftapps.com\/pl\/ebook-tester\/","name":"Ebook - QA developer - Aplikacje mobilne i webowe dla firm | itCraft","isPartOf":{"@id":"https:\/\/itcraftapps.com\/pl\/#website"},"datePublished":"2021-12-20T18:14:11+00:00","dateModified":"2023-07-17T15:05:38+00:00","description":"Szukasz najlepszego przewodnika QA? Pobierz darmowego ebooka i zosta\u0144 mistrzem testowania oprogramowania!","breadcrumb":{"@id":"https:\/\/itcraftapps.com\/pl\/ebook-tester\/#breadcrumb"},"inLanguage":"pl-PL","potentialAction":[{"@type":"ReadAction","target":["https:\/\/itcraftapps.com\/pl\/ebook-tester\/"]}]},{"@type":"BreadcrumbList","@id":"https:\/\/itcraftapps.com\/pl\/ebook-tester\/#breadcrumb","itemListElement":[{"@type":"ListItem","position":1,"name":"Home","item":"https:\/\/itcraftapps.com\/pl\/"},{"@type":"ListItem","position":2,"name":"Ebook &#8211; QA developer"}]},{"@type":"WebSite","@id":"https:\/\/itcraftapps.com\/pl\/#website","url":"https:\/\/itcraftapps.com\/pl\/","name":"Aplikacje mobilne i webowe dla firm | itCraft","description":"","potentialAction":[{"@type":"SearchAction","target":{"@type":"EntryPoint","urlTemplate":"https:\/\/itcraftapps.com\/pl\/?s={search_term_string}"},"query-input":{"@type":"PropertyValueSpecification","valueRequired":true,"valueName":"search_term_string"}}],"inLanguage":"pl-PL"}]}},"_links":{"self":[{"href":"https:\/\/itcraftapps.com\/pl\/wp-json\/wp\/v2\/pages\/20328","targetHints":{"allow":["GET"]}}],"collection":[{"href":"https:\/\/itcraftapps.com\/pl\/wp-json\/wp\/v2\/pages"}],"about":[{"href":"https:\/\/itcraftapps.com\/pl\/wp-json\/wp\/v2\/types\/page"}],"author":[{"embeddable":true,"href":"https:\/\/itcraftapps.com\/pl\/wp-json\/wp\/v2\/users\/16"}],"replies":[{"embeddable":true,"href":"https:\/\/itcraftapps.com\/pl\/wp-json\/wp\/v2\/comments?post=20328"}],"version-history":[{"count":0,"href":"https:\/\/itcraftapps.com\/pl\/wp-json\/wp\/v2\/pages\/20328\/revisions"}],"wp:attachment":[{"href":"https:\/\/itcraftapps.com\/pl\/wp-json\/wp\/v2\/media?parent=20328"}],"curies":[{"name":"wp","href":"https:\/\/api.w.org\/{rel}","templated":true}]}}