{"id":13,"date":"2018-12-24T09:16:05","date_gmt":"2018-12-24T08:16:05","guid":{"rendered":"https:\/\/itcraftapps.com\/?page_id=13"},"modified":"2024-03-13T10:47:37","modified_gmt":"2024-03-13T09:47:37","slug":"uslugi","status":"publish","type":"page","link":"https:\/\/itcraftapps.com\/pl\/uslugi\/","title":{"rendered":"Us\u0142ugi"},"content":{"rendered":"\n<section class=\"block-base-header-3 d-flex pt--100 pb--40 pb-lg--56 minh-340px minh-lg-400px\">\n\t<div class=\"container align-self-end\">\n\t\t<h1 class=\"text-dark-2 fs-36 fs-lg-56 fw-500 lh-13 lh-lg-14 mb--0 d-flex flex-wrap\"><span class=\"w-lg-100 mr--space\">One-stop-shop,<\/span>\r\n<span class=\"w-lg-auto mr--space\">w kt\u00f3rym<\/span>\r\n<span class=\"w-100 d-lg-none\"><\/span>\r\n<span class=\"col px-0 mr--15 mr-lg--22 h-px bg-dark-4 flex-shrink-0 align-self-center\"><\/span>\r\n<span class=\"text-right w-100- w-lg-auto\">powstaj\u0105<\/span>\r\n<span class=\"text-right w-100 w-lg-auto ml--space\">innowacyjne<\/span>\r\n<span class=\"text-right w-100\">do\u015bwiadczenia<\/span><\/h1>\t<\/div>\n<\/section>\n\n\n\n<section class=\"block-services-5-group bg-dark-4\" data-scroll-theme>\n\t<div class=\"container position-relative pt--80 pt-lg--96 pb--80 pb-lg--96 mouse-following-item-wrapper\">\n\t\t<div class=\"row\">\n\t\t\t<div class=\"col-12 col-lg-3 mb--40 mb-lg--0\">\n\t\t\t\t<img decoding=\"async\" width=\"248\" height=\"247\" src=\"https:\/\/itcraftapps.com\/pl\/wp-content\/uploads\/sites\/5\/2022\/09\/s1-247.svg\" class=\"img-fluid d-block ml-lg--40 w-100 maxw-120px maxw-lg-248px\" alt=\"\" \/>\t\t\t<\/div>\n\t\t\t<div class=\"col-12 col-lg-4 offset-lg-1\">\n\t\t\t\t<h2 class=\"text-white fs-28 fs-lg-36 lh-15 lh-lg-13 fw-500 mb--0\"><a class=\"stretched-link text-reset d-none d-lg-block\" href=\"https:\/\/itcraftapps.com\/pl\/uslugi\/product-discovery\/\">Product Discovery<\/a><span class=\"d-lg-none\">Product Discovery<\/span><\/h2><div class=\"mt--24 mt-lg--32 text-gray-4 fs-17 lh-155 last-child-mb-0\"><p>Dopracowywanie pomys\u0142\u00f3w i dog\u0142\u0119bne zrozumienie rzeczywistych problem\u00f3w u\u017cytkownik\u00f3w \u2013 to najlepszy spos\u00f3b na stworzenie cyfrowego produktu, kt\u00f3ry rozwi\u0105zuje problemy u\u017cytkownik\u00f3w. Brzmi prosto, ale jest to z\u0142o\u017cony proces. Zobacz wi\u0119cej o magii, kt\u00f3r\u0105 robimy.<\/p>\n<\/div>\t\t\t<\/div>\n\t\t\t<div class=\"col-12 col-lg-3 offset-lg-1\">\n\t\t\t\t<p class=\"text-uppercase text-gray-4 fs-14 lh-10 fw-500 mt--80 mt-lg--20 mb--28 mb-lg--32\">Co robimy<\/p><ul class=\"block-services-5-group__list list-unstyled position-relative zindex-5 d-grid gap-8 mt--0 mb--0\"><li><a href=\"https:\/\/itcraftapps.com\/pl\/uslugi\/discovery-workshops\/\" class=\"d-table transition-all transition-duration-150 text-white fs-20 fs-lg-17 fw-400 lh-16 lh-lg-155 mb--0\">Discovery Workshops<\/a><\/li><li><a href=\"https:\/\/itcraftapps.com\/pl\/uslugi\/strategia-produktu\/\" class=\"d-table transition-all transition-duration-150 text-white fs-20 fs-lg-17 fw-400 lh-16 lh-lg-155 mb--0\">Strategia Produktu<\/a><\/li><li><a href=\"https:\/\/itcraftapps.com\/pl\/uslugi\/pitch-deck\/\" class=\"d-table transition-all transition-duration-150 text-white fs-20 fs-lg-17 fw-400 lh-16 lh-lg-155 mb--0\">Pitch Deck<\/a><\/li><li><a href=\"https:\/\/itcraftapps.com\/pl\/uslugi\/audyt-ux\/\" class=\"d-table transition-all transition-duration-150 text-white fs-20 fs-lg-17 fw-400 lh-16 lh-lg-155 mb--0\">Audyt UX<\/a><\/li><li><a href=\"https:\/\/itcraftapps.com\/pl\/uslugi\/audyt-analityczny\/\" class=\"d-table transition-all transition-duration-150 text-white fs-20 fs-lg-17 fw-400 lh-16 lh-lg-155 mb--0\">Audyt Analityczny<\/a><\/li><\/ul><a href=\"https:\/\/itcraftapps.com\/pl\/uslugi\/product-discovery\/\" class=\"btn btn-lg minw-160px btn-white d-lg-none mt--50\"><span>Czytaj wi\u0119cej<\/span><\/a>\t\t\t<\/div>\n\t\t<\/div>\n\t\t<div class=\"mouse-following-item mfi__btn bg-white\"><\/div><div class=\"mouse-following-item mfi__btn-text text-dark-2\">Czytaj wi\u0119cej<\/div>\t<\/div>\n<\/section>\n\n\n\n<section class=\"block-services-5-group bg-dark-4\" data-scroll-theme>\n\t<div class=\"container position-relative pt--80 pt-lg--96 pb--80 pb-lg--96 mouse-following-item-wrapper\">\n\t\t<div class=\"row\">\n\t\t\t<div class=\"col-12 col-lg-3 mb--40 mb-lg--0\">\n\t\t\t\t<img decoding=\"async\" width=\"249\" height=\"248\" src=\"https:\/\/itcraftapps.com\/pl\/wp-content\/uploads\/sites\/5\/2022\/09\/s2-248.svg\" class=\"img-fluid d-block ml-lg--40 w-100 maxw-120px maxw-lg-248px\" alt=\"\" \/>\t\t\t<\/div>\n\t\t\t<div class=\"col-12 col-lg-4 offset-lg-1\">\n\t\t\t\t<h2 class=\"text-white fs-28 fs-lg-36 lh-15 lh-lg-13 fw-500 mb--0\"><a class=\"stretched-link text-reset d-none d-lg-block\" href=\"https:\/\/itcraftapps.com\/pl\/uslugi\/product-design\/\">Product Design<\/a><span class=\"d-lg-none\">Product Design<\/span><\/h2><div class=\"mt--24 mt-lg--32 text-gray-4 fs-17 lh-155 last-child-mb-0\"><p>Od identyfikacji szans rynkowych po zdefiniowanie problemu i opracowanie odpowiedniego rozwi\u0105zania \u2013 zajmujemy si\u0119 tym wszystkim. Aby to osi\u0105gn\u0105\u0107, zawsze jeste\u015bmy kilka krok\u00f3w przed konkurencj\u0105. Oto te kroki:<\/p>\n<\/div>\t\t\t<\/div>\n\t\t\t<div class=\"col-12 col-lg-3 offset-lg-1\">\n\t\t\t\t<p class=\"text-uppercase text-gray-4 fs-14 lh-10 fw-500 mt--80 mt-lg--20 mb--28 mb-lg--32\">Co robimy<\/p><ul class=\"block-services-5-group__list list-unstyled position-relative zindex-5 d-grid gap-8 mt--0 mb--0\"><li><a href=\"https:\/\/itcraftapps.com\/pl\/uslugi\/ux-research\/\" class=\"d-table transition-all transition-duration-150 text-white fs-20 fs-lg-17 fw-400 lh-16 lh-lg-155 mb--0\">UX Research<\/a><\/li><li><a href=\"https:\/\/itcraftapps.com\/pl\/uslugi\/ux-design\/\" class=\"d-table transition-all transition-duration-150 text-white fs-20 fs-lg-17 fw-400 lh-16 lh-lg-155 mb--0\">UX Design<\/a><\/li><li><a href=\"https:\/\/itcraftapps.com\/pl\/uslugi\/ui-design\/\" class=\"d-table transition-all transition-duration-150 text-white fs-20 fs-lg-17 fw-400 lh-16 lh-lg-155 mb--0\">UI Design<\/a><\/li><li><a href=\"https:\/\/itcraftapps.com\/pl\/uslugi\/branding\/\" class=\"d-table transition-all transition-duration-150 text-white fs-20 fs-lg-17 fw-400 lh-16 lh-lg-155 mb--0\">Branding<\/a><\/li><li><a href=\"https:\/\/itcraftapps.com\/pl\/uslugi\/usability-testing\/\" class=\"d-table transition-all transition-duration-150 text-white fs-20 fs-lg-17 fw-400 lh-16 lh-lg-155 mb--0\">Usability testing<\/a><\/li><li><h2 class=\"d-table text-white fs-20 fs-lg-17 fw-400 lh-16 lh-lg-155 mb--0\">Design Sprint<\/h2><\/li><\/ul><a href=\"https:\/\/itcraftapps.com\/pl\/uslugi\/product-design\/\" class=\"btn btn-lg minw-160px btn-white d-lg-none mt--50\"><span>Czytaj wi\u0119cej<\/span><\/a>\t\t\t<\/div>\n\t\t<\/div>\n\t\t<div class=\"mouse-following-item mfi__btn bg-white\"><\/div><div class=\"mouse-following-item mfi__btn-text text-dark-2\">Czytaj wi\u0119cej<\/div>\t<\/div>\n<\/section>\n\n\n\n<section class=\"block-services-5-group bg-dark-4\" data-scroll-theme>\n\t<div class=\"container position-relative pt--80 pt-lg--96 pb--80 pb-lg--96 mouse-following-item-wrapper\">\n\t\t<div class=\"row\">\n\t\t\t<div class=\"col-12 col-lg-3 mb--40 mb-lg--0\">\n\t\t\t\t<img decoding=\"async\" width=\"248\" height=\"245\" src=\"https:\/\/itcraftapps.com\/pl\/wp-content\/uploads\/sites\/5\/2022\/09\/s3-248.svg\" class=\"img-fluid d-block ml-lg--40 w-100 maxw-120px maxw-lg-248px\" alt=\"\" \/>\t\t\t<\/div>\n\t\t\t<div class=\"col-12 col-lg-4 offset-lg-1\">\n\t\t\t\t<h2 class=\"text-white fs-28 fs-lg-36 lh-15 lh-lg-13 fw-500 mb--0\"><a class=\"stretched-link text-reset d-none d-lg-block\" href=\"https:\/\/itcraftapps.com\/pl\/uslugi\/development\/\">Development<\/a><span class=\"d-lg-none\">Development<\/span><\/h2><div class=\"mt--24 mt-lg--32 text-gray-4 fs-17 lh-155 last-child-mb-0\"><p>Niekt\u00f3rzy nazywaj\u0105 to aktem, inni nazywaj\u0105 to procesem. My nazywamy to \u201esztuk\u0105\u201d, poniewa\u017c zawsze tworzymy co\u015b wyj\u0105tkowego dla u\u017cytkownik\u00f3w. Za ka\u017cdym razem. Android? <a href=\"https:\/\/itcraftapps.com\/pl\/zatrudnij-najlepszych-programistow-ios-do-swojego-projektu\/\">iOS<\/a>? Aplikacja internetowa? Zajmujemy si\u0119 tym wszystkim, mamy prawdziwych profesjonalist\u00f3w \u2013 oni zajm\u0105 si\u0119 r\u00f3wnie\u017c rozwojem i kontrol\u0105 jako\u015bci, wi\u0119c nie stracisz u\u017cytkownik\u00f3w.<\/p>\n<\/div>\t\t\t<\/div>\n\t\t\t<div class=\"col-12 col-lg-3 offset-lg-1\">\n\t\t\t\t<p class=\"text-uppercase text-gray-4 fs-14 lh-10 fw-500 mt--80 mt-lg--20 mb--28 mb-lg--32\">Co robimy<\/p><ul class=\"block-services-5-group__list list-unstyled position-relative zindex-5 d-grid gap-8 mt--0 mb--0\"><li><a href=\"https:\/\/itcraftapps.com\/pl\/uslugi\/aplikacje-mobilne\/\" class=\"d-table transition-all transition-duration-150 text-white fs-20 fs-lg-17 fw-400 lh-16 lh-lg-155 mb--0\">Aplikacje Mobilne<\/a><\/li><li><a href=\"https:\/\/itcraftapps.com\/pl\/uslugi\/aplikacje-webowe\/\" class=\"d-table transition-all transition-duration-150 text-white fs-20 fs-lg-17 fw-400 lh-16 lh-lg-155 mb--0\">Aplikacje Webowe<\/a><\/li><li><a href=\"https:\/\/itcraftapps.com\/pl\/uslugi\/rozwiazania-backend\/\" class=\"d-table transition-all transition-duration-150 text-white fs-20 fs-lg-17 fw-400 lh-16 lh-lg-155 mb--0\">Rozwi\u0105zania Backend<\/a><\/li><li><a href=\"https:\/\/itcraftapps.com\/pl\/uslugi\/zapewnienie-jakosci\/\" class=\"d-table transition-all transition-duration-150 text-white fs-20 fs-lg-17 fw-400 lh-16 lh-lg-155 mb--0\">Zapewnienie Jako\u015bci<\/a><\/li><li><a href=\"https:\/\/itcraftapps.com\/pl\/uslugi\/integracja-z-chatgpt\/\" class=\"d-table transition-all transition-duration-150 text-white fs-20 fs-lg-17 fw-400 lh-16 lh-lg-155 mb--0\">Integracja z ChatGPT<\/a><\/li><li><a href=\"https:\/\/itcraftapps.com\/pl\/uslugi\/aplikacje-voip\/\" class=\"d-table transition-all transition-duration-150 text-white fs-20 fs-lg-17 fw-400 lh-16 lh-lg-155 mb--0\">Aplikacje VoIP<\/a><\/li><\/ul><a href=\"https:\/\/itcraftapps.com\/pl\/uslugi\/development\/\" class=\"btn btn-lg minw-160px btn-white d-lg-none mt--50\"><span>Czytaj wi\u0119cej<\/span><\/a>\t\t\t<\/div>\n\t\t<\/div>\n\t\t<div class=\"mouse-following-item mfi__btn bg-white\"><\/div><div class=\"mouse-following-item mfi__btn-text text-dark-2\">Czytaj wi\u0119cej<\/div>\t<\/div>\n<\/section>\n\n\n\n<section class=\"block-services-5-group bg-dark-4\" data-scroll-theme>\n\t<div class=\"container position-relative pt--80 pt-lg--96 pb--80 pb-lg--96 mouse-following-item-wrapper\">\n\t\t<div class=\"row\">\n\t\t\t<div class=\"col-12 col-lg-3 mb--40 mb-lg--0\">\n\t\t\t\t<img decoding=\"async\" width=\"247\" height=\"247\" src=\"https:\/\/itcraftapps.com\/pl\/wp-content\/uploads\/sites\/5\/2022\/09\/s4-247.svg\" class=\"img-fluid d-block ml-lg--40 w-100 maxw-120px maxw-lg-248px\" alt=\"\" \/>\t\t\t<\/div>\n\t\t\t<div class=\"col-12 col-lg-4 offset-lg-1\">\n\t\t\t\t<h2 class=\"text-white fs-28 fs-lg-36 lh-15 lh-lg-13 fw-500 mb--0\"><a class=\"stretched-link text-reset d-none d-lg-block\" href=\"https:\/\/itcraftapps.com\/pl\/uslugi\/support\/\">Wsparcie<\/a><span class=\"d-lg-none\">Wsparcie<\/span><\/h2><div class=\"mt--24 mt-lg--32 text-gray-4 fs-17 lh-155 last-child-mb-0\"><p>Co zrobi\u0107, je\u015bli chcesz rozszerzy\u0107 funkcje lub zmodyfikowa\u0107 funkcjonalno\u015b\u0107? Nie martw si\u0119, jeste\u015bmy tutaj, aby Ci w tym pom\u00f3c. Pomo\u017cemy Ci utrzyma\u0107 dzia\u0142anie produktu, zapewni\u0107 bezpiecze\u0144stwo i wyprzedzi\u0107 konkurencj\u0119 dzi\u0119ki nast\u0119puj\u0105cym rozwi\u0105zaniom:<\/p>\n<\/div>\t\t\t<\/div>\n\t\t\t<div class=\"col-12 col-lg-3 offset-lg-1\">\n\t\t\t\t<p class=\"text-uppercase text-gray-4 fs-14 lh-10 fw-500 mt--80 mt-lg--20 mb--28 mb-lg--32\">Co robimy<\/p><ul class=\"block-services-5-group__list list-unstyled position-relative zindex-5 d-grid gap-8 mt--0 mb--0\"><li><a href=\"https:\/\/itcraftapps.com\/pl\/uslugi\/umowa-o-gwarantowanym-poziomie-uslug\/\" class=\"d-table transition-all transition-duration-150 text-white fs-20 fs-lg-17 fw-400 lh-16 lh-lg-155 mb--0\">Service Level Agreement<\/a><\/li><li><a href=\"https:\/\/itcraftapps.com\/pl\/uslugi\/przejecie-projektu\/\" class=\"d-table transition-all transition-duration-150 text-white fs-20 fs-lg-17 fw-400 lh-16 lh-lg-155 mb--0\">Przej\u0119cie Projektu<\/a><\/li><li><a href=\"https:\/\/itcraftapps.com\/pl\/uslugi\/devops\/\" class=\"d-table transition-all transition-duration-150 text-white fs-20 fs-lg-17 fw-400 lh-16 lh-lg-155 mb--0\">DevOps<\/a><\/li><\/ul><a href=\"https:\/\/itcraftapps.com\/pl\/uslugi\/support\/\" class=\"btn btn-lg minw-160px btn-white d-lg-none mt--50\"><span>Czytaj wi\u0119cej<\/span><\/a>\t\t\t<\/div>\n\t\t<\/div>\n\t\t<div class=\"mouse-following-item mfi__btn bg-white\"><\/div><div class=\"mouse-following-item mfi__btn-text text-dark-2\">Czytaj wi\u0119cej<\/div>\t<\/div>\n<\/section>\n\n\n\n<section class=\"block-home-v3-approach bg-light-9 pt--104 pt-lg--140 pb--104 pb-lg--220\" data-scroll-theme>\n\t<div class=\"container\">\n\t\t<h2 class=\"col-12 col-lg-11 col-xl-9 px-0 text-dark-2 fs-36 fs-lg-56 fw-500 lh-13 lh-lg-14 mb--0\">Us\u0142ugi szyte <br \/>\r\nna miar\u0119<span class=\"d-inline-block bg-dark-4 ml--15 ml-lg--22 mr--15 mr-lg--22 w-100 maxw-92px maxw-lg-396px flex-shrink-0\" style=\"height: 1px;vertical-align: middle\"><\/span>Twoich potrzeb<\/h2><div class=\"row mt--0 mt-lg--70 mt-xl--130 gy-80 g-lg-48\"><div class=\"col-12 col-lg-5 col-xl-4 \"><a href=\"https:\/\/itcraftapps.com\/pl\/dedykowane-zespoly-it\/\" class=\"hover-parent\"><img decoding=\"async\" width=\"186\" height=\"192\" src=\"https:\/\/itcraftapps.com\/pl\/wp-content\/uploads\/sites\/5\/2022\/09\/a1.svg\" class=\"img-fluid d-block mb--30 mb-lg--52 maxh-148px maxh-lg-192px\" alt=\"\" \/><h2 class=\"text-black text-lg-dark-2 fs-28 fw-500 lh-15 mb--0\">Managed teams<\/h2><div class=\"col-12 col-sm-10 col-lg-12 px-0 text-dark-3 fs-17 lh-155 last-child-mb-0 mt--12 mt-lg--16\"><p>Poszukujesz zespo\u0142u ekspert\u00f3w, kt\u00f3ry zapewni znakomite rezultaty? Znalaz\u0142e\u015b! Nasi profesjonali\u015bci s\u0105 tutaj, gotowi zaj\u0105\u0107 si\u0119 ca\u0142ym procesem przekszta\u0142cenia Twojego pomys\u0142u w wyj\u0105tkowy produkt.<\/p>\n<\/div><\/a><\/div><div class=\"col-12 col-lg-5 col-xl-4 offset-lg-1 offset-xl-2\"><a href=\"https:\/\/itcraftapps.com\/pl\/staff-augmentation\/\" class=\"hover-parent\"><img decoding=\"async\" width=\"225\" height=\"192\" src=\"https:\/\/itcraftapps.com\/pl\/wp-content\/uploads\/sites\/5\/2022\/09\/a2.svg\" class=\"img-fluid d-block mb--30 mb-lg--52 maxh-148px maxh-lg-192px\" alt=\"\" \/><h2 class=\"text-black text-lg-dark-2 fs-28 fw-500 lh-15 mb--0\">Staff Augumentation<\/h2><div class=\"col-12 col-sm-10 col-lg-12 px-0 text-dark-3 fs-17 lh-155 last-child-mb-0 mt--12 mt-lg--16\"><p>Potrzebujesz kogo\u015b, kto idealnie wpasuje si\u0119 w Tw\u00f3j w\u0142asny zesp\u00f3\u0142? Nie martw si\u0119, nasi cyfrowi czarodzieje b\u0119d\u0105 wiedzie\u0107, co robi\u0107. Mo\u017cesz zapomnie\u0107 o stresie \u2013 nasi utalentowani specjali\u015bci do\u0142\u0105cz\u0105 do Twojego zespo\u0142u.<\/p>\n<\/div><\/a><\/div><\/div>\t<\/div>\n<\/section>\n\n\n\n<section class=\"block-services-5-technologies pt--100 pt-lg--160 pb--100 pb-lg--220\">\n\t<div class=\"container\">\n\t\t<h2 class=\"text-dark-2 fs-36 fs-lg-56 fw-500 lh-13 lh-lg-14 mb--0 d-flex flex-wrap\">Technologie<\/h2><div class=\"mt--66 mt-lg--110\"><div class=\"row g-0 block-services-5-technologies__table\"><div class=\"col-6 col-md-4 col-lg-3 d-flex align-items-center justify-content-between pt--30 pt-lg--35 pb--30 pb-lg--35 pl--30 pl-lg--35 pr--30 pr-lg--35\"><h2 class=\"text-dark-2 fs-17 fs-lg-20 fw-400 lh-155 lh-lg-16 mb--0\">Flutter<\/h2><img decoding=\"async\" width=\"52\" height=\"52\" src=\"https:\/\/itcraftapps.com\/pl\/wp-content\/uploads\/sites\/5\/2022\/09\/Google-flutter-logo-1.svg\" class=\"img-fluid d-block maxw-40px maxw-lg-44px\" alt=\"\" \/><\/div><div class=\"col-6 col-md-4 col-lg-3 d-flex align-items-center justify-content-between pt--30 pt-lg--35 pb--30 pb-lg--35 pl--30 pl-lg--35 pr--30 pr-lg--35\"><h2 class=\"text-dark-2 fs-17 fs-lg-20 fw-400 lh-155 lh-lg-16 mb--0\">Kotlin<\/h2><img decoding=\"async\" width=\"52\" height=\"52\" src=\"https:\/\/itcraftapps.com\/pl\/wp-content\/uploads\/sites\/5\/2022\/09\/Kotlin_logo-1.svg\" class=\"img-fluid d-block maxw-40px maxw-lg-44px\" alt=\"\" \/><\/div><div class=\"col-6 col-md-4 col-lg-3 d-flex align-items-center justify-content-between pt--30 pt-lg--35 pb--30 pb-lg--35 pl--30 pl-lg--35 pr--30 pr-lg--35\"><h2 class=\"text-dark-2 fs-17 fs-lg-20 fw-400 lh-155 lh-lg-16 mb--0\">Angular<\/h2><img decoding=\"async\" width=\"52\" height=\"52\" src=\"https:\/\/itcraftapps.com\/pl\/wp-content\/uploads\/sites\/5\/2022\/09\/Angular_full_color_logo-1.svg\" class=\"img-fluid d-block maxw-40px maxw-lg-44px\" alt=\"\" \/><\/div><div class=\"col-6 col-md-4 col-lg-3 d-flex align-items-center justify-content-between pt--30 pt-lg--35 pb--30 pb-lg--35 pl--30 pl-lg--35 pr--30 pr-lg--35\"><h2 class=\"text-dark-2 fs-17 fs-lg-20 fw-400 lh-155 lh-lg-16 mb--0\">Swift<\/h2><img decoding=\"async\" width=\"52\" height=\"52\" src=\"https:\/\/itcraftapps.com\/pl\/wp-content\/uploads\/sites\/5\/2022\/09\/swift.svg\" class=\"img-fluid d-block maxw-40px maxw-lg-44px\" alt=\"\" \/><\/div><div class=\"col-6 col-md-4 col-lg-3 d-flex align-items-center justify-content-between pt--30 pt-lg--35 pb--30 pb-lg--35 pl--30 pl-lg--35 pr--30 pr-lg--35\"><h2 class=\"text-dark-2 fs-17 fs-lg-20 fw-400 lh-155 lh-lg-16 mb--0\">Java<\/h2><img decoding=\"async\" width=\"52\" height=\"52\" src=\"https:\/\/itcraftapps.com\/pl\/wp-content\/uploads\/sites\/5\/2022\/09\/js.svg\" class=\"img-fluid d-block maxw-40px maxw-lg-44px\" alt=\"\" \/><\/div><div class=\"col-6 col-md-4 col-lg-3 d-flex align-items-center justify-content-between pt--30 pt-lg--35 pb--30 pb-lg--35 pl--30 pl-lg--35 pr--30 pr-lg--35\"><h2 class=\"text-dark-2 fs-17 fs-lg-20 fw-400 lh-155 lh-lg-16 mb--0\">Node.js<\/h2><img decoding=\"async\" width=\"52\" height=\"52\" src=\"https:\/\/itcraftapps.com\/pl\/wp-content\/uploads\/sites\/5\/2022\/09\/node.svg\" class=\"img-fluid d-block maxw-40px maxw-lg-44px\" alt=\"\" \/><\/div><div class=\"col-6 col-md-4 col-lg-3 d-flex align-items-center justify-content-between pt--30 pt-lg--35 pb--30 pb-lg--35 pl--30 pl-lg--35 pr--30 pr-lg--35\"><h2 class=\"text-dark-2 fs-17 fs-lg-20 fw-400 lh-155 lh-lg-16 mb--0\">Vue.js<\/h2><img decoding=\"async\" width=\"52\" height=\"52\" src=\"https:\/\/itcraftapps.com\/pl\/wp-content\/uploads\/sites\/5\/2022\/09\/vue.svg\" class=\"img-fluid d-block maxw-40px maxw-lg-44px\" alt=\"\" \/><\/div><div class=\"col-6 col-md-4 col-lg-3 d-flex align-items-center justify-content-between pt--30 pt-lg--35 pb--30 pb-lg--35 pl--30 pl-lg--35 pr--30 pr-lg--35\"><h2 class=\"text-dark-2 fs-17 fs-lg-20 fw-400 lh-155 lh-lg-16 mb--0\">React<\/h2><img decoding=\"async\" width=\"52\" height=\"52\" src=\"https:\/\/itcraftapps.com\/pl\/wp-content\/uploads\/sites\/5\/2022\/09\/react.svg\" class=\"img-fluid d-block maxw-40px maxw-lg-44px\" alt=\"\" \/><\/div><div class=\"col-6 col-md-4 col-lg-3 d-flex align-items-center justify-content-between pt--30 pt-lg--35 pb--30 pb-lg--35 pl--30 pl-lg--35 pr--30 pr-lg--35\"><h2 class=\"text-dark-2 fs-17 fs-lg-20 fw-400 lh-155 lh-lg-16 mb--0\">Python<\/h2><img decoding=\"async\" width=\"53\" height=\"52\" src=\"https:\/\/itcraftapps.com\/pl\/wp-content\/uploads\/sites\/5\/2022\/09\/python.svg\" class=\"img-fluid d-block maxw-40px maxw-lg-44px\" alt=\"\" \/><\/div><div class=\"col-6 col-md-4 col-lg-3 d-flex align-items-center justify-content-between pt--30 pt-lg--35 pb--30 pb-lg--35 pl--30 pl-lg--35 pr--30 pr-lg--35\"><h2 class=\"text-dark-2 fs-17 fs-lg-20 fw-400 lh-155 lh-lg-16 mb--0\">AWS<\/h2><img decoding=\"async\" width=\"73\" height=\"41\" src=\"https:\/\/itcraftapps.com\/pl\/wp-content\/uploads\/sites\/5\/2022\/09\/aws.svg\" class=\"img-fluid d-block maxw-40px maxw-lg-44px\" alt=\"\" \/><\/div><div class=\"col-6 col-md-4 col-lg-3 d-flex align-items-center justify-content-between pt--30 pt-lg--35 pb--30 pb-lg--35 pl--30 pl-lg--35 pr--30 pr-lg--35\"><h2 class=\"text-dark-2 fs-17 fs-lg-20 fw-400 lh-155 lh-lg-16 mb--0\">Google Cloud<\/h2><img decoding=\"async\" width=\"52\" height=\"52\" src=\"https:\/\/itcraftapps.com\/pl\/wp-content\/uploads\/sites\/5\/2022\/09\/google-cloud.svg\" class=\"img-fluid d-block maxw-40px maxw-lg-44px\" alt=\"\" \/><\/div><div class=\"col-6 col-md-4 col-lg-3 d-flex align-items-center justify-content-between pt--30 pt-lg--35 pb--30 pb-lg--35 pl--30 pl-lg--35 pr--30 pr-lg--35\"><h2 class=\"text-dark-2 fs-17 fs-lg-20 fw-400 lh-155 lh-lg-16 mb--0\">Azure<\/h2><img decoding=\"async\" width=\"52\" height=\"52\" src=\"https:\/\/itcraftapps.com\/pl\/wp-content\/uploads\/sites\/5\/2022\/09\/azure.svg\" class=\"img-fluid d-block maxw-40px maxw-lg-44px\" alt=\"\" \/><\/div><\/div><\/div>\t<\/div>\n<\/section>\n\n\n\n<section class=\"block-base-cta-1 bg-dark-4 pt--93 pt-lg--180 pb--100 pb-lg--180\" data-scroll-theme>\n\t<div class=\"container d-lg-flex align-items-end\">\n\t\t<h3 class=\"text-white fs-32 fs-lg-56 fw-500 lh-14 mb--0 d-flex flex-wrap flex-grow-1 pr-lg--48\"><span class=\"w-lg-100\">Masz projekt?<\/span>\r\n<span class=\"w-100\"><\/span>\r\n<span class=\"col px-0 mr--15 mr-lg--22 h-px bg-white flex-shrink-0 align-self-center\"><\/span>\r\n<span>Porozmawiajmy<\/span><\/h3><a href=\"https:\/\/itcraftapps.com\/pl\/kontakt\/\" class=\"btn btn-white btn-lg rounded-pill d-table mt--80 mt-lg--0 mx-auto mx-lg-0\"><span>Skontaktuj si\u0119<\/span><\/a>\t<\/div>\n<\/section>\n","protected":false},"excerpt":{"rendered":"","protected":false},"author":16,"featured_media":0,"parent":0,"menu_order":1,"comment_status":"closed","ping_status":"closed","template":"templates\/template-fullwidth.php","meta":{"_acf_changed":false,"inline_featured_image":false,"footnotes":""},"class_list":["post-13","page","type-page","status-publish"],"acf":[],"yoast_head":"<!-- This site is optimized with the Yoast SEO plugin v25.5 - https:\/\/yoast.com\/wordpress\/plugins\/seo\/ -->\n<title>Tworzenie oprogramowania na zam\u00f3wienie | itCraft<\/title>\n<meta name=\"description\" content=\"Pe\u0142ny zakres us\u0142ug tworzenia aplikacji mobilnych i internetowych dla M\u015aP i przedsi\u0119biorstw \u27a4 Wysokiej klasy programi\u015bci, projektanci i testerzy \u2b50 itCraft\" \/>\n<meta name=\"robots\" content=\"index, follow, max-snippet:-1, max-image-preview:large, max-video-preview:-1\" \/>\n<link rel=\"canonical\" href=\"https:\/\/itcraftapps.com\/pl\/uslugi\/\" \/>\n<meta property=\"og:locale\" content=\"pl_PL\" \/>\n<meta property=\"og:type\" content=\"article\" \/>\n<meta property=\"og:title\" content=\"Tworzenie oprogramowania na zam\u00f3wienie | itCraft\" \/>\n<meta property=\"og:description\" content=\"Pe\u0142ny zakres us\u0142ug tworzenia aplikacji mobilnych i internetowych dla M\u015aP i przedsi\u0119biorstw \u27a4 Wysokiej klasy programi\u015bci, projektanci i testerzy \u2b50 itCraft\" \/>\n<meta property=\"og:url\" content=\"https:\/\/itcraftapps.com\/pl\/uslugi\/\" \/>\n<meta property=\"og:site_name\" content=\"Aplikacje mobilne i webowe dla firm | itCraft\" \/>\n<meta property=\"article:modified_time\" content=\"2024-03-13T09:47:37+00:00\" \/>\n<meta property=\"og:image\" content=\"https:\/\/itcraftapps.com\/pl\/wp-content\/uploads\/sites\/5\/2023\/01\/Main_social_1200x630px.png\" \/>\n\t<meta property=\"og:image:width\" content=\"1200\" \/>\n\t<meta property=\"og:image:height\" content=\"630\" \/>\n\t<meta property=\"og:image:type\" content=\"image\/png\" \/>\n<meta name=\"twitter:card\" content=\"summary_large_image\" \/>\n<!-- \/ Yoast SEO plugin. -->","yoast_head_json":{"title":"Tworzenie oprogramowania na zam\u00f3wienie | itCraft","description":"Pe\u0142ny zakres us\u0142ug tworzenia aplikacji mobilnych i internetowych dla M\u015aP i przedsi\u0119biorstw \u27a4 Wysokiej klasy programi\u015bci, projektanci i testerzy \u2b50 itCraft","robots":{"index":"index","follow":"follow","max-snippet":"max-snippet:-1","max-image-preview":"max-image-preview:large","max-video-preview":"max-video-preview:-1"},"canonical":"https:\/\/itcraftapps.com\/pl\/uslugi\/","og_locale":"pl_PL","og_type":"article","og_title":"Tworzenie oprogramowania na zam\u00f3wienie | itCraft","og_description":"Pe\u0142ny zakres us\u0142ug tworzenia aplikacji mobilnych i internetowych dla M\u015aP i przedsi\u0119biorstw \u27a4 Wysokiej klasy programi\u015bci, projektanci i testerzy \u2b50 itCraft","og_url":"https:\/\/itcraftapps.com\/pl\/uslugi\/","og_site_name":"Aplikacje mobilne i webowe dla firm | itCraft","article_modified_time":"2024-03-13T09:47:37+00:00","og_image":[{"width":1200,"height":630,"url":"https:\/\/itcraftapps.com\/pl\/wp-content\/uploads\/sites\/5\/2023\/01\/Main_social_1200x630px.png","type":"image\/png"}],"twitter_card":"summary_large_image","schema":{"@context":"https:\/\/schema.org","@graph":[{"@type":"WebPage","@id":"https:\/\/itcraftapps.com\/pl\/uslugi\/","url":"https:\/\/itcraftapps.com\/pl\/uslugi\/","name":"Tworzenie oprogramowania na zam\u00f3wienie | itCraft","isPartOf":{"@id":"https:\/\/itcraftapps.com\/pl\/#website"},"datePublished":"2018-12-24T08:16:05+00:00","dateModified":"2024-03-13T09:47:37+00:00","description":"Pe\u0142ny zakres us\u0142ug tworzenia aplikacji mobilnych i internetowych dla M\u015aP i przedsi\u0119biorstw \u27a4 Wysokiej klasy programi\u015bci, projektanci i testerzy \u2b50 itCraft","breadcrumb":{"@id":"https:\/\/itcraftapps.com\/pl\/uslugi\/#breadcrumb"},"inLanguage":"pl-PL","potentialAction":[{"@type":"ReadAction","target":["https:\/\/itcraftapps.com\/pl\/uslugi\/"]}]},{"@type":"BreadcrumbList","@id":"https:\/\/itcraftapps.com\/pl\/uslugi\/#breadcrumb","itemListElement":[{"@type":"ListItem","position":1,"name":"Home","item":"https:\/\/itcraftapps.com\/pl\/"},{"@type":"ListItem","position":2,"name":"Us\u0142ugi"}]},{"@type":"WebSite","@id":"https:\/\/itcraftapps.com\/pl\/#website","url":"https:\/\/itcraftapps.com\/pl\/","name":"Aplikacje mobilne i webowe dla firm | itCraft","description":"","potentialAction":[{"@type":"SearchAction","target":{"@type":"EntryPoint","urlTemplate":"https:\/\/itcraftapps.com\/pl\/?s={search_term_string}"},"query-input":{"@type":"PropertyValueSpecification","valueRequired":true,"valueName":"search_term_string"}}],"inLanguage":"pl-PL"}]}},"_links":{"self":[{"href":"https:\/\/itcraftapps.com\/pl\/wp-json\/wp\/v2\/pages\/13","targetHints":{"allow":["GET"]}}],"collection":[{"href":"https:\/\/itcraftapps.com\/pl\/wp-json\/wp\/v2\/pages"}],"about":[{"href":"https:\/\/itcraftapps.com\/pl\/wp-json\/wp\/v2\/types\/page"}],"author":[{"embeddable":true,"href":"https:\/\/itcraftapps.com\/pl\/wp-json\/wp\/v2\/users\/16"}],"replies":[{"embeddable":true,"href":"https:\/\/itcraftapps.com\/pl\/wp-json\/wp\/v2\/comments?post=13"}],"version-history":[{"count":0,"href":"https:\/\/itcraftapps.com\/pl\/wp-json\/wp\/v2\/pages\/13\/revisions"}],"wp:attachment":[{"href":"https:\/\/itcraftapps.com\/pl\/wp-json\/wp\/v2\/media?parent=13"}],"curies":[{"name":"wp","href":"https:\/\/api.w.org\/{rel}","templated":true}]}}