{"id":12937,"date":"2021-04-27T10:01:10","date_gmt":"2021-04-27T08:01:10","guid":{"rendered":"https:\/\/wp-test.itcraft.pl\/?page_id=12937"},"modified":"2024-03-13T10:43:02","modified_gmt":"2024-03-13T09:43:02","slug":"zasoby","status":"publish","type":"page","link":"https:\/\/itcraftapps.com\/pl\/zasoby\/","title":{"rendered":"Zasoby"},"content":{"rendered":"\n<section class=\"block-base-header-3 d-flex pt--100 pb--40 pb-lg--56 minh-340px minh-lg-400px\">\n\t<div class=\"container align-self-end\">\n\t\t<h1 class=\"text-dark-2 fs-36 fs-lg-56 fw-500 lh-13 lh-lg-14 mb--0 d-flex flex-wrap\"><span class=\"w-100\">Ekspercka <\/span>\r\n<span>wiedza<\/span>\r\n<span class=\"col px-0 ml--15 ml-lg--22 mr--15 mr-lg--22 h-px bg-dark-4 flex-shrink-0 align-self-center\"><\/span>\r\n<span class=\"text-right w-100- w-lg-auto\">w zasi\u0119gu<\/span>\r\n<span class=\"w-100 d-lg-none\"><\/span>\r\n<span class=\"text-right ml--space w-100\">r\u0119ki<\/span><\/h1>\t<\/div>\n<\/section>\n\n\n\n<section class=\"block-resources-base pt--40 pt-lg--64 pb--80 pb-lg--140 bg-light-9\" data-scroll-theme>\n\t<div class=\"container\">\n\t\t<nav class=\"js-block-resources-base__filters nav-pills-2 nav-pills-2--style-white mb--40 mb-lg--64\"><ul class=\"d-flex flex-row gap-8\"><li><button class=\"active\" type=\"button\" data-filter=\"all\"><span>Wszystkie zasoby<\/span><\/button><\/li><li><button type=\"button\" data-filter=\"ebook\"><span>Ebook<\/span><\/button><\/li><li><button type=\"button\" data-filter=\"webinar\"><span>Webinar<\/span><\/button><\/li><\/ul><\/nav><div class=\"block-resources-base__list d-flex flex-column gap-40 gap-lg-64\"><div class=\"all post-31797 resource type-resource status-publish has-post-thumbnail\"><div class=\"row align-items-center\"><div class=\"col-12 col-lg-6\"><figure class=\"mb--40 mb-lg-0 position-relative bg-white\"><img decoding=\"async\" width=\"696\" height=\"390\" src=\"https:\/\/itcraftapps.com\/pl\/wp-content\/uploads\/sites\/5\/2023\/05\/NEW_BOOK-1.png\" class=\"d-block img-fluid\" alt=\"\" srcset=\"https:\/\/itcraftapps.com\/pl\/wp-content\/uploads\/sites\/5\/2023\/05\/NEW_BOOK-1.png 696w, https:\/\/itcraftapps.com\/pl\/wp-content\/uploads\/sites\/5\/2023\/05\/NEW_BOOK-1-300x168.png 300w, https:\/\/itcraftapps.com\/pl\/wp-content\/uploads\/sites\/5\/2023\/05\/NEW_BOOK-1-492x276.png 492w\" sizes=\"(max-width: 696px) 100vw, 696px\" \/><\/figure><\/div><div class=\"col-12 col-lg-5 offset-lg-1\"><h3 class=\"text-black fs-20 fs-lg-28 fw-500 lh-16 lh-lg-15\">Droga do test\u00f3w jednostkowych na iOS<\/h3><div class=\"text-dark-3 fs-17 lh-155 mt--16 last-child-mb-0\"><p>Wdro\u017cenie dobrych praktyk testowania zmaksymalizuje jako\u015b\u0107 projektu, a tak\u017ce przyspieszy jego realizacj\u0119. W jaki spos\u00f3b? Poprzez identyfikacj\u0119 nieprawid\u0142owo dzia\u0142aj\u0105cego kodu na wczesnym etapie ca\u0142ego procesu rozwoju. Ale uwaga &#8211; z\u0142e testy nie przynios\u0105 nic dobrego dla twojego kodu. Czy mo\u017cesz sobie pozwoli\u0107 na to, by nie nauczy\u0107 si\u0119 przeprowadza\u0107 doskona\u0142ych test\u00f3w jednostkowych? Dok\u0142adnie tak. Oto co\u015b, co mo\u017ce ci pom\u00f3c &#8211; napisane przez eksperta, kt\u00f3ry wie, \u017ce wymiana do\u015bwiadcze\u0144 to najlepszy spos\u00f3b na nauk\u0119.<\/p>\n<\/div><a href=\"https:\/\/itcraftapps.com\/pl\/droga-do-testow-jednostkowych-na-ios\/\" class=\"btn btn-black btn-lg mt--32\" target=\"_blank\" rel=\"noopener\"><span>Pobierz<\/span><\/a><\/div><\/div><\/div><div class=\"all webinar post-12969 resource type-resource status-publish has-post-thumbnail\"><div class=\"row align-items-center\"><div class=\"col-12 col-lg-6\"><figure class=\"mb--40 mb-lg-0 position-relative bg-white\"><img decoding=\"async\" width=\"696\" height=\"390\" src=\"https:\/\/itcraftapps.com\/pl\/wp-content\/uploads\/sites\/5\/2021\/04\/Top-Critical-Security-Tips.png\" class=\"d-block img-fluid\" alt=\"\" srcset=\"https:\/\/itcraftapps.com\/pl\/wp-content\/uploads\/sites\/5\/2021\/04\/Top-Critical-Security-Tips.png 696w, https:\/\/itcraftapps.com\/pl\/wp-content\/uploads\/sites\/5\/2021\/04\/Top-Critical-Security-Tips-300x168.png 300w, https:\/\/itcraftapps.com\/pl\/wp-content\/uploads\/sites\/5\/2021\/04\/Top-Critical-Security-Tips-492x276.png 492w\" sizes=\"(max-width: 696px) 100vw, 696px\" \/><div class=\"position-absolute bottom-0 left-0\"><span class=\"d-table mb--16 mb-lg--30 ml--15 ml-lg--30 text-uppercase bg-white text-dark-2 fs-12 lh-10 pt--8 pb--8 pl--12 pl-lg--20 pr--12 pr-lg--20 rounded-pill border border-gray-2\">Webinar<\/span><\/div><\/figure><\/div><div class=\"col-12 col-lg-5 offset-lg-1\"><h3 class=\"text-black fs-20 fs-lg-28 fw-500 lh-16 lh-lg-15\">Przysz\u0142o\u015b\u0107 e-zdrowia: Przewodnik po rozwoju technologii medycznych<\/h3><div class=\"text-dark-3 fs-17 lh-155 mt--16 last-child-mb-0\"><p>Do\u0142\u0105cz do wsp\u00f3\u0142za\u0142o\u017cyciela <a href=\"https:\/\/itcraftapps.com\/pl\/o-nas\/\">itCraft<\/a> i eksperta w dziedzinie telemedycyny mobilnej, Bartosza Pie\u015blaka oraz eksperta w dziedzinie sztucznej inteligencji i wsp\u00f3\u0142za\u0142o\u017cyciela Presagen, dr Dona Peruginiego, kt\u00f3rzy om\u00f3wi\u0105 obecne trendy i przysz\u0142o\u015b\u0107 e-zdrowia oraz to, co nale\u017cy wzi\u0105\u0107 pod uwag\u0119, je\u015bli uruchamiasz startup telemedyczny lub chcesz zmodernizowa\u0107 swoj\u0105 obecn\u0105 praktyk\u0119 medyczn\u0105.<\/p>\n<\/div><a href=\"https:\/\/itcraftapps.com\/blog\/webinar-before-you-quit-your-job-to-create-a-startup\/\" class=\"btn btn-black btn-lg mt--32\" target=\"_blank\" rel=\"noopener\"><span>Zobacz<\/span><\/a><\/div><\/div><\/div><div class=\"all post-12967 resource type-resource status-publish has-post-thumbnail\"><div class=\"row align-items-center\"><div class=\"col-12 col-lg-6\"><figure class=\"mb--40 mb-lg-0 position-relative bg-white\"><img decoding=\"async\" width=\"792\" height=\"444\" src=\"https:\/\/itcraftapps.com\/pl\/wp-content\/uploads\/sites\/5\/2021\/04\/Top-Critical-Security-Tips-1-1-1024x574.png\" class=\"d-block img-fluid\" alt=\"\" srcset=\"https:\/\/itcraftapps.com\/pl\/wp-content\/uploads\/sites\/5\/2021\/04\/Top-Critical-Security-Tips-1-1-1024x574.png 1024w, https:\/\/itcraftapps.com\/pl\/wp-content\/uploads\/sites\/5\/2021\/04\/Top-Critical-Security-Tips-1-1-300x168.png 300w, https:\/\/itcraftapps.com\/pl\/wp-content\/uploads\/sites\/5\/2021\/04\/Top-Critical-Security-Tips-1-1-768x430.png 768w, https:\/\/itcraftapps.com\/pl\/wp-content\/uploads\/sites\/5\/2021\/04\/Top-Critical-Security-Tips-1-1-792x444.png 792w, https:\/\/itcraftapps.com\/pl\/wp-content\/uploads\/sites\/5\/2021\/04\/Top-Critical-Security-Tips-1-1-492x276.png 492w, https:\/\/itcraftapps.com\/pl\/wp-content\/uploads\/sites\/5\/2021\/04\/Top-Critical-Security-Tips-1-1.png 1392w\" sizes=\"(max-width: 792px) 100vw, 792px\" \/><\/figure><\/div><div class=\"col-12 col-lg-5 offset-lg-1\"><h3 class=\"text-black fs-20 fs-lg-28 fw-500 lh-16 lh-lg-15\">13 rzeczy, kt\u00f3re powiniene\u015b wiedzie\u0107 o cross-platform development<\/h3><div class=\"text-dark-3 fs-17 lh-155 mt--16 last-child-mb-0\"><p><a href=\"https:\/\/itcraftapps.com\/pl\/\">Tworzenie aplikacji<\/a> na wiele platform staje si\u0119 standardem w bran\u017cy IT. Celem tego webinaru jest om\u00f3wienie tematu tworzenia aplikacji wieloplatformowych.<\/p>\n<\/div><a href=\"https:\/\/itcraftapps.com\/blog\/13-things-you-should-know-abou-cross-platform-development\/\" class=\"btn btn-black btn-lg mt--32\" target=\"_blank\" rel=\"noopener\"><span>Zobacz<\/span><\/a><\/div><\/div><\/div><div class=\"all webinar post-12963 resource type-resource status-publish has-post-thumbnail\"><div class=\"row align-items-center\"><div class=\"col-12 col-lg-6\"><figure class=\"mb--40 mb-lg-0 position-relative bg-white\"><img decoding=\"async\" width=\"792\" height=\"444\" src=\"https:\/\/itcraftapps.com\/pl\/wp-content\/uploads\/sites\/5\/2021\/04\/Top-Critical-Security-Tips-2-1024x574.png\" class=\"d-block img-fluid\" alt=\"\" srcset=\"https:\/\/itcraftapps.com\/pl\/wp-content\/uploads\/sites\/5\/2021\/04\/Top-Critical-Security-Tips-2-1024x574.png 1024w, https:\/\/itcraftapps.com\/pl\/wp-content\/uploads\/sites\/5\/2021\/04\/Top-Critical-Security-Tips-2-300x168.png 300w, https:\/\/itcraftapps.com\/pl\/wp-content\/uploads\/sites\/5\/2021\/04\/Top-Critical-Security-Tips-2-768x430.png 768w, https:\/\/itcraftapps.com\/pl\/wp-content\/uploads\/sites\/5\/2021\/04\/Top-Critical-Security-Tips-2-792x444.png 792w, https:\/\/itcraftapps.com\/pl\/wp-content\/uploads\/sites\/5\/2021\/04\/Top-Critical-Security-Tips-2-492x276.png 492w, https:\/\/itcraftapps.com\/pl\/wp-content\/uploads\/sites\/5\/2021\/04\/Top-Critical-Security-Tips-2.png 1392w\" sizes=\"(max-width: 792px) 100vw, 792px\" \/><div class=\"position-absolute bottom-0 left-0\"><span class=\"d-table mb--16 mb-lg--30 ml--15 ml-lg--30 text-uppercase bg-white text-dark-2 fs-12 lh-10 pt--8 pb--8 pl--12 pl-lg--20 pr--12 pr-lg--20 rounded-pill border border-gray-2\">Webinar<\/span><\/div><\/figure><\/div><div class=\"col-12 col-lg-5 offset-lg-1\"><h3 class=\"text-black fs-20 fs-lg-28 fw-500 lh-16 lh-lg-15\">Zanim rzucisz prac\u0119, by za\u0142o\u017cy\u0107 startup<\/h3><div class=\"text-dark-3 fs-17 lh-155 mt--16 last-child-mb-0\"><p>Unikaj typowych b\u0142\u0119d\u00f3w i stw\u00f3rz startup we w\u0142a\u015bciwy spos\u00f3b. Nie rzucaj pracy i nie zak\u0142adaj startupu PRZED obejrzeniem tego webinaru! Dowiedz si\u0119, jak rozpocz\u0105\u0107 biznes aplikacji mobilnych!<\/p>\n<\/div><a href=\"https:\/\/itcraftapps.com\/blog\/webinar-before-you-quit-your-job-to-create-a-startup\/\" class=\"btn btn-black btn-lg mt--32\" target=\"_blank\" rel=\"noopener\"><span>Zobacz<\/span><\/a><\/div><\/div><\/div><div class=\"all ebook post-12961 resource type-resource status-publish has-post-thumbnail\"><div class=\"row align-items-center\"><div class=\"col-12 col-lg-6\"><figure class=\"mb--40 mb-lg-0 position-relative bg-white\"><img decoding=\"async\" width=\"696\" height=\"390\" src=\"https:\/\/itcraftapps.com\/pl\/wp-content\/uploads\/sites\/5\/2021\/04\/Top-Critical-Security-Tips.png\" class=\"d-block img-fluid\" alt=\"\" srcset=\"https:\/\/itcraftapps.com\/pl\/wp-content\/uploads\/sites\/5\/2021\/04\/Top-Critical-Security-Tips.png 696w, https:\/\/itcraftapps.com\/pl\/wp-content\/uploads\/sites\/5\/2021\/04\/Top-Critical-Security-Tips-300x168.png 300w, https:\/\/itcraftapps.com\/pl\/wp-content\/uploads\/sites\/5\/2021\/04\/Top-Critical-Security-Tips-492x276.png 492w\" sizes=\"(max-width: 696px) 100vw, 696px\" \/><div class=\"position-absolute bottom-0 left-0\"><span class=\"d-table mb--16 mb-lg--30 ml--15 ml-lg--30 text-uppercase bg-white text-dark-2 fs-12 lh-10 pt--8 pb--8 pl--12 pl-lg--20 pr--12 pr-lg--20 rounded-pill border border-gray-2\">Ebook<\/span><\/div><\/figure><\/div><div class=\"col-12 col-lg-5 offset-lg-1\"><h3 class=\"text-black fs-20 fs-lg-28 fw-500 lh-16 lh-lg-15\">Przysz\u0142o\u015b\u0107 e-zdrowia: Przewodnik po rozwoju technologii medycznych<\/h3><div class=\"text-dark-3 fs-17 lh-155 mt--16 last-child-mb-0\"><p>W naszym przewodniku po telemedycynie przygl\u0105damy si\u0119 bli\u017cej wszystkim kwestiom, kt\u00f3re maj\u0105 wp\u0142yw na biznes telemedyczny. Jest to kompleksowy przewodnik po kwestiach technicznych, takich jak projektowanie <a href=\"https:\/\/itcraftapps.com\/pl\/zatrudnij-najlepszych-ui-ux-designerow-do-swojego-projektu\/\">UX\/UI<\/a>, gotowe komponenty i typy system\u00f3w, kt\u00f3re mo\u017cna wdro\u017cy\u0107.<\/p>\n<\/div><a href=\"https:\/\/itcraftapps.com\/pl\/ebook-telemedicine\/\" class=\"btn btn-black btn-lg mt--32\" target=\"_blank\" rel=\"noopener\"><span>Pobierz<\/span><\/a><\/div><\/div><\/div><div class=\"all ebook post-12950 resource type-resource status-publish has-post-thumbnail\"><div class=\"row align-items-center\"><div class=\"col-12 col-lg-6\"><figure class=\"mb--40 mb-lg-0 position-relative bg-white\"><img decoding=\"async\" width=\"792\" height=\"444\" src=\"https:\/\/itcraftapps.com\/pl\/wp-content\/uploads\/sites\/5\/2021\/04\/Top-Critical-Security-Tips-4-1024x574.png\" class=\"d-block img-fluid\" alt=\"\" srcset=\"https:\/\/itcraftapps.com\/pl\/wp-content\/uploads\/sites\/5\/2021\/04\/Top-Critical-Security-Tips-4-1024x574.png 1024w, https:\/\/itcraftapps.com\/pl\/wp-content\/uploads\/sites\/5\/2021\/04\/Top-Critical-Security-Tips-4-300x168.png 300w, https:\/\/itcraftapps.com\/pl\/wp-content\/uploads\/sites\/5\/2021\/04\/Top-Critical-Security-Tips-4-768x430.png 768w, https:\/\/itcraftapps.com\/pl\/wp-content\/uploads\/sites\/5\/2021\/04\/Top-Critical-Security-Tips-4-792x444.png 792w, https:\/\/itcraftapps.com\/pl\/wp-content\/uploads\/sites\/5\/2021\/04\/Top-Critical-Security-Tips-4-492x276.png 492w, https:\/\/itcraftapps.com\/pl\/wp-content\/uploads\/sites\/5\/2021\/04\/Top-Critical-Security-Tips-4.png 1392w\" sizes=\"(max-width: 792px) 100vw, 792px\" \/><div class=\"position-absolute bottom-0 left-0\"><span class=\"d-table mb--16 mb-lg--30 ml--15 ml-lg--30 text-uppercase bg-white text-dark-2 fs-12 lh-10 pt--8 pb--8 pl--12 pl-lg--20 pr--12 pr-lg--20 rounded-pill border border-gray-2\">Ebook<\/span><\/div><\/figure><\/div><div class=\"col-12 col-lg-5 offset-lg-1\"><h3 class=\"text-black fs-20 fs-lg-28 fw-500 lh-16 lh-lg-15\">Cross-platform vs native development: Kompletny przewodnik<\/h3><div class=\"text-dark-3 fs-17 lh-155 mt--16 last-child-mb-0\"><p>Zapewniamy solidny podr\u0119cznik na temat tworzenia wieloplatformowych i natywnych aplikacji mobilnych. Mo\u017cesz z niego skorzysta\u0107, aby dowiedzie\u0107 si\u0119, kt\u00f3ra z tych technologii jest odpowiednia dla Twojego projektu.<\/p>\n<\/div><a href=\"https:\/\/itcraftapps.com\/pl\/ebook-cross-platform-vs-native-development-kompletny-przewodnik\/\" class=\"btn btn-black btn-lg mt--32\" target=\"_blank\" rel=\"noopener\"><span>Pobierz<\/span><\/a><\/div><\/div><\/div><\/div>\t<\/div>\n<\/section>\n\n<style>\n\t.block-resources-base__list {\n\t\ttransition: all .3s ease-out;\n\t}\n\n\t.block-resources-base__list.loading {\n\t\topacity: 0;\n\t\ttransform: translateY(30px);\n\t}\n<\/style>","protected":false},"excerpt":{"rendered":"","protected":false},"author":1,"featured_media":0,"parent":0,"menu_order":0,"comment_status":"closed","ping_status":"closed","template":"templates\/template-resources.php","meta":{"_acf_changed":false,"inline_featured_image":false,"footnotes":""},"class_list":["post-12937","page","type-page","status-publish"],"acf":[],"yoast_head":"<!-- This site is optimized with the Yoast SEO plugin v25.5 - https:\/\/yoast.com\/wordpress\/plugins\/seo\/ -->\n<title>Zasoby itCraft | Checklisty, e-booki, webinary<\/title>\n<meta name=\"description\" content=\"itCraft \u2b50 Chcesz wiedzie\u0107 wi\u0119cej? \u27a4 Sprawd\u017a nasze dodatkowe materia\u0142y edukacyjne \u27a4 Listy kontrolne, e-booki i webinaria \u27a4 Wszystko od naszych ekspert\u00f3w!\" \/>\n<meta name=\"robots\" content=\"index, follow, max-snippet:-1, max-image-preview:large, max-video-preview:-1\" \/>\n<link rel=\"canonical\" href=\"https:\/\/itcraftapps.com\/pl\/zasoby\/\" \/>\n<meta property=\"og:locale\" content=\"pl_PL\" \/>\n<meta property=\"og:type\" content=\"article\" \/>\n<meta property=\"og:title\" content=\"Zasoby itCraft | Checklisty, e-booki, webinary\" \/>\n<meta property=\"og:description\" content=\"itCraft \u2b50 Chcesz wiedzie\u0107 wi\u0119cej? \u27a4 Sprawd\u017a nasze dodatkowe materia\u0142y edukacyjne \u27a4 Listy kontrolne, e-booki i webinaria \u27a4 Wszystko od naszych ekspert\u00f3w!\" \/>\n<meta property=\"og:url\" content=\"https:\/\/itcraftapps.com\/pl\/zasoby\/\" \/>\n<meta property=\"og:site_name\" content=\"Aplikacje mobilne i webowe dla firm | itCraft\" \/>\n<meta property=\"article:modified_time\" content=\"2024-03-13T09:43:02+00:00\" \/>\n<meta property=\"og:image\" content=\"https:\/\/itcraftapps.com\/pl\/wp-content\/uploads\/sites\/5\/2023\/01\/Main_social_1200x630px.png\" \/>\n\t<meta property=\"og:image:width\" content=\"1200\" \/>\n\t<meta property=\"og:image:height\" content=\"630\" \/>\n\t<meta property=\"og:image:type\" content=\"image\/png\" \/>\n<meta name=\"twitter:card\" content=\"summary_large_image\" \/>\n<!-- \/ Yoast SEO plugin. -->","yoast_head_json":{"title":"Zasoby itCraft | Checklisty, e-booki, webinary","description":"itCraft \u2b50 Chcesz wiedzie\u0107 wi\u0119cej? \u27a4 Sprawd\u017a nasze dodatkowe materia\u0142y edukacyjne \u27a4 Listy kontrolne, e-booki i webinaria \u27a4 Wszystko od naszych ekspert\u00f3w!","robots":{"index":"index","follow":"follow","max-snippet":"max-snippet:-1","max-image-preview":"max-image-preview:large","max-video-preview":"max-video-preview:-1"},"canonical":"https:\/\/itcraftapps.com\/pl\/zasoby\/","og_locale":"pl_PL","og_type":"article","og_title":"Zasoby itCraft | Checklisty, e-booki, webinary","og_description":"itCraft \u2b50 Chcesz wiedzie\u0107 wi\u0119cej? \u27a4 Sprawd\u017a nasze dodatkowe materia\u0142y edukacyjne \u27a4 Listy kontrolne, e-booki i webinaria \u27a4 Wszystko od naszych ekspert\u00f3w!","og_url":"https:\/\/itcraftapps.com\/pl\/zasoby\/","og_site_name":"Aplikacje mobilne i webowe dla firm | itCraft","article_modified_time":"2024-03-13T09:43:02+00:00","og_image":[{"width":1200,"height":630,"url":"https:\/\/itcraftapps.com\/pl\/wp-content\/uploads\/sites\/5\/2023\/01\/Main_social_1200x630px.png","type":"image\/png"}],"twitter_card":"summary_large_image","schema":{"@context":"https:\/\/schema.org","@graph":[{"@type":"WebPage","@id":"https:\/\/itcraftapps.com\/pl\/zasoby\/","url":"https:\/\/itcraftapps.com\/pl\/zasoby\/","name":"Zasoby itCraft | Checklisty, e-booki, webinary","isPartOf":{"@id":"https:\/\/itcraftapps.com\/pl\/#website"},"datePublished":"2021-04-27T08:01:10+00:00","dateModified":"2024-03-13T09:43:02+00:00","description":"itCraft \u2b50 Chcesz wiedzie\u0107 wi\u0119cej? \u27a4 Sprawd\u017a nasze dodatkowe materia\u0142y edukacyjne \u27a4 Listy kontrolne, e-booki i webinaria \u27a4 Wszystko od naszych ekspert\u00f3w!","breadcrumb":{"@id":"https:\/\/itcraftapps.com\/pl\/zasoby\/#breadcrumb"},"inLanguage":"pl-PL","potentialAction":[{"@type":"ReadAction","target":["https:\/\/itcraftapps.com\/pl\/zasoby\/"]}]},{"@type":"BreadcrumbList","@id":"https:\/\/itcraftapps.com\/pl\/zasoby\/#breadcrumb","itemListElement":[{"@type":"ListItem","position":1,"name":"Home","item":"https:\/\/itcraftapps.com\/pl\/"},{"@type":"ListItem","position":2,"name":"Zasoby"}]},{"@type":"WebSite","@id":"https:\/\/itcraftapps.com\/pl\/#website","url":"https:\/\/itcraftapps.com\/pl\/","name":"Aplikacje mobilne i webowe dla firm | itCraft","description":"","potentialAction":[{"@type":"SearchAction","target":{"@type":"EntryPoint","urlTemplate":"https:\/\/itcraftapps.com\/pl\/?s={search_term_string}"},"query-input":{"@type":"PropertyValueSpecification","valueRequired":true,"valueName":"search_term_string"}}],"inLanguage":"pl-PL"}]}},"_links":{"self":[{"href":"https:\/\/itcraftapps.com\/pl\/wp-json\/wp\/v2\/pages\/12937","targetHints":{"allow":["GET"]}}],"collection":[{"href":"https:\/\/itcraftapps.com\/pl\/wp-json\/wp\/v2\/pages"}],"about":[{"href":"https:\/\/itcraftapps.com\/pl\/wp-json\/wp\/v2\/types\/page"}],"author":[{"embeddable":true,"href":"https:\/\/itcraftapps.com\/pl\/wp-json\/wp\/v2\/users\/1"}],"replies":[{"embeddable":true,"href":"https:\/\/itcraftapps.com\/pl\/wp-json\/wp\/v2\/comments?post=12937"}],"version-history":[{"count":0,"href":"https:\/\/itcraftapps.com\/pl\/wp-json\/wp\/v2\/pages\/12937\/revisions"}],"wp:attachment":[{"href":"https:\/\/itcraftapps.com\/pl\/wp-json\/wp\/v2\/media?parent=12937"}],"curies":[{"name":"wp","href":"https:\/\/api.w.org\/{rel}","templated":true}]}}